{"id":313,"date":"2018-09-14T12:25:37","date_gmt":"2018-09-14T12:25:37","guid":{"rendered":"\/?page_id=313"},"modified":"2019-04-18T14:51:55","modified_gmt":"2019-04-18T14:51:55","slug":"karriere","status":"publish","type":"page","link":"https:\/\/burkholz-orthopaedie.de\/?page_id=313","title":{"rendered":"Karriere"},"content":{"rendered":"<p><div class=\"fusion-fullwidth fullwidth-box fusion-builder-row-1 nonhundred-percent-fullwidth non-hundred-percent-height-scrolling\" style=\"--awb-border-radius-top-left:0px;--awb-border-radius-top-right:0px;--awb-border-radius-bottom-right:0px;--awb-border-radius-bottom-left:0px;--awb-flex-wrap:wrap;\" ><div class=\"fusion-builder-row fusion-row\"><div class=\"fusion-layout-column fusion_builder_column fusion-builder-column-0 fusion_builder_column_1_1 1_1 fusion-one-full fusion-column-first fusion-column-last\" style=\"--awb-bg-size:cover;--awb-margin-bottom:0px;\"><div class=\"fusion-column-wrapper fusion-flex-column-wrapper-legacy\"><div class=\"fusion-image-carousel fusion-image-carousel-auto fusion-image-carousel-1 fusion-carousel-border\"><div class=\"awb-carousel awb-swiper awb-swiper-carousel awb-carousel--carousel awb-swiper-dots-position-bottom\" data-layout=\"carousel\" data-autoplay=\"no\" data-autoplayspeed=\"2500\" data-autoplaypause=\"no\" data-loop=\"yes\" data-columns=\"5\" data-columnsmedium=\"1\" data-columnssmall=\"1\" data-itemmargin=\"13\" data-itemwidth=\"180\" data-touchscroll=\"no\" data-freemode=\"no\" data-imagesize=\"auto\" data-scrollitems=\"0\" data-centeredslides=\"no\" data-rotationangle=\"50\" data-depth=\"100\" data-speed=\"500\" data-shadow=\"no\" data-pagination=\"bullets\" style=\"--awb-border-width:1px;--awb-border-color:#e9eaee;\"><div class=\"swiper-wrapper awb-image-carousel-wrapper fusion-flex-align-items-center\"><div class=\"swiper-slide\"><div class=\"fusion-carousel-item-wrapper\"><div class=\"fusion-image-wrapper hover-type-none\"><img decoding=\"async\" width=\"1500\" height=\"469\" src=\"https:\/\/burkholz-orthopaedie.de\/wp-content\/uploads\/2018\/09\/029_Burkholz_karriere.jpg\" class=\"attachment-full size-full\" alt=\"willkommen burkhlolz orthopaedie schuhtechnik \" srcset=\"https:\/\/burkholz-orthopaedie.de\/wp-content\/uploads\/2018\/09\/029_Burkholz_karriere-200x63.jpg 200w, https:\/\/burkholz-orthopaedie.de\/wp-content\/uploads\/2018\/09\/029_Burkholz_karriere-300x94.jpg 300w, https:\/\/burkholz-orthopaedie.de\/wp-content\/uploads\/2018\/09\/029_Burkholz_karriere-400x125.jpg 400w, https:\/\/burkholz-orthopaedie.de\/wp-content\/uploads\/2018\/09\/029_Burkholz_karriere-600x188.jpg 600w, https:\/\/burkholz-orthopaedie.de\/wp-content\/uploads\/2018\/09\/029_Burkholz_karriere-768x240.jpg 768w, https:\/\/burkholz-orthopaedie.de\/wp-content\/uploads\/2018\/09\/029_Burkholz_karriere-800x250.jpg 800w, https:\/\/burkholz-orthopaedie.de\/wp-content\/uploads\/2018\/09\/029_Burkholz_karriere-1024x320.jpg 1024w, https:\/\/burkholz-orthopaedie.de\/wp-content\/uploads\/2018\/09\/029_Burkholz_karriere-1200x375.jpg 1200w, https:\/\/burkholz-orthopaedie.de\/wp-content\/uploads\/2018\/09\/029_Burkholz_karriere.jpg 1500w\" sizes=\"(max-width: 1500px) 100vw, 1500px\" \/><\/div><\/div><\/div><\/div><div class=\"awb-swiper-button awb-swiper-button-prev\"><i class=\"awb-icon-angle-left\" aria-hidden=\"true\"><\/i><\/div><div class=\"awb-swiper-button awb-swiper-button-next\"><i class=\"awb-icon-angle-right\" aria-hidden=\"true\"><\/i><\/div><\/div><\/div><div class=\"fusion-clearfix\"><\/div><\/div><\/div><\/div><\/div><div class=\"fusion-fullwidth fullwidth-box fusion-builder-row-2 nonhundred-percent-fullwidth non-hundred-percent-height-scrolling\" style=\"--awb-border-radius-top-left:0px;--awb-border-radius-top-right:0px;--awb-border-radius-bottom-right:0px;--awb-border-radius-bottom-left:0px;--awb-flex-wrap:wrap;\" ><div class=\"fusion-builder-row fusion-row\"><div class=\"fusion-layout-column fusion_builder_column fusion-builder-column-1 fusion_builder_column_3_4 3_4 fusion-three-fourth fusion-column-first\" style=\"--awb-bg-size:cover;width:75%;width:calc(75% - ( ( 4% ) * 0.75 ) );margin-right: 4%;\"><div class=\"fusion-column-wrapper fusion-flex-column-wrapper-legacy\"><div class=\"fusion-title title fusion-title-1 fusion-sep-none fusion-title-center fusion-title-text fusion-title-size-one\" style=\"--awb-margin-bottom:20px;--awb-margin-top-small:10px;--awb-margin-right-small:0px;--awb-margin-bottom-small:10px;--awb-margin-left-small:0px;\"><h1 class=\"fusion-title-heading title-heading-center\" style=\"margin:0;\"><h3 style=\"text-align: left;\">Karriere &amp; Stellenangebote<\/h3><\/h1><\/div><div class=\"fusion-text fusion-text-1\"><p>\u00dcbergeordneter Text Beispiel: \u201eWir sind ein kleiner, inhabergef\u00fchrter Handwerksbetrieb mit derzeit 4 Mitarbeitern. Wir legen Wert auf gut ausgebildete und hoch motivierte Mitarbeiter!<\/p>\n<\/div><div class=\"fusion-builder-row fusion-builder-row-inner fusion-row\"><div class=\"fusion-layout-column fusion_builder_column_inner fusion-builder-nested-column-0 fusion_builder_column_inner_1_1 1_1 fusion-one-full fusion-column-first fusion-column-last\" style=\"--awb-padding-top:25px;--awb-padding-right:25px;--awb-padding-bottom:25px;--awb-padding-left:25px;--awb-bg-color:rgba(1,130,172,0.08);--awb-bg-color-hover:rgba(1,130,172,0.08);--awb-bg-size:cover;--awb-margin-top:20px;\"><div class=\"fusion-column-wrapper fusion-flex-column-wrapper-legacy\"><div class=\"fusion-title title fusion-title-2 fusion-sep-none fusion-title-center fusion-title-text fusion-title-size-one\" style=\"--awb-margin-top-small:10px;--awb-margin-right-small:0px;--awb-margin-bottom-small:10px;--awb-margin-left-small:0px;\"><h1 class=\"fusion-title-heading title-heading-center\" style=\"margin:0;\"><p style=\"text-align: center;\">Auszubildende<br \/>\nWir suchen DICH zum 01.09.2018!<br \/>\nJetzt bewerben!<\/p><\/h1><\/div><div class=\"fusion-sep-clear\"><\/div><div class=\"fusion-separator fusion-full-width-sep\" style=\"margin-left: auto;margin-right: auto;margin-top:25px;margin-bottom:25px;width:100%;\"><div class=\"fusion-separator-border sep-shadow\" style=\"--awb-height:20px;--awb-amount:20px;--awb-sep-color:#00bcd4;background:radial-gradient(ellipse at 50% -50% , #00bcd4 0px, rgba(255, 255, 255, 0) 80%) repeat scroll 0 0 rgba(0, 0, 0, 0);background:-webkit-radial-gradient(ellipse at 50% -50% , #00bcd4 0px, rgba(255, 255, 255, 0) 80%) repeat scroll 0 0 rgba(0, 0, 0, 0);background:-moz-radial-gradient(ellipse at 50% -50% , #00bcd4 0px, rgba(255, 255, 255, 0) 80%) repeat scroll 0 0 rgba(0, 0, 0, 0);background:-o-radial-gradient(ellipse at 50% -50% , #00bcd4 0px, rgba(255, 255, 255, 0) 80%) repeat scroll 0 0 rgba(0, 0, 0, 0);\"><\/div><\/div><div class=\"fusion-sep-clear\"><\/div><div class=\"fusion-text fusion-text-2\"><h4 style=\"text-align: left;\">Stellenausschreibung<\/h4>\n<p style=\"text-align: left;\">Bau&#8216; dir eine Zukunft als Gesundheitsprofi!<br \/>\nDie aktuelle Stellenausschreibung finden Sie hier!<br \/>\nBitte beachte, dass deine Bewerbungsunterlagen vollst\u00e4ndig sind, d. h. ein Anschreiben, einen Lebenslauf mit Foto und Kopien der letzten drei Schulzeugnisse enthalten.\u00a0 Alles beisammen?<\/p>\n<p style=\"text-align: left;\">Dann schick es an folgende Anschrift:\u00a0 Badtorstra\u00dfe 16 | 71711 Steinheim an der Murr<br \/>\nWenn dir alle Unterlagen in digitaler Form vorliegen, kannst du uns deine Bewerbung gern auch per E-Mail schicken: post@burkolz-orthopaedie.de!<br \/>\nNoch Fragen? Dann ruf uns gerne an unter: 07144 \/ 24835<br \/>\nWir freuen uns auf deine Bewerbung!<\/p>\n<\/div><div class=\"fusion-sep-clear\"><\/div><div class=\"fusion-separator fusion-full-width-sep\" style=\"margin-left: auto;margin-right: auto;margin-top:25px;margin-bottom:25px;width:100%;\"><div class=\"fusion-separator-border sep-shadow\" style=\"--awb-height:20px;--awb-amount:20px;--awb-sep-color:#00bcd4;background:radial-gradient(ellipse at 50% -50% , #00bcd4 0px, rgba(255, 255, 255, 0) 80%) repeat scroll 0 0 rgba(0, 0, 0, 0);background:-webkit-radial-gradient(ellipse at 50% -50% , #00bcd4 0px, rgba(255, 255, 255, 0) 80%) repeat scroll 0 0 rgba(0, 0, 0, 0);background:-moz-radial-gradient(ellipse at 50% -50% , #00bcd4 0px, rgba(255, 255, 255, 0) 80%) repeat scroll 0 0 rgba(0, 0, 0, 0);background:-o-radial-gradient(ellipse at 50% -50% , #00bcd4 0px, rgba(255, 255, 255, 0) 80%) repeat scroll 0 0 rgba(0, 0, 0, 0);\"><\/div><\/div><div class=\"fusion-sep-clear\"><\/div><div class=\"fusion-text fusion-text-3\"><h4>Die Ausbildung als Orthop\u00e4dieschuhmacher<\/h4>\n<p><strong>Empfohlener Schulabschluss:<\/strong> mittlerer Schulabschluss (Realschule)<br \/>\n<strong>Ausbildungsdauer:<\/strong>\u00a0 3,5 Jahre; duale Ausbildung<\/p>\n<p><strong>Die T\u00e4tigkeit im \u00dcberblick:<\/strong><br \/>\nOrthop\u00e4dieschuhmacher\/innen fertigen individuell angepasste orthop\u00e4dische Ma\u00dfschuhe und orthop\u00e4dieschuhtechnische Hilfsmittel wie Einlagen oder Orthesen. Sie passen vorkonfektionierte Ware nach \u00e4rztlichen Verordnungen an und beraten sowie betreuen Kunden und Patienten.<\/p>\n<p><strong>Was du mitbringen solltest:<\/strong><\/p>\n<\/div><ul style=\"--awb-iconcolor:#0182ac;--awb-line-height:23.8px;--awb-icon-width:23.8px;--awb-icon-height:23.8px;--awb-icon-margin:9.8px;--awb-content-margin:33.6px;\" class=\"fusion-checklist fusion-checklist-1 fusion-checklist-default type-icons\"><li class=\"fusion-li-item\" style=\"\"><span class=\"icon-wrapper circle-no\"><i class=\"fusion-li-icon fa-check fas\" aria-hidden=\"true\"><\/i><\/span><div class=\"fusion-li-item-content\">\n<p>Kreativit\u00e4t und handwerkliches Geschick<\/p>\n<\/div><\/li><li class=\"fusion-li-item\" style=\"\"><span class=\"icon-wrapper circle-no\"><i class=\"fusion-li-icon fa-check fas\" aria-hidden=\"true\"><\/i><\/span><div class=\"fusion-li-item-content\">\n<p>F\u00e4higkeit zum konzentrierten und sauberen Arbeiten<\/p>\n<\/div><\/li><li class=\"fusion-li-item\" style=\"\"><span class=\"icon-wrapper circle-no\"><i class=\"fusion-li-icon fa-check fas\" aria-hidden=\"true\"><\/i><\/span><div class=\"fusion-li-item-content\">\n<p>Technisches Verst\u00e4ndnis<\/p>\n<\/div><\/li><li class=\"fusion-li-item\" style=\"\"><span class=\"icon-wrapper circle-no\"><i class=\"fusion-li-icon fa-check fas\" aria-hidden=\"true\"><\/i><\/span><div class=\"fusion-li-item-content\">\n<p>Beobachtungsgenauigkeit<\/p>\n<\/div><\/li><li class=\"fusion-li-item\" style=\"\"><span class=\"icon-wrapper circle-no\"><i class=\"fusion-li-icon fa-check fas\" aria-hidden=\"true\"><\/i><\/span><div class=\"fusion-li-item-content\">\n<p>Eine sorgf\u00e4ltige Arbeitsweise<\/p>\n<\/div><\/li><li class=\"fusion-li-item\" style=\"\"><span class=\"icon-wrapper circle-no\"><i class=\"fusion-li-icon fa-check fas\" aria-hidden=\"true\"><\/i><\/span><div class=\"fusion-li-item-content\">\n<p>Empathie-F\u00e4higkeit (Sensibilit\u00e4t im Umgang mit Kunden)<\/p>\n<\/div><\/li><li class=\"fusion-li-item\" style=\"\"><span class=\"icon-wrapper circle-no\"><i class=\"fusion-li-icon fa-check fas\" aria-hidden=\"true\"><\/i><\/span><div class=\"fusion-li-item-content\">\n<p>Freundliche und h\u00f6fliche Umgangsformen<\/p>\n<\/div><\/li><li class=\"fusion-li-item\" style=\"\"><span class=\"icon-wrapper circle-no\"><i class=\"fusion-li-icon fa-check fas\" aria-hidden=\"true\"><\/i><\/span><div class=\"fusion-li-item-content\">\n<p>Gute kommunikative Kompetenz<\/p>\n<\/div><\/li><li class=\"fusion-li-item\" style=\"\"><span class=\"icon-wrapper circle-no\"><i class=\"fusion-li-icon fa-check fas\" aria-hidden=\"true\"><\/i><\/span><div class=\"fusion-li-item-content\">\n<p>Flexibilit\u00e4t, Belastbarkeit, Teamf\u00e4higkeit<\/p>\n<\/div><\/li><li class=\"fusion-li-item\" style=\"\"><span class=\"icon-wrapper circle-no\"><i class=\"fusion-li-icon fa-check fas\" aria-hidden=\"true\"><\/i><\/span><div class=\"fusion-li-item-content\">\n<p>Spa\u00df am Beraten und Verkaufen<\/p>\n<\/div><\/li><\/ul><div class=\"fusion-sep-clear\"><\/div><div class=\"fusion-separator fusion-full-width-sep\" style=\"margin-left: auto;margin-right: auto;margin-top:25px;margin-bottom:25px;width:100%;\"><div class=\"fusion-separator-border sep-shadow\" style=\"--awb-height:20px;--awb-amount:20px;--awb-sep-color:#00bcd4;background:radial-gradient(ellipse at 50% -50% , #00bcd4 0px, rgba(255, 255, 255, 0) 80%) repeat scroll 0 0 rgba(0, 0, 0, 0);background:-webkit-radial-gradient(ellipse at 50% -50% , #00bcd4 0px, rgba(255, 255, 255, 0) 80%) repeat scroll 0 0 rgba(0, 0, 0, 0);background:-moz-radial-gradient(ellipse at 50% -50% , #00bcd4 0px, rgba(255, 255, 255, 0) 80%) repeat scroll 0 0 rgba(0, 0, 0, 0);background:-o-radial-gradient(ellipse at 50% -50% , #00bcd4 0px, rgba(255, 255, 255, 0) 80%) repeat scroll 0 0 rgba(0, 0, 0, 0);\"><\/div><\/div><div class=\"fusion-sep-clear\"><\/div><div class=\"fusion-text fusion-text-4\"><h4>Links zu noch mehr Informationen<\/h4>\n<ul>\n<li><a href=\"https:\/\/berufenet.arbeitsagentur.de\/berufenet\/bkb\/3497.pdf\" target=\"_blank\" rel=\"noopener\">Steckbrief Orthop\u00e4dieschuhmacher\/in<\/a><\/li>\n<li><a href=\"https:\/\/handwerk.de\/berufsprofile\/orthop%C3%A4dieschuhmacher-in?\" target=\"_blank\" rel=\"noopener\">Berufsprofil von Handwerk.de<\/a><\/li>\n<\/ul>\n<\/div><div class=\"fusion-clearfix\"><\/div><\/div><\/div><\/div><div class=\"fusion-clearfix\"><\/div><\/div><\/div><div class=\"fusion-layout-column fusion_builder_column fusion-builder-column-2 fusion_builder_column_1_4 1_4 fusion-one-fourth fusion-column-last\" style=\"--awb-bg-size:cover;width:25%;width:calc(25% - ( ( 4% ) * 0.25 ) );\"><div class=\"fusion-column-wrapper fusion-flex-column-wrapper-legacy\"><div class=\"fusion-content-boxes content-boxes columns row fusion-columns-1 fusion-columns-total-1 fusion-content-boxes-1 content-boxes-clean-vertical content-left content-boxes-icon-on-top\" style=\"--awb-backgroundcolor:rgba(1,130,172,0.08);--awb-body-color:#000000;--awb-title-color:#0182ac;--awb-margin-top:0px;--awb-margin-bottom:0px;--awb-hover-accent-color:#a0ce4e;--awb-circle-hover-accent-color:#a0ce4e;--awb-item-margin-bottom:40px;\" data-animationOffset=\"top-into-view\"><div style=\"--awb-backgroundcolor:rgba(1,130,172,0.08);border-color:rgba(255,255,255,0);\" class=\"fusion-column content-box-column content-box-column content-box-column-1 col-lg-12 col-md-12 col-sm-12 fusion-content-box-hover content-box-column-last content-box-column-last-in-row\"><div class=\"col content-box-wrapper content-wrapper-background link-area-link-icon icon-hover-animation-fade\" data-animationOffset=\"top-into-view\"><div class=\"heading icon-left\"><h2 class=\"content-box-heading\" style=\"--h2_typography-font-size:18px;line-height:23px;\">Unsere Adresse:<\/h2><\/div><div class=\"fusion-clearfix\"><\/div><div class=\"content-container\">\n<p>Badtorstra\u00dfe 16<br \/>\n71711 Steinheim\/Murr<br \/>\nTel.: 0 71 44 \/ 2 48 35<br \/>\nFax: 0 71 44 \/ 20 94 10<br \/>\n<a href=\"mailto:post@burkholz-orthopaedie.de\">post@burkholz-orthopaedie.de<\/a><\/p>\n<\/div><\/div><\/div><div class=\"fusion-clearfix\"><\/div><\/div><div class=\"fusion-content-boxes content-boxes columns row fusion-columns-1 fusion-columns-total-1 fusion-content-boxes-2 content-boxes-clean-vertical content-left content-boxes-icon-on-top\" style=\"--awb-backgroundcolor:rgba(1,130,172,0.08);--awb-body-color:#000000;--awb-title-color:#0182ac;--awb-margin-top:0px;--awb-margin-bottom:0px;--awb-hover-accent-color:#a0ce4e;--awb-circle-hover-accent-color:#a0ce4e;--awb-item-margin-bottom:40px;\" data-animationOffset=\"top-into-view\"><div style=\"--awb-backgroundcolor:rgba(1,130,172,0.08);border-color:rgba(255,255,255,0);\" class=\"fusion-column content-box-column content-box-column content-box-column-1 col-lg-12 col-md-12 col-sm-12 fusion-content-box-hover content-box-column-last content-box-column-last-in-row\"><div class=\"col content-box-wrapper content-wrapper-background link-area-link-icon icon-hover-animation-fade\" data-animationOffset=\"top-into-view\"><div class=\"heading icon-left\"><h2 class=\"content-box-heading\" style=\"--h2_typography-font-size:18px;line-height:23px;\">Unsere \u00d6ffnungzeiten:<\/h2><\/div><div class=\"fusion-clearfix\"><\/div><div class=\"content-container\">\n<p><strong>Montag \u2013 Freitag<\/strong><br \/>\n08:00 \u2013 12:30 Uhr<br \/>\n14:30 \u2013 18:00 Uhr<br \/>\n<strong>Samstag<\/strong><br \/>\n09:00 \u2013 12:30 Uhr<\/p>\n<p>Mittwochnachmittag geschlossen<br \/>\nTermine nach Vereinbarung<\/p>\n<\/div><\/div><\/div><div class=\"fusion-clearfix\"><\/div><\/div><div class=\"fusion-clearfix\"><\/div><\/div><\/div><\/div><\/div><\/p>\n","protected":false},"excerpt":{"rendered":"","protected":false},"author":1,"featured_media":0,"parent":0,"menu_order":0,"comment_status":"closed","ping_status":"closed","template":"","meta":{"footnotes":""},"class_list":["post-313","page","type-page","status-publish","hentry"],"_links":{"self":[{"href":"https:\/\/burkholz-orthopaedie.de\/index.php?rest_route=\/wp\/v2\/pages\/313","targetHints":{"allow":["GET"]}}],"collection":[{"href":"https:\/\/burkholz-orthopaedie.de\/index.php?rest_route=\/wp\/v2\/pages"}],"about":[{"href":"https:\/\/burkholz-orthopaedie.de\/index.php?rest_route=\/wp\/v2\/types\/page"}],"author":[{"embeddable":true,"href":"https:\/\/burkholz-orthopaedie.de\/index.php?rest_route=\/wp\/v2\/users\/1"}],"replies":[{"embeddable":true,"href":"https:\/\/burkholz-orthopaedie.de\/index.php?rest_route=%2Fwp%2Fv2%2Fcomments&post=313"}],"version-history":[{"count":14,"href":"https:\/\/burkholz-orthopaedie.de\/index.php?rest_route=\/wp\/v2\/pages\/313\/revisions"}],"predecessor-version":[{"id":432,"href":"https:\/\/burkholz-orthopaedie.de\/index.php?rest_route=\/wp\/v2\/pages\/313\/revisions\/432"}],"wp:attachment":[{"href":"https:\/\/burkholz-orthopaedie.de\/index.php?rest_route=%2Fwp%2Fv2%2Fmedia&parent=313"}],"curies":[{"name":"wp","href":"https:\/\/api.w.org\/{rel}","templated":true}]}}