{"id":293,"date":"2018-09-13T16:12:54","date_gmt":"2018-09-13T16:12:54","guid":{"rendered":"\/?page_id=293"},"modified":"2018-12-10T13:42:01","modified_gmt":"2018-12-10T13:42:01","slug":"qualifikationen","status":"publish","type":"page","link":"https:\/\/burkholz-orthopaedie.de\/?page_id=293","title":{"rendered":"Qualifikationen"},"content":{"rendered":"<p><div class=\"fusion-fullwidth fullwidth-box fusion-builder-row-1 nonhundred-percent-fullwidth non-hundred-percent-height-scrolling\" style=\"--awb-border-radius-top-left:0px;--awb-border-radius-top-right:0px;--awb-border-radius-bottom-right:0px;--awb-border-radius-bottom-left:0px;--awb-flex-wrap:wrap;\" ><div class=\"fusion-builder-row fusion-row\"><div class=\"fusion-layout-column fusion_builder_column fusion-builder-column-0 fusion_builder_column_1_1 1_1 fusion-one-full fusion-column-first fusion-column-last\" style=\"--awb-bg-size:cover;--awb-margin-bottom:0px;\"><div class=\"fusion-column-wrapper fusion-flex-column-wrapper-legacy\"><div class=\"fusion-image-carousel fusion-image-carousel-auto fusion-image-carousel-1 fusion-carousel-border\"><div class=\"awb-carousel awb-swiper awb-swiper-carousel awb-carousel--carousel awb-swiper-dots-position-bottom\" data-layout=\"carousel\" data-autoplay=\"no\" data-autoplayspeed=\"2500\" data-autoplaypause=\"no\" data-loop=\"yes\" data-columns=\"5\" data-columnsmedium=\"1\" data-columnssmall=\"1\" data-itemmargin=\"13\" data-itemwidth=\"180\" data-touchscroll=\"no\" data-freemode=\"no\" data-imagesize=\"auto\" data-scrollitems=\"0\" data-centeredslides=\"no\" data-rotationangle=\"50\" data-depth=\"100\" data-speed=\"500\" data-shadow=\"no\" data-pagination=\"bullets\" style=\"--awb-border-width:1px;--awb-border-color:#e9eaee;\"><div class=\"swiper-wrapper awb-image-carousel-wrapper fusion-flex-align-items-center\"><div class=\"swiper-slide\"><div class=\"fusion-carousel-item-wrapper\"><div class=\"fusion-image-wrapper hover-type-none\"><img decoding=\"async\" width=\"1500\" height=\"469\" src=\"https:\/\/burkholz-orthopaedie.de\/wp-content\/uploads\/2018\/09\/017_Burkholz_header.jpg\" class=\"attachment-full size-full\" alt=\"willkommen burkhlolz orthopaedie schuhtechnik \" srcset=\"https:\/\/burkholz-orthopaedie.de\/wp-content\/uploads\/2018\/09\/017_Burkholz_header-200x63.jpg 200w, https:\/\/burkholz-orthopaedie.de\/wp-content\/uploads\/2018\/09\/017_Burkholz_header-300x94.jpg 300w, https:\/\/burkholz-orthopaedie.de\/wp-content\/uploads\/2018\/09\/017_Burkholz_header-400x125.jpg 400w, https:\/\/burkholz-orthopaedie.de\/wp-content\/uploads\/2018\/09\/017_Burkholz_header-600x188.jpg 600w, https:\/\/burkholz-orthopaedie.de\/wp-content\/uploads\/2018\/09\/017_Burkholz_header-768x240.jpg 768w, https:\/\/burkholz-orthopaedie.de\/wp-content\/uploads\/2018\/09\/017_Burkholz_header-800x250.jpg 800w, https:\/\/burkholz-orthopaedie.de\/wp-content\/uploads\/2018\/09\/017_Burkholz_header-1024x320.jpg 1024w, https:\/\/burkholz-orthopaedie.de\/wp-content\/uploads\/2018\/09\/017_Burkholz_header-1200x375.jpg 1200w, https:\/\/burkholz-orthopaedie.de\/wp-content\/uploads\/2018\/09\/017_Burkholz_header.jpg 1500w\" sizes=\"(max-width: 1500px) 100vw, 1500px\" \/><\/div><\/div><\/div><\/div><div class=\"awb-swiper-button awb-swiper-button-prev\"><i class=\"awb-icon-angle-left\" aria-hidden=\"true\"><\/i><\/div><div class=\"awb-swiper-button awb-swiper-button-next\"><i class=\"awb-icon-angle-right\" aria-hidden=\"true\"><\/i><\/div><\/div><\/div><div class=\"fusion-clearfix\"><\/div><\/div><\/div><\/div><\/div><div class=\"fusion-fullwidth fullwidth-box fusion-builder-row-2 nonhundred-percent-fullwidth non-hundred-percent-height-scrolling\" style=\"--awb-border-radius-top-left:0px;--awb-border-radius-top-right:0px;--awb-border-radius-bottom-right:0px;--awb-border-radius-bottom-left:0px;--awb-flex-wrap:wrap;\" ><div class=\"fusion-builder-row fusion-row\"><div class=\"fusion-layout-column fusion_builder_column fusion-builder-column-1 fusion_builder_column_3_4 3_4 fusion-three-fourth fusion-column-first\" style=\"--awb-bg-size:cover;width:75%;width:calc(75% - ( ( 4% ) * 0.75 ) );margin-right: 4%;\"><div class=\"fusion-column-wrapper fusion-flex-column-wrapper-legacy\"><div class=\"fusion-title title fusion-title-1 fusion-sep-none fusion-title-center fusion-title-text fusion-title-size-one\" style=\"--awb-margin-bottom:20px;--awb-margin-top-small:10px;--awb-margin-right-small:0px;--awb-margin-bottom-small:10px;--awb-margin-left-small:0px;\"><h1 class=\"fusion-title-heading title-heading-center\" style=\"margin:0;\"><h3 style=\"text-align: left;\">Qualifikationen<\/h3><\/h1><\/div><div class=\"fusion-text fusion-text-1\"><p>Wir legen Wert auf eine umfassende Aus- und Weiterbildung unserer Mitarbeiter! Fortbildung wird in unserem Team gro\u00df geschrieben! Ob Kompression oder Lymphologie, ob Arbeitssicherheit oder Sportschuhzurichtung \u2013 jede neue Entwicklung wird von uns erlernt.<\/p>\n<\/div><div class=\"fusion-sep-clear\"><\/div><div class=\"fusion-separator fusion-full-width-sep\" style=\"margin-left: auto;margin-right: auto;margin-top:20px;margin-bottom:30px;width:100%;\"><div class=\"fusion-separator-border sep-shadow\" style=\"--awb-height:20px;--awb-amount:20px;--awb-sep-color:rgba(1,130,172,0.25);background:radial-gradient(ellipse at 50% -50% , rgba(1,130,172,0.25) 0px, rgba(255, 255, 255, 0) 80%) repeat scroll 0 0 rgba(0, 0, 0, 0);background:-webkit-radial-gradient(ellipse at 50% -50% , rgba(1,130,172,0.25) 0px, rgba(255, 255, 255, 0) 80%) repeat scroll 0 0 rgba(0, 0, 0, 0);background:-moz-radial-gradient(ellipse at 50% -50% , rgba(1,130,172,0.25) 0px, rgba(255, 255, 255, 0) 80%) repeat scroll 0 0 rgba(0, 0, 0, 0);background:-o-radial-gradient(ellipse at 50% -50% , rgba(1,130,172,0.25) 0px, rgba(255, 255, 255, 0) 80%) repeat scroll 0 0 rgba(0, 0, 0, 0);\"><\/div><\/div><div class=\"fusion-sep-clear\"><\/div><div class=\"fusion-title title fusion-title-2 fusion-sep-none fusion-title-center fusion-title-text fusion-title-size-one\" style=\"--awb-margin-bottom:20px;--awb-margin-top-small:10px;--awb-margin-right-small:0px;--awb-margin-bottom-small:10px;--awb-margin-left-small:0px;\"><h1 class=\"fusion-title-heading title-heading-center\" style=\"margin:0;\"><h3 style=\"text-align: left;\">Hier unsere Weiterbildungsma\u00dfnahmen:<\/h3><\/h1><\/div>\n<div class=\"table-2\">\n<table width=\"100%\">\n<thead>\n<tr>\n<th align=\"left\">Unsere Qualifikationen<\/th>\n<th align=\"left\"><\/th>\n<\/tr>\n<\/thead>\n<tbody>\n<tr>\n<td align=\"left\">\n<h4><strong>2018<\/strong><\/h4>\n<\/td>\n<td align=\"left\"><\/td>\n<\/tr>\n<tr>\n<td align=\"left\">Nov 2018<\/td>\n<td align=\"left\">Medizinproduktgesetz Aichach<\/td>\n<\/tr>\n<tr>\n<td align=\"left\">Nov 2018<\/td>\n<td align=\"left\">Lymphologie Basis Aichach<\/td>\n<\/tr>\n<tr>\n<td align=\"left\">Okt 2018<\/td>\n<td align=\"left\">Lip\u00f6dem Workshop Stuttgart<\/td>\n<\/tr>\n<tr>\n<td align=\"left\">April 2018<\/td>\n<td align=\"left\">7. Berliner Lymphsymposium Berlin<\/td>\n<\/tr>\n<tr>\n<td align=\"left\">M\u00e4rz 2018<\/td>\n<td align=\"left\">Lymphologie Refresher Workshop \u00a0Aalen<\/td>\n<\/tr>\n<tr>\n<td align=\"left\">M\u00e4rz 2018<\/td>\n<td align=\"left\">Phlebologie Aufbauseminar Stuttgart<\/td>\n<\/tr>\n<tr>\n<td align=\"left\">Feb 2018<\/td>\n<td align=\"left\">Rechtliche Rahmenbedingungen Erfurt<\/td>\n<\/tr>\n<tr>\n<td align=\"left\">\n<h4><strong>2017<\/strong><\/h4>\n<\/td>\n<td align=\"left\"><\/td>\n<\/tr>\n<tr>\n<td align=\"left\">Sept. 2017<\/td>\n<td align=\"left\">Effektive ulcus cruris Versorgung Stuttgart<\/td>\n<\/tr>\n<tr>\n<td align=\"left\">Juni 2017<\/td>\n<td align=\"left\">Bandagen und Orthesen obere Extremit\u00e4ten und R\u00fccken N\u00fcrnberg<\/td>\n<\/tr>\n<tr>\n<td align=\"left\">April 2017<\/td>\n<td align=\"left\">6. Berliner Lymphsymposium Berlin<\/td>\n<\/tr>\n<tr>\n<td align=\"left\">M\u00e4rz 2017<\/td>\n<td align=\"left\">Rechtliche Rahmenbedingungen D\u00fcsseldorf<\/td>\n<\/tr>\n<tr>\n<td align=\"left\">\n<h4><strong>2016<\/strong><\/h4>\n<\/td>\n<td align=\"left\"><\/td>\n<\/tr>\n<tr>\n<td align=\"left\">Juni 2016<\/td>\n<td align=\"left\">Lymphologie Aufbauseminar Aichach<\/td>\n<\/tr>\n<tr>\n<td align=\"left\">April 2016<\/td>\n<td align=\"left\">Rechtliche Rahmenbedingungen Hamburg<\/td>\n<\/tr>\n<tr>\n<td align=\"left\">\n<h4><strong>2015<\/strong><\/h4>\n<\/td>\n<td align=\"left\"><\/td>\n<\/tr>\n<tr>\n<td align=\"left\">Dez. 2015<\/td>\n<td align=\"left\">Postoperative Narbenkompression Langen<\/td>\n<\/tr>\n<tr>\n<td align=\"left\">\n<h4><strong>2014<\/strong><\/h4>\n<\/td>\n<td align=\"left\"><\/td>\n<\/tr>\n<tr>\n<td align=\"left\">28. &amp; 29. 11.2014<\/td>\n<td align=\"left\">\u201eLymphsymposium\u201c in Fulda<\/td>\n<\/tr>\n<tr>\n<td align=\"left\">20. &amp; 21. 10. 2014<\/td>\n<td align=\"left\">\u201eLymphseminar\u201c in Bamberg<\/td>\n<\/tr>\n<tr>\n<td align=\"left\">13. \u2013 15. 05.2014<\/td>\n<td align=\"left\">Weltkongress in Leipzig<\/td>\n<\/tr>\n<tr>\n<td align=\"left\">07.05.2014<\/td>\n<td align=\"left\">\u201eLymphologie Basisseminar\u201c in Stuttgart<\/td>\n<\/tr>\n<tr>\n<td align=\"left\">29.03.2014<\/td>\n<td align=\"left\">\u201eLymphsymposium\u201c in Berlin<\/td>\n<\/tr>\n<tr>\n<td align=\"left\">\n<h4><strong>2013<\/strong><\/h4>\n<\/td>\n<td align=\"left\"><\/td>\n<\/tr>\n<tr>\n<td align=\"left\">25.05.2013<\/td>\n<td align=\"left\">\u201eLymphsymposium\u201c im St. Joseph Hospital Bochum<\/td>\n<\/tr>\n<tr>\n<td align=\"left\">05.03.2013<\/td>\n<td align=\"left\">\u201eRechtliche Grundlagen in der Hilfsmittelversorgung\u201c<\/td>\n<\/tr>\n<tr>\n<td align=\"left\">05.02.2013<\/td>\n<td align=\"left\">\u201eUlcus cruris Versorgung mir med. Kompressionsstr\u00fcmpfen\u201c in Aalen<\/td>\n<\/tr>\n<tr>\n<td align=\"left\">\n<h4><strong>2012<\/strong><\/h4>\n<\/td>\n<td align=\"left\"><\/td>\n<\/tr>\n<tr>\n<td align=\"left\">23. &amp; 24.11.2012<\/td>\n<td align=\"left\">\u201eLymphsymposium\u201c G\u00f6ttingen<\/td>\n<\/tr>\n<tr>\n<td align=\"left\">06.11.2012<\/td>\n<td align=\"left\">\u201eAufbauseminar Phlebologie\u201c Berlin<\/td>\n<\/tr>\n<tr>\n<td align=\"left\">11.07.2012<\/td>\n<td align=\"left\">\u201eLymphologie Expert Seminar\u201c Aichach<\/td>\n<\/tr>\n<tr>\n<td align=\"left\">16. &amp; 17. 05. 2012<\/td>\n<td align=\"left\">Weltkongress Leipzig<\/td>\n<\/tr>\n<tr>\n<td align=\"left\">26.04.2012<\/td>\n<td align=\"left\">\u201eBasisseminar Phlebologie\u201c<\/td>\n<\/tr>\n<tr>\n<td align=\"left\">24. &amp; 25. 04.2012<\/td>\n<td align=\"left\">\u201eFachseminar Lymphologie\u201c in der F\u00f6ldiklinik Hinterzarten<\/td>\n<\/tr>\n<tr>\n<td align=\"left\">18.04.2012<\/td>\n<td align=\"left\">\u201eFachseminar Phlebologie\u201c In House Schulung<\/td>\n<\/tr>\n<tr>\n<td align=\"left\">\n<h4><strong>2011<\/strong><\/h4>\n<\/td>\n<td align=\"left\"><\/td>\n<\/tr>\n<tr>\n<td align=\"left\">20.10.2011<\/td>\n<td align=\"left\">\u201eLymphologie Refresher Workshop\u201c Freiburg<\/td>\n<\/tr>\n<tr>\n<td align=\"left\">16.02.2011<\/td>\n<td align=\"left\">\u201eFachseminar Lymphologie\u201c Bamberg<\/td>\n<\/tr>\n<\/tbody>\n<\/table>\n<\/div>\n<div class=\"fusion-clearfix\"><\/div><\/div><\/div><div class=\"fusion-layout-column fusion_builder_column fusion-builder-column-2 fusion_builder_column_1_4 1_4 fusion-one-fourth fusion-column-last\" style=\"--awb-bg-size:cover;width:25%;width:calc(25% - ( ( 4% ) * 0.25 ) );\"><div class=\"fusion-column-wrapper fusion-flex-column-wrapper-legacy\"><div class=\"fusion-content-boxes content-boxes columns row fusion-columns-1 fusion-columns-total-1 fusion-content-boxes-1 content-boxes-clean-vertical content-left content-boxes-icon-on-top\" style=\"--awb-backgroundcolor:rgba(1,130,172,0.08);--awb-body-color:#000000;--awb-title-color:#0182ac;--awb-margin-top:0px;--awb-margin-bottom:0px;--awb-hover-accent-color:#a0ce4e;--awb-circle-hover-accent-color:#a0ce4e;--awb-item-margin-bottom:40px;\" data-animationOffset=\"top-into-view\"><div style=\"--awb-backgroundcolor:rgba(1,130,172,0.08);border-color:rgba(255,255,255,0);\" class=\"fusion-column content-box-column content-box-column content-box-column-1 col-lg-12 col-md-12 col-sm-12 fusion-content-box-hover content-box-column-last content-box-column-last-in-row\"><div class=\"col content-box-wrapper content-wrapper-background link-area-link-icon icon-hover-animation-fade\" data-animationOffset=\"top-into-view\"><div class=\"heading icon-left\"><h2 class=\"content-box-heading\" style=\"--h2_typography-font-size:18px;line-height:23px;\">Unsere Adresse:<\/h2><\/div><div class=\"fusion-clearfix\"><\/div><div class=\"content-container\">\n<p>Badtorstra\u00dfe 16<br \/>\n71711 Steinheim\/Murr<br \/>\nTel.: 0 71 44 \/ 2 48 35<br \/>\nFax: 0 71 44 \/ 20 94 10<br \/>\n<a href=\"mailto:post@burkholz-orthopaedie.de\">post@burkholz-orthopaedie.de<\/a><\/p>\n<\/div><\/div><\/div><div class=\"fusion-clearfix\"><\/div><\/div><div class=\"fusion-content-boxes content-boxes columns row fusion-columns-1 fusion-columns-total-1 fusion-content-boxes-2 content-boxes-clean-vertical content-left content-boxes-icon-on-top\" style=\"--awb-backgroundcolor:rgba(1,130,172,0.08);--awb-body-color:#000000;--awb-title-color:#0182ac;--awb-margin-top:0px;--awb-margin-bottom:0px;--awb-hover-accent-color:#a0ce4e;--awb-circle-hover-accent-color:#a0ce4e;--awb-item-margin-bottom:40px;\" data-animationOffset=\"top-into-view\"><div style=\"--awb-backgroundcolor:rgba(1,130,172,0.08);border-color:rgba(255,255,255,0);\" class=\"fusion-column content-box-column content-box-column content-box-column-1 col-lg-12 col-md-12 col-sm-12 fusion-content-box-hover content-box-column-last content-box-column-last-in-row\"><div class=\"col content-box-wrapper content-wrapper-background link-area-link-icon icon-hover-animation-fade\" data-animationOffset=\"top-into-view\"><div class=\"heading icon-left\"><h2 class=\"content-box-heading\" style=\"--h2_typography-font-size:18px;line-height:23px;\">Unsere \u00d6ffnungzeiten:<\/h2><\/div><div class=\"fusion-clearfix\"><\/div><div class=\"content-container\">\n<p><strong>Montag \u2013 Freitag<\/strong><br \/>\n08:00 \u2013 12:30 Uhr<br \/>\n14:30 \u2013 18:00 Uhr<br \/>\n<strong>Samstag<\/strong><br \/>\n09:00 \u2013 12:30 Uhr<\/p>\n<p>Mittwochnachmittag geschlossen<br \/>\nTermine nach Vereinbarung<\/p>\n<\/div><\/div><\/div><div class=\"fusion-clearfix\"><\/div><\/div><div class=\"fusion-clearfix\"><\/div><\/div><\/div><\/div><\/div><\/p>\n","protected":false},"excerpt":{"rendered":"","protected":false},"author":1,"featured_media":0,"parent":0,"menu_order":0,"comment_status":"closed","ping_status":"closed","template":"","meta":{"footnotes":""},"class_list":["post-293","page","type-page","status-publish","hentry"],"_links":{"self":[{"href":"https:\/\/burkholz-orthopaedie.de\/index.php?rest_route=\/wp\/v2\/pages\/293","targetHints":{"allow":["GET"]}}],"collection":[{"href":"https:\/\/burkholz-orthopaedie.de\/index.php?rest_route=\/wp\/v2\/pages"}],"about":[{"href":"https:\/\/burkholz-orthopaedie.de\/index.php?rest_route=\/wp\/v2\/types\/page"}],"author":[{"embeddable":true,"href":"https:\/\/burkholz-orthopaedie.de\/index.php?rest_route=\/wp\/v2\/users\/1"}],"replies":[{"embeddable":true,"href":"https:\/\/burkholz-orthopaedie.de\/index.php?rest_route=%2Fwp%2Fv2%2Fcomments&post=293"}],"version-history":[{"count":32,"href":"https:\/\/burkholz-orthopaedie.de\/index.php?rest_route=\/wp\/v2\/pages\/293\/revisions"}],"predecessor-version":[{"id":426,"href":"https:\/\/burkholz-orthopaedie.de\/index.php?rest_route=\/wp\/v2\/pages\/293\/revisions\/426"}],"wp:attachment":[{"href":"https:\/\/burkholz-orthopaedie.de\/index.php?rest_route=%2Fwp%2Fv2%2Fmedia&parent=293"}],"curies":[{"name":"wp","href":"https:\/\/api.w.org\/{rel}","templated":true}]}}