{"id":275,"date":"2018-09-13T15:43:15","date_gmt":"2018-09-13T15:43:15","guid":{"rendered":"\/?page_id=275"},"modified":"2018-12-10T13:50:14","modified_gmt":"2018-12-10T13:50:14","slug":"ueber-uns","status":"publish","type":"page","link":"https:\/\/burkholz-orthopaedie.de\/?page_id=275","title":{"rendered":"\u00dcber Uns"},"content":{"rendered":"<p><div class=\"fusion-fullwidth fullwidth-box fusion-builder-row-1 nonhundred-percent-fullwidth non-hundred-percent-height-scrolling\" style=\"--awb-border-radius-top-left:0px;--awb-border-radius-top-right:0px;--awb-border-radius-bottom-right:0px;--awb-border-radius-bottom-left:0px;--awb-flex-wrap:wrap;\" ><div class=\"fusion-builder-row fusion-row\"><div class=\"fusion-layout-column fusion_builder_column fusion-builder-column-0 fusion_builder_column_1_1 1_1 fusion-one-full fusion-column-first fusion-column-last\" style=\"--awb-bg-size:cover;--awb-margin-bottom:0px;\"><div class=\"fusion-column-wrapper fusion-flex-column-wrapper-legacy\"><div class=\"fusion-image-carousel fusion-image-carousel-auto fusion-image-carousel-1 fusion-carousel-border\"><div class=\"awb-carousel awb-swiper awb-swiper-carousel awb-carousel--carousel awb-swiper-dots-position-bottom\" data-layout=\"carousel\" data-autoplay=\"no\" data-autoplayspeed=\"2500\" data-autoplaypause=\"no\" data-loop=\"yes\" data-columns=\"5\" data-columnsmedium=\"1\" data-columnssmall=\"1\" data-itemmargin=\"13\" data-itemwidth=\"180\" data-touchscroll=\"no\" data-freemode=\"no\" data-imagesize=\"auto\" data-scrollitems=\"0\" data-centeredslides=\"no\" data-rotationangle=\"50\" data-depth=\"100\" data-speed=\"500\" data-shadow=\"no\" data-pagination=\"bullets\" style=\"--awb-border-width:1px;--awb-border-color:#e9eaee;\"><div class=\"swiper-wrapper awb-image-carousel-wrapper fusion-flex-align-items-center\"><div class=\"swiper-slide\"><div class=\"fusion-carousel-item-wrapper\"><div class=\"fusion-image-wrapper hover-type-none\"><img decoding=\"async\" width=\"1500\" height=\"469\" src=\"https:\/\/burkholz-orthopaedie.de\/wp-content\/uploads\/2018\/09\/017_Burkholz_header.jpg\" class=\"attachment-full size-full\" alt=\"willkommen burkhlolz orthopaedie schuhtechnik \" srcset=\"https:\/\/burkholz-orthopaedie.de\/wp-content\/uploads\/2018\/09\/017_Burkholz_header-200x63.jpg 200w, https:\/\/burkholz-orthopaedie.de\/wp-content\/uploads\/2018\/09\/017_Burkholz_header-300x94.jpg 300w, https:\/\/burkholz-orthopaedie.de\/wp-content\/uploads\/2018\/09\/017_Burkholz_header-400x125.jpg 400w, https:\/\/burkholz-orthopaedie.de\/wp-content\/uploads\/2018\/09\/017_Burkholz_header-600x188.jpg 600w, https:\/\/burkholz-orthopaedie.de\/wp-content\/uploads\/2018\/09\/017_Burkholz_header-768x240.jpg 768w, https:\/\/burkholz-orthopaedie.de\/wp-content\/uploads\/2018\/09\/017_Burkholz_header-800x250.jpg 800w, https:\/\/burkholz-orthopaedie.de\/wp-content\/uploads\/2018\/09\/017_Burkholz_header-1024x320.jpg 1024w, https:\/\/burkholz-orthopaedie.de\/wp-content\/uploads\/2018\/09\/017_Burkholz_header-1200x375.jpg 1200w, https:\/\/burkholz-orthopaedie.de\/wp-content\/uploads\/2018\/09\/017_Burkholz_header.jpg 1500w\" sizes=\"(max-width: 1500px) 100vw, 1500px\" \/><\/div><\/div><\/div><\/div><div class=\"awb-swiper-button awb-swiper-button-prev\"><i class=\"awb-icon-angle-left\" aria-hidden=\"true\"><\/i><\/div><div class=\"awb-swiper-button awb-swiper-button-next\"><i class=\"awb-icon-angle-right\" aria-hidden=\"true\"><\/i><\/div><\/div><\/div><div class=\"fusion-clearfix\"><\/div><\/div><\/div><\/div><\/div><div class=\"fusion-fullwidth fullwidth-box fusion-builder-row-2 nonhundred-percent-fullwidth non-hundred-percent-height-scrolling\" style=\"--awb-border-radius-top-left:0px;--awb-border-radius-top-right:0px;--awb-border-radius-bottom-right:0px;--awb-border-radius-bottom-left:0px;--awb-flex-wrap:wrap;\" ><div class=\"fusion-builder-row fusion-row\"><div class=\"fusion-layout-column fusion_builder_column fusion-builder-column-1 fusion_builder_column_3_4 3_4 fusion-three-fourth fusion-column-first\" style=\"--awb-bg-size:cover;width:75%;width:calc(75% - ( ( 4% ) * 0.75 ) );margin-right: 4%;\"><div class=\"fusion-column-wrapper fusion-flex-column-wrapper-legacy\"><div class=\"fusion-title title fusion-title-1 fusion-sep-none fusion-title-center fusion-title-text fusion-title-size-one\" style=\"--awb-margin-bottom:20px;--awb-margin-top-small:10px;--awb-margin-right-small:0px;--awb-margin-bottom-small:10px;--awb-margin-left-small:0px;\"><h1 class=\"fusion-title-heading title-heading-center\" style=\"margin:0;\"><h3 style=\"text-align: left;\">\u00dcber Uns<\/h3><\/h1><\/div><div class=\"fusion-text fusion-text-1\"><p>Die Firma Orthop\u00e4die-Schuhtechnik Burkholz, inzwischen in der zweiten Generation, wurde im Oktober 1982 in Steinheim an der Murr gegr\u00fcndet. Zuerst befand sich der Betrieb am Marktplatz, doch bald wurden die R\u00e4umlichkeiten zu klein und es fand der Umzug ins heutige Domizil statt. Besch\u00e4ftigt sind neben den drei Angestellten f\u00fcr Verkauf und Kompressionsversorgung der Orthop\u00e4die-Schuhmacher-Meister Markus Burkholz. In unserer Werkstatt erstellen wir in reiner Handarbeit orthop\u00e4dische Ma\u00dfschuhe und passende Einlagen. F\u00fcr diese \u201eMeisterleistung\u201c nehmen wir und gerne viel Zeit f\u00fcr Sie.<\/p>\n<p><strong>Testen Sie uns \u2013 kommen Sie bei uns vorbei! Wir freuen uns auf Ihren Besuch!<\/strong><\/p>\n<\/div><div class=\"fusion-sep-clear\"><\/div><div class=\"fusion-separator fusion-full-width-sep\" style=\"margin-left: auto;margin-right: auto;margin-top:20px;margin-bottom:30px;width:100%;\"><div class=\"fusion-separator-border sep-shadow\" style=\"--awb-height:20px;--awb-amount:20px;--awb-sep-color:rgba(1,130,172,0.25);background:radial-gradient(ellipse at 50% -50% , rgba(1,130,172,0.25) 0px, rgba(255, 255, 255, 0) 80%) repeat scroll 0 0 rgba(0, 0, 0, 0);background:-webkit-radial-gradient(ellipse at 50% -50% , rgba(1,130,172,0.25) 0px, rgba(255, 255, 255, 0) 80%) repeat scroll 0 0 rgba(0, 0, 0, 0);background:-moz-radial-gradient(ellipse at 50% -50% , rgba(1,130,172,0.25) 0px, rgba(255, 255, 255, 0) 80%) repeat scroll 0 0 rgba(0, 0, 0, 0);background:-o-radial-gradient(ellipse at 50% -50% , rgba(1,130,172,0.25) 0px, rgba(255, 255, 255, 0) 80%) repeat scroll 0 0 rgba(0, 0, 0, 0);\"><\/div><\/div><div class=\"fusion-sep-clear\"><\/div><div class=\"fusion-title title fusion-title-2 fusion-sep-none fusion-title-center fusion-title-text fusion-title-size-one\" style=\"--awb-margin-bottom:20px;--awb-margin-top-small:10px;--awb-margin-right-small:0px;--awb-margin-bottom-small:10px;--awb-margin-left-small:0px;\"><h1 class=\"fusion-title-heading title-heading-center\" style=\"margin:0;\"><h3 style=\"text-align: left;\">Ihr qualifiziertes Betreuer-Team bei Burkholz<\/h3><\/h1><\/div><div class=\"fusion-builder-row fusion-builder-row-inner fusion-row\"><div class=\"fusion-layout-column fusion_builder_column_inner fusion-builder-nested-column-0 fusion_builder_column_inner_1_3 1_3 fusion-one-third fusion-column-first\" style=\"--awb-padding-top:10px;--awb-padding-right:10px;--awb-padding-bottom:10px;--awb-padding-left:10px;--awb-bg-color:#ebf5f9;--awb-bg-color-hover:#ebf5f9;--awb-bg-size:cover;width:33.333333333333%;width:calc(33.333333333333% - ( ( 4% + 4% ) * 0.33333333333333 ) );margin-right: 4%;\"><div class=\"fusion-column-wrapper fusion-flex-column-wrapper-legacy\"><div class=\"fusion-image-element fusion-image-align-center in-legacy-container\" style=\"text-align:center;--awb-caption-title-font-family:var(--h2_typography-font-family);--awb-caption-title-font-weight:var(--h2_typography-font-weight);--awb-caption-title-font-style:var(--h2_typography-font-style);--awb-caption-title-size:var(--h2_typography-font-size);--awb-caption-title-transform:var(--h2_typography-text-transform);--awb-caption-title-line-height:var(--h2_typography-line-height);--awb-caption-title-letter-spacing:var(--h2_typography-letter-spacing);\"><div class=\"imageframe-align-center\"><span class=\" fusion-imageframe imageframe-none imageframe-1 hover-type-none\" style=\"border:10px solid #ebf5f9;\"><img decoding=\"async\" width=\"250\" height=\"300\" title=\"027_Burkholz_team\" src=\"\/wp-content\/uploads\/2018\/09\/027_Burkholz_team-250x300.jpg\" alt class=\"img-responsive wp-image-279\" srcset=\"https:\/\/burkholz-orthopaedie.de\/wp-content\/uploads\/2018\/09\/027_Burkholz_team-200x240.jpg 200w, https:\/\/burkholz-orthopaedie.de\/wp-content\/uploads\/2018\/09\/027_Burkholz_team.jpg 250w\" sizes=\"(max-width: 800px) 100vw, 250px\" \/><\/span><\/div><\/div><div class=\"fusion-text fusion-text-2\"><p style=\"text-align: center;\"><strong>Markus Burkholz<\/strong><\/p>\n<p style=\"text-align: center;\">Orthop\u00e4die-Schuhmachermeister, Inhaber<\/p>\n<\/div><div class=\"fusion-clearfix\"><\/div><\/div><\/div><div class=\"fusion-layout-column fusion_builder_column_inner fusion-builder-nested-column-1 fusion_builder_column_inner_1_3 1_3 fusion-one-third\" style=\"--awb-padding-top:10px;--awb-padding-right:10px;--awb-padding-bottom:10px;--awb-padding-left:10px;--awb-bg-color:#ebf5f9;--awb-bg-color-hover:#ebf5f9;--awb-bg-size:cover;width:33.333333333333%;width:calc(33.333333333333% - ( ( 4% + 4% ) * 0.33333333333333 ) );margin-right: 4%;\"><div class=\"fusion-column-wrapper fusion-flex-column-wrapper-legacy\"><div class=\"fusion-image-element fusion-image-align-center in-legacy-container\" style=\"text-align:center;--awb-caption-title-font-family:var(--h2_typography-font-family);--awb-caption-title-font-weight:var(--h2_typography-font-weight);--awb-caption-title-font-style:var(--h2_typography-font-style);--awb-caption-title-size:var(--h2_typography-font-size);--awb-caption-title-transform:var(--h2_typography-text-transform);--awb-caption-title-line-height:var(--h2_typography-line-height);--awb-caption-title-letter-spacing:var(--h2_typography-letter-spacing);\"><div class=\"imageframe-align-center\"><span class=\" fusion-imageframe imageframe-none imageframe-2 hover-type-none\" style=\"border:10px solid #ebf5f9;\"><img decoding=\"async\" width=\"250\" height=\"300\" title=\"028_Burkholz_team\" src=\"\/wp-content\/uploads\/2018\/09\/028_Burkholz_team-250x300.jpg\" alt class=\"img-responsive wp-image-280\" srcset=\"https:\/\/burkholz-orthopaedie.de\/wp-content\/uploads\/2018\/09\/028_Burkholz_team-200x240.jpg 200w, https:\/\/burkholz-orthopaedie.de\/wp-content\/uploads\/2018\/09\/028_Burkholz_team.jpg 250w\" sizes=\"(max-width: 800px) 100vw, 250px\" \/><\/span><\/div><\/div><div class=\"fusion-text fusion-text-3\"><p style=\"text-align: center;\"><strong>Spartacus<\/strong><\/p>\n<p style=\"text-align: center;\">Kampfschmuser, Firmenhund und gute Seele der Firma<\/p>\n<\/div><div class=\"fusion-clearfix\"><\/div><\/div><\/div><div class=\"fusion-layout-column fusion_builder_column_inner fusion-builder-nested-column-2 fusion_builder_column_inner_1_3 1_3 fusion-one-third fusion-column-last\" style=\"--awb-padding-top:10px;--awb-padding-right:10px;--awb-padding-bottom:10px;--awb-padding-left:10px;--awb-bg-color:#ebf5f9;--awb-bg-color-hover:#ebf5f9;--awb-bg-size:cover;width:33.333333333333%;width:calc(33.333333333333% - ( ( 4% + 4% ) * 0.33333333333333 ) );\"><div class=\"fusion-column-wrapper fusion-flex-column-wrapper-legacy\"><div class=\"fusion-image-element fusion-image-align-center in-legacy-container\" style=\"text-align:center;--awb-caption-title-font-family:var(--h2_typography-font-family);--awb-caption-title-font-weight:var(--h2_typography-font-weight);--awb-caption-title-font-style:var(--h2_typography-font-style);--awb-caption-title-size:var(--h2_typography-font-size);--awb-caption-title-transform:var(--h2_typography-text-transform);--awb-caption-title-line-height:var(--h2_typography-line-height);--awb-caption-title-letter-spacing:var(--h2_typography-letter-spacing);\"><div class=\"imageframe-align-center\"><span class=\" fusion-imageframe imageframe-none imageframe-3 hover-type-none\" style=\"border:10px solid #ebf5f9;\"><img decoding=\"async\" width=\"250\" height=\"300\" title=\"022_Burkholz_kaiser\" src=\"\/wp-content\/uploads\/2018\/09\/022_Burkholz_kaiser-250x300.jpg\" alt class=\"img-responsive wp-image-220\" srcset=\"https:\/\/burkholz-orthopaedie.de\/wp-content\/uploads\/2018\/09\/022_Burkholz_kaiser-200x240.jpg 200w, https:\/\/burkholz-orthopaedie.de\/wp-content\/uploads\/2018\/09\/022_Burkholz_kaiser.jpg 250w\" sizes=\"(max-width: 800px) 100vw, 250px\" \/><\/span><\/div><\/div><div class=\"fusion-text fusion-text-4\"><p style=\"text-align: center;\"><strong>Claudia Kaiser<br \/>\n<\/strong><\/p>\n<p style=\"text-align: center;\">Fachberaterin f\u00fcr Kompressionsversorgungen Fachbereich: Flachstrickversorgungen<\/p>\n<\/div><div class=\"fusion-clearfix\"><\/div><\/div><\/div><\/div><div class=\"fusion-builder-row fusion-builder-row-inner fusion-row\"><div class=\"fusion-layout-column fusion_builder_column_inner fusion-builder-nested-column-3 fusion_builder_column_inner_1_3 1_3 fusion-one-third fusion-column-first\" style=\"--awb-padding-top:10px;--awb-padding-right:10px;--awb-padding-bottom:10px;--awb-padding-left:10px;--awb-bg-color:#ebf5f9;--awb-bg-color-hover:#ebf5f9;--awb-bg-size:cover;width:33.333333333333%;width:calc(33.333333333333% - ( ( 4% ) * 0.33333333333333 ) );margin-right: 4%;\"><div class=\"fusion-column-wrapper fusion-flex-column-wrapper-legacy\"><div class=\"fusion-image-element fusion-image-align-center in-legacy-container\" style=\"text-align:center;--awb-caption-title-font-family:var(--h2_typography-font-family);--awb-caption-title-font-weight:var(--h2_typography-font-weight);--awb-caption-title-font-style:var(--h2_typography-font-style);--awb-caption-title-size:var(--h2_typography-font-size);--awb-caption-title-transform:var(--h2_typography-text-transform);--awb-caption-title-line-height:var(--h2_typography-line-height);--awb-caption-title-letter-spacing:var(--h2_typography-letter-spacing);\"><div class=\"imageframe-align-center\"><span class=\" fusion-imageframe imageframe-none imageframe-4 hover-type-none\" style=\"border:10px solid #ebf5f9;\"><img decoding=\"async\" width=\"250\" height=\"300\" title=\"023_Burkholz_falch\" src=\"\/wp-content\/uploads\/2018\/09\/023_Burkholz_falch-250x300.jpg\" alt class=\"img-responsive wp-image-228\" srcset=\"https:\/\/burkholz-orthopaedie.de\/wp-content\/uploads\/2018\/09\/023_Burkholz_falch-200x240.jpg 200w, https:\/\/burkholz-orthopaedie.de\/wp-content\/uploads\/2018\/09\/023_Burkholz_falch.jpg 250w\" sizes=\"(max-width: 800px) 100vw, 250px\" \/><\/span><\/div><\/div><div class=\"fusion-text fusion-text-5\"><p style=\"text-align: center;\"><strong>Anja Falch<br \/>\n<\/strong><\/p>\n<p style=\"text-align: center;\">Fachberaterin f\u00fcr Kompressionsversorgungen Fachbereich: Rundstrickversorgungen<\/p>\n<\/div><div class=\"fusion-clearfix\"><\/div><\/div><\/div><div class=\"fusion-layout-column fusion_builder_column_inner fusion-builder-nested-column-4 fusion_builder_column_inner_1_3 1_3 fusion-one-third fusion-column-last\" style=\"--awb-padding-top:10px;--awb-padding-right:10px;--awb-padding-bottom:10px;--awb-padding-left:10px;--awb-bg-color:#ebf5f9;--awb-bg-color-hover:#ebf5f9;--awb-bg-size:cover;width:33.333333333333%;width:calc(33.333333333333% - ( ( 4% ) * 0.33333333333333 ) );\"><div class=\"fusion-column-wrapper fusion-flex-column-wrapper-legacy\"><div class=\"fusion-image-element fusion-image-align-center in-legacy-container\" style=\"text-align:center;--awb-caption-title-font-family:var(--h2_typography-font-family);--awb-caption-title-font-weight:var(--h2_typography-font-weight);--awb-caption-title-font-style:var(--h2_typography-font-style);--awb-caption-title-size:var(--h2_typography-font-size);--awb-caption-title-transform:var(--h2_typography-text-transform);--awb-caption-title-line-height:var(--h2_typography-line-height);--awb-caption-title-letter-spacing:var(--h2_typography-letter-spacing);\"><div class=\"imageframe-align-center\"><span class=\" fusion-imageframe imageframe-none imageframe-5 hover-type-none\" style=\"border:10px solid #ebf5f9;\"><img decoding=\"async\" width=\"250\" height=\"300\" title=\"036_Burkholz_avatar\" src=\"\/wp-content\/uploads\/2018\/12\/036_Burkholz_avatar-250x300.jpg\" alt class=\"img-responsive wp-image-427\" srcset=\"https:\/\/burkholz-orthopaedie.de\/wp-content\/uploads\/2018\/12\/036_Burkholz_avatar-200x240.jpg 200w, https:\/\/burkholz-orthopaedie.de\/wp-content\/uploads\/2018\/12\/036_Burkholz_avatar-400x481.jpg 400w, https:\/\/burkholz-orthopaedie.de\/wp-content\/uploads\/2018\/12\/036_Burkholz_avatar.jpg 472w\" sizes=\"(max-width: 800px) 100vw, 400px\" \/><\/span><\/div><\/div><div class=\"fusion-text fusion-text-6\"><p style=\"text-align: center;\"><strong>Clarissa Alex<br \/>\n<\/strong><\/p>\n<p style=\"text-align: center;\">Fachberaterin f\u00fcr Kompressionsversorgungen<\/p>\n<\/div><div class=\"fusion-clearfix\"><\/div><\/div><\/div><\/div><div class=\"fusion-clearfix\"><\/div><\/div><\/div><div class=\"fusion-layout-column fusion_builder_column fusion-builder-column-2 fusion_builder_column_1_4 1_4 fusion-one-fourth fusion-column-last\" style=\"--awb-bg-size:cover;width:25%;width:calc(25% - ( ( 4% ) * 0.25 ) );\"><div class=\"fusion-column-wrapper fusion-flex-column-wrapper-legacy\"><div class=\"fusion-content-boxes content-boxes columns row fusion-columns-1 fusion-columns-total-1 fusion-content-boxes-1 content-boxes-clean-vertical content-left content-boxes-icon-on-top\" style=\"--awb-backgroundcolor:rgba(1,130,172,0.08);--awb-body-color:#000000;--awb-title-color:#0182ac;--awb-margin-top:0px;--awb-margin-bottom:0px;--awb-hover-accent-color:#a0ce4e;--awb-circle-hover-accent-color:#a0ce4e;--awb-item-margin-bottom:40px;\" data-animationOffset=\"top-into-view\"><div style=\"--awb-backgroundcolor:rgba(1,130,172,0.08);border-color:rgba(255,255,255,0);\" class=\"fusion-column content-box-column content-box-column content-box-column-1 col-lg-12 col-md-12 col-sm-12 fusion-content-box-hover content-box-column-last content-box-column-last-in-row\"><div class=\"col content-box-wrapper content-wrapper-background link-area-link-icon icon-hover-animation-fade\" data-animationOffset=\"top-into-view\"><div class=\"heading icon-left\"><h2 class=\"content-box-heading\" style=\"--h2_typography-font-size:18px;line-height:23px;\">Unsere Adresse:<\/h2><\/div><div class=\"fusion-clearfix\"><\/div><div class=\"content-container\">\n<p>Badtorstra\u00dfe 16<br \/>\n71711 Steinheim\/Murr<br \/>\nTel.: 0 71 44 \/ 2 48 35<br \/>\nFax: 0 71 44 \/ 20 94 10<br \/>\n<a href=\"mailto:post@burkholz-orthopaedie.de\">post@burkholz-orthopaedie.de<\/a><\/p>\n<\/div><\/div><\/div><div class=\"fusion-clearfix\"><\/div><\/div><div class=\"fusion-content-boxes content-boxes columns row fusion-columns-1 fusion-columns-total-1 fusion-content-boxes-2 content-boxes-clean-vertical content-left content-boxes-icon-on-top\" style=\"--awb-backgroundcolor:rgba(1,130,172,0.08);--awb-body-color:#000000;--awb-title-color:#0182ac;--awb-margin-top:0px;--awb-margin-bottom:0px;--awb-hover-accent-color:#a0ce4e;--awb-circle-hover-accent-color:#a0ce4e;--awb-item-margin-bottom:40px;\" data-animationOffset=\"top-into-view\"><div style=\"--awb-backgroundcolor:rgba(1,130,172,0.08);border-color:rgba(255,255,255,0);\" class=\"fusion-column content-box-column content-box-column content-box-column-1 col-lg-12 col-md-12 col-sm-12 fusion-content-box-hover content-box-column-last content-box-column-last-in-row\"><div class=\"col content-box-wrapper content-wrapper-background link-area-link-icon icon-hover-animation-fade\" data-animationOffset=\"top-into-view\"><div class=\"heading icon-left\"><h2 class=\"content-box-heading\" style=\"--h2_typography-font-size:18px;line-height:23px;\">Unsere \u00d6ffnungzeiten:<\/h2><\/div><div class=\"fusion-clearfix\"><\/div><div class=\"content-container\">\n<p><strong>Montag \u2013 Freitag<\/strong><br \/>\n08:00 \u2013 12:30 Uhr<br \/>\n14:30 \u2013 18:00 Uhr<br \/>\n<strong>Samstag<\/strong><br \/>\n09:00 \u2013 12:30 Uhr<\/p>\n<p>Mittwochnachmittag geschlossen<br \/>\nTermine nach Vereinbarung<\/p>\n<\/div><\/div><\/div><div class=\"fusion-clearfix\"><\/div><\/div><div class=\"fusion-clearfix\"><\/div><\/div><\/div><\/div><\/div><\/p>\n","protected":false},"excerpt":{"rendered":"","protected":false},"author":1,"featured_media":0,"parent":0,"menu_order":0,"comment_status":"closed","ping_status":"closed","template":"","meta":{"footnotes":""},"class_list":["post-275","page","type-page","status-publish","hentry"],"_links":{"self":[{"href":"https:\/\/burkholz-orthopaedie.de\/index.php?rest_route=\/wp\/v2\/pages\/275","targetHints":{"allow":["GET"]}}],"collection":[{"href":"https:\/\/burkholz-orthopaedie.de\/index.php?rest_route=\/wp\/v2\/pages"}],"about":[{"href":"https:\/\/burkholz-orthopaedie.de\/index.php?rest_route=\/wp\/v2\/types\/page"}],"author":[{"embeddable":true,"href":"https:\/\/burkholz-orthopaedie.de\/index.php?rest_route=\/wp\/v2\/users\/1"}],"replies":[{"embeddable":true,"href":"https:\/\/burkholz-orthopaedie.de\/index.php?rest_route=%2Fwp%2Fv2%2Fcomments&post=275"}],"version-history":[{"count":17,"href":"https:\/\/burkholz-orthopaedie.de\/index.php?rest_route=\/wp\/v2\/pages\/275\/revisions"}],"predecessor-version":[{"id":428,"href":"https:\/\/burkholz-orthopaedie.de\/index.php?rest_route=\/wp\/v2\/pages\/275\/revisions\/428"}],"wp:attachment":[{"href":"https:\/\/burkholz-orthopaedie.de\/index.php?rest_route=%2Fwp%2Fv2%2Fmedia&parent=275"}],"curies":[{"name":"wp","href":"https:\/\/api.w.org\/{rel}","templated":true}]}}