{"id":264,"date":"2018-09-13T15:28:15","date_gmt":"2018-09-13T15:28:15","guid":{"rendered":"\/?page_id=264"},"modified":"2018-11-15T13:10:46","modified_gmt":"2018-11-15T13:10:46","slug":"diabetesversorgung","status":"publish","type":"page","link":"https:\/\/burkholz-orthopaedie.de\/?page_id=264","title":{"rendered":"Diabetesversorgung"},"content":{"rendered":"<p><div class=\"fusion-fullwidth fullwidth-box fusion-builder-row-1 nonhundred-percent-fullwidth non-hundred-percent-height-scrolling\" style=\"--awb-border-radius-top-left:0px;--awb-border-radius-top-right:0px;--awb-border-radius-bottom-right:0px;--awb-border-radius-bottom-left:0px;--awb-flex-wrap:wrap;\" ><div class=\"fusion-builder-row fusion-row\"><div class=\"fusion-layout-column fusion_builder_column fusion-builder-column-0 fusion_builder_column_1_1 1_1 fusion-one-full fusion-column-first fusion-column-last\" style=\"--awb-bg-size:cover;--awb-margin-bottom:0px;\"><div class=\"fusion-column-wrapper fusion-flex-column-wrapper-legacy\"><div class=\"fusion-image-carousel fusion-image-carousel-auto fusion-image-carousel-1 fusion-carousel-border\"><div class=\"awb-carousel awb-swiper awb-swiper-carousel awb-carousel--carousel awb-swiper-dots-position-bottom\" data-layout=\"carousel\" data-autoplay=\"no\" data-autoplayspeed=\"2500\" data-autoplaypause=\"no\" data-loop=\"yes\" data-columns=\"5\" data-columnsmedium=\"1\" data-columnssmall=\"1\" data-itemmargin=\"13\" data-itemwidth=\"180\" data-touchscroll=\"no\" data-freemode=\"no\" data-imagesize=\"auto\" data-scrollitems=\"0\" data-centeredslides=\"no\" data-rotationangle=\"50\" data-depth=\"100\" data-speed=\"500\" data-shadow=\"no\" data-pagination=\"bullets\" style=\"--awb-border-width:1px;--awb-border-color:#e9eaee;\"><div class=\"swiper-wrapper awb-image-carousel-wrapper fusion-flex-align-items-center\"><div class=\"swiper-slide\"><div class=\"fusion-carousel-item-wrapper\"><div class=\"fusion-image-wrapper hover-type-none\"><img decoding=\"async\" width=\"1500\" height=\"469\" src=\"https:\/\/burkholz-orthopaedie.de\/wp-content\/uploads\/2018\/09\/025_Burkholz_diabetes.jpg\" class=\"attachment-full size-full\" alt=\"willkommen burkhlolz orthopaedie schuhtechnik \" srcset=\"https:\/\/burkholz-orthopaedie.de\/wp-content\/uploads\/2018\/09\/025_Burkholz_diabetes-200x63.jpg 200w, https:\/\/burkholz-orthopaedie.de\/wp-content\/uploads\/2018\/09\/025_Burkholz_diabetes-300x94.jpg 300w, https:\/\/burkholz-orthopaedie.de\/wp-content\/uploads\/2018\/09\/025_Burkholz_diabetes-400x125.jpg 400w, https:\/\/burkholz-orthopaedie.de\/wp-content\/uploads\/2018\/09\/025_Burkholz_diabetes-600x188.jpg 600w, https:\/\/burkholz-orthopaedie.de\/wp-content\/uploads\/2018\/09\/025_Burkholz_diabetes-768x240.jpg 768w, https:\/\/burkholz-orthopaedie.de\/wp-content\/uploads\/2018\/09\/025_Burkholz_diabetes-800x250.jpg 800w, https:\/\/burkholz-orthopaedie.de\/wp-content\/uploads\/2018\/09\/025_Burkholz_diabetes-1024x320.jpg 1024w, https:\/\/burkholz-orthopaedie.de\/wp-content\/uploads\/2018\/09\/025_Burkholz_diabetes-1200x375.jpg 1200w, https:\/\/burkholz-orthopaedie.de\/wp-content\/uploads\/2018\/09\/025_Burkholz_diabetes.jpg 1500w\" sizes=\"(max-width: 1500px) 100vw, 1500px\" \/><\/div><\/div><\/div><\/div><div class=\"awb-swiper-button awb-swiper-button-prev\"><i class=\"awb-icon-angle-left\" aria-hidden=\"true\"><\/i><\/div><div class=\"awb-swiper-button awb-swiper-button-next\"><i class=\"awb-icon-angle-right\" aria-hidden=\"true\"><\/i><\/div><\/div><\/div><div class=\"fusion-clearfix\"><\/div><\/div><\/div><\/div><\/div><div class=\"fusion-fullwidth fullwidth-box fusion-builder-row-2 nonhundred-percent-fullwidth non-hundred-percent-height-scrolling\" style=\"--awb-border-radius-top-left:0px;--awb-border-radius-top-right:0px;--awb-border-radius-bottom-right:0px;--awb-border-radius-bottom-left:0px;--awb-flex-wrap:wrap;\" ><div class=\"fusion-builder-row fusion-row\"><div class=\"fusion-layout-column fusion_builder_column fusion-builder-column-1 fusion_builder_column_3_4 3_4 fusion-three-fourth fusion-column-first\" style=\"--awb-bg-size:cover;width:75%;width:calc(75% - ( ( 4% ) * 0.75 ) );margin-right: 4%;\"><div class=\"fusion-column-wrapper fusion-flex-column-wrapper-legacy\"><div class=\"fusion-title title fusion-title-1 fusion-sep-none fusion-title-text fusion-title-size-one\" style=\"--awb-margin-bottom:20px;--awb-margin-top-small:10px;--awb-margin-right-small:0px;--awb-margin-bottom-small:10px;--awb-margin-left-small:0px;\"><h1 class=\"fusion-title-heading title-heading-left\" style=\"margin:0;\"><h3>Diabetesversorgung<\/h3><\/h1><\/div><div class=\"fusion-builder-row fusion-builder-row-inner fusion-row\"><div class=\"fusion-layout-column fusion_builder_column_inner fusion-builder-nested-column-0 fusion_builder_column_inner_2_3 2_3 fusion-two-third fusion-column-first\" style=\"--awb-bg-size:cover;width:66.666666666667%;width:calc(66.666666666667% - ( ( 4% ) * 0.66666666666667 ) );margin-right: 4%;\"><div class=\"fusion-column-wrapper fusion-flex-column-wrapper-legacy\"><div class=\"fusion-text fusion-text-1\"><p>Diabetes ist in Deutschland l\u00e4ngst kein Einzelschicksal mehr, sondern eher eine Volkskrankheit. Rund f\u00fcnf Millionen Deutsche leiden unter Diabetes mellitus, der Zuckerkrankheit. Das sind etwa 6,5 % der Bev\u00f6lkerung. Und es werden immer mehr!<\/p>\n<p>Was viele von ihnen jedoch nicht wissen: H\u00e4ufig sind auch die F\u00fc\u00dfe von Diabetes betroffen. Die schwierigste Form des Diabetes mellitus verursacht in Deutschland j\u00e4hrlich etwa 22.000 &#8211; 28.000 Amputationen. Dies sind 70% aller nicht durch Unf\u00e4lle bedingten Amputationen.\u00a0 Um dies zu verhindern, m\u00fcssen Probleme fr\u00fchzeitig erkannt und behandelt werden.<\/p>\n<p>Lassen Sie es gar nicht so weit kommen und k\u00fcmmern Sie sich von Beginn Ihrer Krankheit an um Ihre F\u00fc\u00dfe, damit Sie auf gesunden F\u00fc\u00dfen durchs Leben gehen.<\/p>\n<\/div><div class=\"fusion-clearfix\"><\/div><\/div><\/div><div class=\"fusion-layout-column fusion_builder_column_inner fusion-builder-nested-column-1 fusion_builder_column_inner_1_3 1_3 fusion-one-third fusion-column-last\" style=\"--awb-bg-size:cover;width:33.333333333333%;width:calc(33.333333333333% - ( ( 4% ) * 0.33333333333333 ) );\"><div class=\"fusion-column-wrapper fusion-flex-column-wrapper-legacy\"><div class=\"fusion-image-element in-legacy-container\" style=\"--awb-caption-title-font-family:var(--h2_typography-font-family);--awb-caption-title-font-weight:var(--h2_typography-font-weight);--awb-caption-title-font-style:var(--h2_typography-font-style);--awb-caption-title-size:var(--h2_typography-font-size);--awb-caption-title-transform:var(--h2_typography-text-transform);--awb-caption-title-line-height:var(--h2_typography-line-height);--awb-caption-title-letter-spacing:var(--h2_typography-letter-spacing);\"><span class=\" fusion-imageframe imageframe-none imageframe-1 hover-type-none\"><img decoding=\"async\" width=\"300\" height=\"200\" alt=\"burkholz diabetesversorgung\" title=\"035_Burkholz_diabetes\" src=\"\/wp-content\/uploads\/2018\/09\/035_Burkholz_diabetes-300x200.jpg\" class=\"img-responsive wp-image-384\" srcset=\"https:\/\/burkholz-orthopaedie.de\/wp-content\/uploads\/2018\/09\/035_Burkholz_diabetes-200x134.jpg 200w, https:\/\/burkholz-orthopaedie.de\/wp-content\/uploads\/2018\/09\/035_Burkholz_diabetes-400x267.jpg 400w, https:\/\/burkholz-orthopaedie.de\/wp-content\/uploads\/2018\/09\/035_Burkholz_diabetes.jpg 500w\" sizes=\"(max-width: 800px) 100vw, 400px\" \/><\/span><\/div><div class=\"fusion-clearfix\"><\/div><\/div><\/div><\/div><div class=\"fusion-sep-clear\"><\/div><div class=\"fusion-separator fusion-full-width-sep\" style=\"margin-left: auto;margin-right: auto;margin-top:10px;margin-bottom:40px;width:100%;\"><div class=\"fusion-separator-border sep-shadow\" style=\"--awb-height:20px;--awb-amount:20px;--awb-sep-color:rgba(1,130,172,0.25);background:radial-gradient(ellipse at 50% -50% , rgba(1,130,172,0.25) 0px, rgba(255, 255, 255, 0) 80%) repeat scroll 0 0 rgba(0, 0, 0, 0);background:-webkit-radial-gradient(ellipse at 50% -50% , rgba(1,130,172,0.25) 0px, rgba(255, 255, 255, 0) 80%) repeat scroll 0 0 rgba(0, 0, 0, 0);background:-moz-radial-gradient(ellipse at 50% -50% , rgba(1,130,172,0.25) 0px, rgba(255, 255, 255, 0) 80%) repeat scroll 0 0 rgba(0, 0, 0, 0);background:-o-radial-gradient(ellipse at 50% -50% , rgba(1,130,172,0.25) 0px, rgba(255, 255, 255, 0) 80%) repeat scroll 0 0 rgba(0, 0, 0, 0);\"><\/div><\/div><div class=\"fusion-sep-clear\"><\/div><div class=\"fusion-title title fusion-title-2 fusion-sep-none fusion-title-text fusion-title-size-one\" style=\"--awb-margin-bottom:20px;--awb-margin-top-small:10px;--awb-margin-right-small:0px;--awb-margin-bottom-small:10px;--awb-margin-left-small:0px;\"><h1 class=\"fusion-title-heading title-heading-left\" style=\"margin:0;\"><h3>Was hat Diabetes mit den F\u00fc\u00dfen zu tun?<\/h3><\/h1><\/div><div class=\"fusion-text fusion-text-2\"><p>Zum Erhalt der Mobilit\u00e4t m\u00fcssen die F\u00fc\u00dfe der Diabetiker besondere Aufmerksamkeit bekommen. Schlecht sitzende Schuhe k\u00f6nnen Fu\u00dfprobleme verursachen, die bei Diabetes schnell gef\u00e4hrlich werden k\u00f6nnen. Diabetiker ben\u00f6tigen eine besondere Versorgung, denn durch Diabetes kann die Durchblutung beeintr\u00e4chtigt und die Schmerzempfindlichkeit der Nerven gesch\u00e4digt werden. Eine h\u00e4ufige Folge: der diabetische Fu\u00df. Die gesch\u00e4digten Nerven f\u00fchren bei vielen Patienten im Verlauf der Krankheit zur Taubheit der F\u00fc\u00dfe. Hitze, K\u00e4lte, Druck und Schmerz werden nicht mehr vollst\u00e4ndig wahrgenommen. Wunden an den F\u00fc\u00dfen k\u00f6nnen von Diabetikern nur sp\u00e4t bemerkt werden.<\/p>\n<p><strong>Die wichtigsten Anzeichen f\u00fcr einen drohenden diabetischen Fu\u00df sind:<\/strong><\/p>\n<ul>\n<li>Eine verringerte Schmerz- und Temperaturempfindlichkeit an den F\u00fc\u00dfen<\/li>\n<li>Eine zunehmend trockene Haut<\/li>\n<li>Taubheit in den F\u00fc\u00dfen, Gehen wie auf Watte, Ameisenlaufen<\/li>\n<li>Erh\u00f6hte Ber\u00fchrungsempfindlichkeit und stechende oder brennende Schmerzen vor allem nachts<\/li>\n<li>Krallenbildung an den Zehen<\/li>\n<li>R\u00f6tungen, Schwellungen und \u00dcberw\u00e4rmungen am Fu\u00df, h\u00e4ufig ohne Schmerzen<\/li>\n<\/ul>\n<\/div><div class=\"fusion-sep-clear\"><\/div><div class=\"fusion-separator fusion-full-width-sep\" style=\"margin-left: auto;margin-right: auto;margin-top:10px;margin-bottom:40px;width:100%;\"><div class=\"fusion-separator-border sep-shadow\" style=\"--awb-height:20px;--awb-amount:20px;--awb-sep-color:rgba(1,130,172,0.25);background:radial-gradient(ellipse at 50% -50% , rgba(1,130,172,0.25) 0px, rgba(255, 255, 255, 0) 80%) repeat scroll 0 0 rgba(0, 0, 0, 0);background:-webkit-radial-gradient(ellipse at 50% -50% , rgba(1,130,172,0.25) 0px, rgba(255, 255, 255, 0) 80%) repeat scroll 0 0 rgba(0, 0, 0, 0);background:-moz-radial-gradient(ellipse at 50% -50% , rgba(1,130,172,0.25) 0px, rgba(255, 255, 255, 0) 80%) repeat scroll 0 0 rgba(0, 0, 0, 0);background:-o-radial-gradient(ellipse at 50% -50% , rgba(1,130,172,0.25) 0px, rgba(255, 255, 255, 0) 80%) repeat scroll 0 0 rgba(0, 0, 0, 0);\"><\/div><\/div><div class=\"fusion-sep-clear\"><\/div><div class=\"fusion-title title fusion-title-3 fusion-sep-none fusion-title-text fusion-title-size-one\" style=\"--awb-margin-bottom:20px;--awb-margin-top-small:10px;--awb-margin-right-small:0px;--awb-margin-bottom-small:10px;--awb-margin-left-small:0px;\"><h1 class=\"fusion-title-heading title-heading-left\" style=\"margin:0;\"><h3>Welcher Schuh passt zu Ihnen als Diabetiker?<\/h3><\/h1><\/div><div class=\"fusion-text fusion-text-3\"><p>Diabetiker sollten daher beim Schuhkauf einige Punkte beachten &#8211; auch dann, wenn ihre F\u00fc\u00dfe noch nicht gesch\u00e4digt sind. Unabh\u00e4ngig von Ihrem Geschmack und der Farbe sollten Sie auf folgende Merkmale achten:<\/p>\n<ul>\n<li>Gen\u00fcgend Platz im Vorfu\u00dfbereich zur Verringerung des seitlichen Drucks auf die Fu\u00dfkanten<\/li>\n<li>Fester Halt im Fersenbereich, damit der Schuh nicht scheuert<\/li>\n<li>Keine hohen Abs\u00e4tze, da sonst der Vorfu\u00dfbereich stark belastet wird<\/li>\n<li>Keine Innenn\u00e4hte, die scheuern k\u00f6nnen<\/li>\n<li>Feste Sohle zur Entlastung des Vorfu\u00dfes<\/li>\n<li>Weiches Oberleder, keine harten Kappen, damit beugen Sie Druckstellen und offenen Wunden vor<\/li>\n<\/ul>\n<\/div><div class=\"fusion-clearfix\"><\/div><\/div><\/div><div class=\"fusion-layout-column fusion_builder_column fusion-builder-column-2 fusion_builder_column_1_4 1_4 fusion-one-fourth fusion-column-last\" style=\"--awb-bg-color:rgba(255,255,255,0.08);--awb-bg-color-hover:rgba(255,255,255,0.08);--awb-bg-size:cover;width:25%;width:calc(25% - ( ( 4% ) * 0.25 ) );\"><div class=\"fusion-column-wrapper fusion-flex-column-wrapper-legacy\"><div class=\"fusion-content-boxes content-boxes columns row fusion-columns-1 fusion-columns-total-1 fusion-content-boxes-1 content-boxes-clean-vertical content-left content-boxes-icon-on-top\" style=\"--awb-backgroundcolor:rgba(1,130,172,0.08);--awb-body-color:#000000;--awb-title-color:#0182ac;--awb-margin-top:0px;--awb-margin-bottom:0px;--awb-hover-accent-color:#a0ce4e;--awb-circle-hover-accent-color:#a0ce4e;--awb-item-margin-bottom:40px;\" data-animationOffset=\"top-into-view\"><div style=\"--awb-backgroundcolor:rgba(1,130,172,0.08);border-color:rgba(255,255,255,0);\" class=\"fusion-column content-box-column content-box-column content-box-column-1 col-lg-12 col-md-12 col-sm-12 fusion-content-box-hover content-box-column-last content-box-column-last-in-row\"><div class=\"col content-box-wrapper content-wrapper-background link-area-link-icon icon-hover-animation-fade\" data-animationOffset=\"top-into-view\"><div class=\"heading icon-left\"><h2 class=\"content-box-heading\" style=\"--h2_typography-font-size:18px;line-height:23px;\">Unsere Adresse:<\/h2><\/div><div class=\"fusion-clearfix\"><\/div><div class=\"content-container\">\n<p>Badtorstra\u00dfe 16<br \/>\n71711 Steinheim\/Murr<br \/>\nTel.: 0 71 44 \/ 2 48 35<br \/>\nFax: 0 71 44 \/ 20 94 10<br \/>\n<a href=\"mailto:post@burkholz-orthopaedie.de\">post@burkholz-orthopaedie.de<\/a><\/p>\n<\/div><\/div><\/div><div class=\"fusion-clearfix\"><\/div><\/div><div class=\"fusion-content-boxes content-boxes columns row fusion-columns-1 fusion-columns-total-1 fusion-content-boxes-2 content-boxes-clean-vertical content-left content-boxes-icon-on-top\" style=\"--awb-backgroundcolor:rgba(1,130,172,0.08);--awb-body-color:#000000;--awb-title-color:#0182ac;--awb-margin-top:0px;--awb-margin-bottom:0px;--awb-hover-accent-color:#a0ce4e;--awb-circle-hover-accent-color:#a0ce4e;--awb-item-margin-bottom:40px;\" data-animationOffset=\"top-into-view\"><div style=\"--awb-backgroundcolor:rgba(1,130,172,0.08);border-color:rgba(255,255,255,0);\" class=\"fusion-column content-box-column content-box-column content-box-column-1 col-lg-12 col-md-12 col-sm-12 fusion-content-box-hover content-box-column-last content-box-column-last-in-row\"><div class=\"col content-box-wrapper content-wrapper-background link-area-link-icon icon-hover-animation-fade\" data-animationOffset=\"top-into-view\"><div class=\"heading icon-left\"><h2 class=\"content-box-heading\" style=\"--h2_typography-font-size:18px;line-height:23px;\">Unsere \u00d6ffnungzeiten:<\/h2><\/div><div class=\"fusion-clearfix\"><\/div><div class=\"content-container\">\n<p><strong>Montag \u2013 Freitag<\/strong><br \/>\n08:00 \u2013 12:30 Uhr<br \/>\n14:30 \u2013 18:00 Uhr<br \/>\n<strong>Samstag<\/strong><br \/>\n09:00 \u2013 12:30 Uhr<\/p>\n<p>Mittwochnachmittag geschlossen<br \/>\nTermine nach Vereinbarung<\/p>\n<\/div><\/div><\/div><div class=\"fusion-clearfix\"><\/div><\/div><div class=\"fusion-clearfix\"><\/div><\/div><\/div><\/div><\/div><div class=\"fusion-fullwidth fullwidth-box fusion-builder-row-3 nonhundred-percent-fullwidth non-hundred-percent-height-scrolling\" style=\"--awb-border-radius-top-left:0px;--awb-border-radius-top-right:0px;--awb-border-radius-bottom-right:0px;--awb-border-radius-bottom-left:0px;--awb-flex-wrap:wrap;\" ><div class=\"fusion-builder-row fusion-row\"><\/div><\/div><\/p>\n","protected":false},"excerpt":{"rendered":"","protected":false},"author":1,"featured_media":0,"parent":0,"menu_order":0,"comment_status":"closed","ping_status":"closed","template":"","meta":{"footnotes":""},"class_list":["post-264","page","type-page","status-publish","hentry"],"_links":{"self":[{"href":"https:\/\/burkholz-orthopaedie.de\/index.php?rest_route=\/wp\/v2\/pages\/264","targetHints":{"allow":["GET"]}}],"collection":[{"href":"https:\/\/burkholz-orthopaedie.de\/index.php?rest_route=\/wp\/v2\/pages"}],"about":[{"href":"https:\/\/burkholz-orthopaedie.de\/index.php?rest_route=\/wp\/v2\/types\/page"}],"author":[{"embeddable":true,"href":"https:\/\/burkholz-orthopaedie.de\/index.php?rest_route=\/wp\/v2\/users\/1"}],"replies":[{"embeddable":true,"href":"https:\/\/burkholz-orthopaedie.de\/index.php?rest_route=%2Fwp%2Fv2%2Fcomments&post=264"}],"version-history":[{"count":7,"href":"https:\/\/burkholz-orthopaedie.de\/index.php?rest_route=\/wp\/v2\/pages\/264\/revisions"}],"predecessor-version":[{"id":394,"href":"https:\/\/burkholz-orthopaedie.de\/index.php?rest_route=\/wp\/v2\/pages\/264\/revisions\/394"}],"wp:attachment":[{"href":"https:\/\/burkholz-orthopaedie.de\/index.php?rest_route=%2Fwp%2Fv2%2Fmedia&parent=264"}],"curies":[{"name":"wp","href":"https:\/\/api.w.org\/{rel}","templated":true}]}}