{"id":240,"date":"2018-09-13T14:53:55","date_gmt":"2018-09-13T14:53:55","guid":{"rendered":"\/?page_id=240"},"modified":"2018-09-14T13:54:12","modified_gmt":"2018-09-14T13:54:12","slug":"bandagen-orthesen","status":"publish","type":"page","link":"https:\/\/burkholz-orthopaedie.de\/?page_id=240","title":{"rendered":"Bandagen\/Orthesen"},"content":{"rendered":"<p><div class=\"fusion-fullwidth fullwidth-box fusion-builder-row-1 nonhundred-percent-fullwidth non-hundred-percent-height-scrolling\" style=\"--awb-border-radius-top-left:0px;--awb-border-radius-top-right:0px;--awb-border-radius-bottom-right:0px;--awb-border-radius-bottom-left:0px;--awb-flex-wrap:wrap;\" ><div class=\"fusion-builder-row fusion-row\"><div class=\"fusion-layout-column fusion_builder_column fusion-builder-column-0 fusion_builder_column_1_1 1_1 fusion-one-full fusion-column-first fusion-column-last\" style=\"--awb-bg-size:cover;--awb-margin-bottom:0px;\"><div class=\"fusion-column-wrapper fusion-flex-column-wrapper-legacy\"><div class=\"fusion-image-carousel fusion-image-carousel-auto fusion-image-carousel-1 fusion-carousel-border\"><div class=\"awb-carousel awb-swiper awb-swiper-carousel awb-carousel--carousel awb-swiper-dots-position-bottom\" data-layout=\"carousel\" data-autoplay=\"no\" data-autoplayspeed=\"2500\" data-autoplaypause=\"no\" data-loop=\"yes\" data-columns=\"5\" data-columnsmedium=\"1\" data-columnssmall=\"1\" data-itemmargin=\"13\" data-itemwidth=\"180\" data-touchscroll=\"no\" data-freemode=\"no\" data-imagesize=\"auto\" data-scrollitems=\"0\" data-centeredslides=\"no\" data-rotationangle=\"50\" data-depth=\"100\" data-speed=\"500\" data-shadow=\"no\" data-pagination=\"bullets\" style=\"--awb-border-width:1px;--awb-border-color:#e9eaee;\"><div class=\"swiper-wrapper awb-image-carousel-wrapper fusion-flex-align-items-center\"><div class=\"swiper-slide\"><div class=\"fusion-carousel-item-wrapper\"><div class=\"fusion-image-wrapper hover-type-none\"><img decoding=\"async\" width=\"1500\" height=\"469\" src=\"https:\/\/burkholz-orthopaedie.de\/wp-content\/uploads\/2018\/09\/024_Burkholz_bandagen.jpg\" class=\"attachment-full size-full\" alt=\"willkommen burkhlolz orthopaedie schuhtechnik \" srcset=\"https:\/\/burkholz-orthopaedie.de\/wp-content\/uploads\/2018\/09\/024_Burkholz_bandagen-200x63.jpg 200w, https:\/\/burkholz-orthopaedie.de\/wp-content\/uploads\/2018\/09\/024_Burkholz_bandagen-300x94.jpg 300w, https:\/\/burkholz-orthopaedie.de\/wp-content\/uploads\/2018\/09\/024_Burkholz_bandagen-400x125.jpg 400w, https:\/\/burkholz-orthopaedie.de\/wp-content\/uploads\/2018\/09\/024_Burkholz_bandagen-600x188.jpg 600w, https:\/\/burkholz-orthopaedie.de\/wp-content\/uploads\/2018\/09\/024_Burkholz_bandagen-768x240.jpg 768w, https:\/\/burkholz-orthopaedie.de\/wp-content\/uploads\/2018\/09\/024_Burkholz_bandagen-800x250.jpg 800w, https:\/\/burkholz-orthopaedie.de\/wp-content\/uploads\/2018\/09\/024_Burkholz_bandagen-1024x320.jpg 1024w, https:\/\/burkholz-orthopaedie.de\/wp-content\/uploads\/2018\/09\/024_Burkholz_bandagen-1200x375.jpg 1200w, https:\/\/burkholz-orthopaedie.de\/wp-content\/uploads\/2018\/09\/024_Burkholz_bandagen.jpg 1500w\" sizes=\"(max-width: 1500px) 100vw, 1500px\" \/><\/div><\/div><\/div><\/div><div class=\"awb-swiper-button awb-swiper-button-prev\"><i class=\"awb-icon-angle-left\" aria-hidden=\"true\"><\/i><\/div><div class=\"awb-swiper-button awb-swiper-button-next\"><i class=\"awb-icon-angle-right\" aria-hidden=\"true\"><\/i><\/div><\/div><\/div><div class=\"fusion-clearfix\"><\/div><\/div><\/div><\/div><\/div><div class=\"fusion-fullwidth fullwidth-box fusion-builder-row-2 nonhundred-percent-fullwidth non-hundred-percent-height-scrolling\" style=\"--awb-border-radius-top-left:0px;--awb-border-radius-top-right:0px;--awb-border-radius-bottom-right:0px;--awb-border-radius-bottom-left:0px;--awb-flex-wrap:wrap;\" ><div class=\"fusion-builder-row fusion-row\"><div class=\"fusion-layout-column fusion_builder_column fusion-builder-column-1 fusion_builder_column_3_4 3_4 fusion-three-fourth fusion-column-first\" style=\"--awb-bg-size:cover;width:75%;width:calc(75% - ( ( 4% ) * 0.75 ) );margin-right: 4%;\"><div class=\"fusion-column-wrapper fusion-flex-column-wrapper-legacy\"><div class=\"fusion-title title fusion-title-1 fusion-sep-none fusion-title-center fusion-title-text fusion-title-size-one\" style=\"--awb-margin-bottom:20px;--awb-margin-top-small:10px;--awb-margin-right-small:0px;--awb-margin-bottom-small:10px;--awb-margin-left-small:0px;\"><h1 class=\"fusion-title-heading title-heading-center\" style=\"margin:0;\"><h3 style=\"text-align: left;\">Bandagen\/Orthesen<\/h3><\/h1><\/div><div class=\"fusion-text fusion-text-1\"><p>Unterst\u00fctzung f\u00fcr Ihre Gelenke!<br \/>\nUnser K\u00f6rper besteht aus einer Vielzahl von Gelenken. Diese werden t\u00e4glich in Arbeit, Freizeit und Sport gro\u00dfen Belastungen ausgesetzt. Erst wenn die Bewegung durch \u00dcberlastung oder Fehlstellung schmerzt, stellt sich die Frage: Was tun?<br \/>\nUnsere speziell f\u00fcr Sie entwickelten Bandagen nehmen Ihnen diese Last und geben Ihnen die schmerzlose Bewegungsfreiheit im Alltag zur\u00fcck. Bandagen helfen! Sie wirken schmerzlindernd, f\u00f6rdern die Heilung, st\u00fctzen und entlasten die jeweilige K\u00f6rperpartie.<\/p>\n<\/div><div class=\"fusion-builder-row fusion-builder-row-inner fusion-row\"><div class=\"fusion-layout-column fusion_builder_column_inner fusion-builder-nested-column-0 fusion_builder_column_inner_1_4 1_4 fusion-one-fourth fusion-column-first\" style=\"--awb-bg-size:cover;width:25%;width:calc(25% - ( ( 4% + 4% + 4% ) * 0.25 ) );margin-right: 4%;\"><div class=\"fusion-column-wrapper fusion-flex-column-wrapper-legacy\"><div class=\"fusion-image-element in-legacy-container\" style=\"--awb-caption-title-font-family:var(--h2_typography-font-family);--awb-caption-title-font-weight:var(--h2_typography-font-weight);--awb-caption-title-font-style:var(--h2_typography-font-style);--awb-caption-title-size:var(--h2_typography-font-size);--awb-caption-title-transform:var(--h2_typography-text-transform);--awb-caption-title-line-height:var(--h2_typography-line-height);--awb-caption-title-letter-spacing:var(--h2_typography-letter-spacing);\"><span class=\" fusion-imageframe imageframe-none imageframe-1 hover-type-none\"><img decoding=\"async\" width=\"200\" height=\"200\" title=\"114390_silber\" src=\"\/wp-content\/uploads\/2018\/09\/114390_silber.jpg\" alt class=\"img-responsive wp-image-250\" srcset=\"https:\/\/burkholz-orthopaedie.de\/wp-content\/uploads\/2018\/09\/114390_silber-66x66.jpg 66w, https:\/\/burkholz-orthopaedie.de\/wp-content\/uploads\/2018\/09\/114390_silber-150x150.jpg 150w, https:\/\/burkholz-orthopaedie.de\/wp-content\/uploads\/2018\/09\/114390_silber.jpg 200w\" sizes=\"(max-width: 200px) 100vw, 200px\" \/><\/span><\/div><div class=\"fusion-clearfix\"><\/div><\/div><\/div><div class=\"fusion-layout-column fusion_builder_column_inner fusion-builder-nested-column-1 fusion_builder_column_inner_1_4 1_4 fusion-one-fourth\" style=\"--awb-bg-size:cover;width:25%;width:calc(25% - ( ( 4% + 4% + 4% ) * 0.25 ) );margin-right: 4%;\"><div class=\"fusion-column-wrapper fusion-flex-column-wrapper-legacy\"><div class=\"fusion-image-element in-legacy-container\" style=\"--awb-caption-title-font-family:var(--h2_typography-font-family);--awb-caption-title-font-weight:var(--h2_typography-font-weight);--awb-caption-title-font-style:var(--h2_typography-font-style);--awb-caption-title-size:var(--h2_typography-font-size);--awb-caption-title-transform:var(--h2_typography-text-transform);--awb-caption-title-line-height:var(--h2_typography-line-height);--awb-caption-title-letter-spacing:var(--h2_typography-letter-spacing);\"><span class=\" fusion-imageframe imageframe-none imageframe-2 hover-type-none\"><img decoding=\"async\" width=\"200\" height=\"200\" title=\"102300\" src=\"\/wp-content\/uploads\/2018\/09\/102300.jpg\" alt class=\"img-responsive wp-image-247\" srcset=\"https:\/\/burkholz-orthopaedie.de\/wp-content\/uploads\/2018\/09\/102300-66x66.jpg 66w, https:\/\/burkholz-orthopaedie.de\/wp-content\/uploads\/2018\/09\/102300-150x150.jpg 150w, https:\/\/burkholz-orthopaedie.de\/wp-content\/uploads\/2018\/09\/102300.jpg 200w\" sizes=\"(max-width: 200px) 100vw, 200px\" \/><\/span><\/div><div class=\"fusion-clearfix\"><\/div><\/div><\/div><div class=\"fusion-layout-column fusion_builder_column_inner fusion-builder-nested-column-2 fusion_builder_column_inner_1_4 1_4 fusion-one-fourth\" style=\"--awb-bg-size:cover;width:25%;width:calc(25% - ( ( 4% + 4% + 4% ) * 0.25 ) );margin-right: 4%;\"><div class=\"fusion-column-wrapper fusion-flex-column-wrapper-legacy\"><div class=\"fusion-image-element in-legacy-container\" style=\"--awb-caption-title-font-family:var(--h2_typography-font-family);--awb-caption-title-font-weight:var(--h2_typography-font-weight);--awb-caption-title-font-style:var(--h2_typography-font-style);--awb-caption-title-size:var(--h2_typography-font-size);--awb-caption-title-transform:var(--h2_typography-text-transform);--awb-caption-title-line-height:var(--h2_typography-line-height);--awb-caption-title-letter-spacing:var(--h2_typography-letter-spacing);\"><span class=\" fusion-imageframe imageframe-none imageframe-3 hover-type-none\"><img decoding=\"async\" width=\"200\" height=\"200\" title=\"104700_silber_hinten\" src=\"\/wp-content\/uploads\/2018\/09\/104700_silber_hinten.jpg\" alt class=\"img-responsive wp-image-248\" srcset=\"https:\/\/burkholz-orthopaedie.de\/wp-content\/uploads\/2018\/09\/104700_silber_hinten-66x66.jpg 66w, https:\/\/burkholz-orthopaedie.de\/wp-content\/uploads\/2018\/09\/104700_silber_hinten-150x150.jpg 150w, https:\/\/burkholz-orthopaedie.de\/wp-content\/uploads\/2018\/09\/104700_silber_hinten.jpg 200w\" sizes=\"(max-width: 200px) 100vw, 200px\" \/><\/span><\/div><div class=\"fusion-clearfix\"><\/div><\/div><\/div><div class=\"fusion-layout-column fusion_builder_column_inner fusion-builder-nested-column-3 fusion_builder_column_inner_1_4 1_4 fusion-one-fourth fusion-column-last\" style=\"--awb-bg-size:cover;width:25%;width:calc(25% - ( ( 4% + 4% + 4% ) * 0.25 ) );\"><div class=\"fusion-column-wrapper fusion-flex-column-wrapper-legacy\"><div class=\"fusion-image-element in-legacy-container\" style=\"--awb-caption-title-font-family:var(--h2_typography-font-family);--awb-caption-title-font-weight:var(--h2_typography-font-weight);--awb-caption-title-font-style:var(--h2_typography-font-style);--awb-caption-title-size:var(--h2_typography-font-size);--awb-caption-title-transform:var(--h2_typography-text-transform);--awb-caption-title-line-height:var(--h2_typography-line-height);--awb-caption-title-letter-spacing:var(--h2_typography-letter-spacing);\"><span class=\" fusion-imageframe imageframe-none imageframe-4 hover-type-none\"><img decoding=\"async\" width=\"200\" height=\"200\" title=\"122700_schwarz\" src=\"\/wp-content\/uploads\/2018\/09\/122700_schwarz.jpg\" alt class=\"img-responsive wp-image-251\" srcset=\"https:\/\/burkholz-orthopaedie.de\/wp-content\/uploads\/2018\/09\/122700_schwarz-66x66.jpg 66w, https:\/\/burkholz-orthopaedie.de\/wp-content\/uploads\/2018\/09\/122700_schwarz-150x150.jpg 150w, https:\/\/burkholz-orthopaedie.de\/wp-content\/uploads\/2018\/09\/122700_schwarz.jpg 200w\" sizes=\"(max-width: 200px) 100vw, 200px\" \/><\/span><\/div><div class=\"fusion-clearfix\"><\/div><\/div><\/div><\/div><div class=\"fusion-sep-clear\"><\/div><div class=\"fusion-separator fusion-full-width-sep\" style=\"margin-left: auto;margin-right: auto;margin-top:10px;margin-bottom:40px;width:100%;\"><div class=\"fusion-separator-border sep-shadow\" style=\"--awb-height:20px;--awb-amount:20px;--awb-sep-color:rgba(1,130,172,0.25);background:radial-gradient(ellipse at 50% -50% , rgba(1,130,172,0.25) 0px, rgba(255, 255, 255, 0) 80%) repeat scroll 0 0 rgba(0, 0, 0, 0);background:-webkit-radial-gradient(ellipse at 50% -50% , rgba(1,130,172,0.25) 0px, rgba(255, 255, 255, 0) 80%) repeat scroll 0 0 rgba(0, 0, 0, 0);background:-moz-radial-gradient(ellipse at 50% -50% , rgba(1,130,172,0.25) 0px, rgba(255, 255, 255, 0) 80%) repeat scroll 0 0 rgba(0, 0, 0, 0);background:-o-radial-gradient(ellipse at 50% -50% , rgba(1,130,172,0.25) 0px, rgba(255, 255, 255, 0) 80%) repeat scroll 0 0 rgba(0, 0, 0, 0);\"><\/div><\/div><div class=\"fusion-sep-clear\"><\/div><div class=\"fusion-title title fusion-title-2 fusion-sep-none fusion-title-center fusion-title-text fusion-title-size-one\" style=\"--awb-margin-bottom:20px;--awb-margin-top-small:10px;--awb-margin-right-small:0px;--awb-margin-bottom-small:10px;--awb-margin-left-small:0px;\"><h1 class=\"fusion-title-heading title-heading-center\" style=\"margin:0;\"><h3 style=\"text-align: left;\">Allgemeine Informationen<\/h3><\/h1><\/div><div class=\"fusion-text fusion-text-2\"><p>Bandagen sind k\u00f6rperteilumschlie\u00dfende oder k\u00f6rperteilanliegende, meist konfektionierte Hilfsmittel. Sie bestehen aus einem dehnbaren, atmungsaktiven Gestrick mit elastischen Elementen.\u00a0 Sie geben Halt und massieren das Gelenk bei jeder Bewegung. Das regt die Durchblutung an und unterst\u00fctzt den Heilungsprozess. Sie lassen sich leicht anlegen und schn\u00fcren nicht ein.<\/p>\n<\/div><div class=\"accordian fusion-accordian\" style=\"--awb-border-size:1px;--awb-icon-size:10px;--awb-content-font-size:14px;--awb-icon-alignment:left;--awb-hover-color:#f9f9f9;--awb-border-color:#cccccc;--awb-background-color:#ffffff;--awb-divider-color:#e0dede;--awb-divider-hover-color:#e0dede;--awb-icon-color:#ffffff;--awb-title-color:#98bf0e;--awb-content-color:#000000;--awb-icon-box-color:#0182ac;--awb-toggle-hover-accent-color:#98bf0e;--awb-title-font-family:&quot;Open Sans&quot;;--awb-title-font-weight:400;--awb-title-font-style:normal;--awb-title-font-size:18px;--awb-content-font-family:&quot;Open Sans&quot;;--awb-content-font-style:normal;--awb-content-font-weight:400;\"><div class=\"panel-group fusion-toggle-icon-boxed\" id=\"accordion-240-1\"><div class=\"fusion-panel panel-default panel-967072dc8fc015120 fusion-toggle-has-divider\"><div class=\"panel-heading\"><h4 class=\"panel-title toggle\" id=\"toggle_967072dc8fc015120\"><a aria-expanded=\"false\" aria-controls=\"967072dc8fc015120\" role=\"button\" data-toggle=\"collapse\" data-parent=\"#accordion-240-1\" data-target=\"#967072dc8fc015120\" href=\"#967072dc8fc015120\"><span class=\"fusion-toggle-icon-wrapper\" aria-hidden=\"true\"><i class=\"fa-fusion-box active-icon awb-icon-minus\" aria-hidden=\"true\"><\/i><i class=\"fa-fusion-box inactive-icon awb-icon-plus\" aria-hidden=\"true\"><\/i><\/span><span class=\"fusion-toggle-heading\">Was ist der Unterschied zwischen Bandagen und Orthesen? <\/span><\/a><\/h4><\/div><div id=\"967072dc8fc015120\" class=\"panel-collapse collapse \" aria-labelledby=\"toggle_967072dc8fc015120\"><div class=\"panel-body toggle-content fusion-clearfix\">\n<p>Vorbeugend sind leichte <strong>Bandagen<\/strong> meistens am besten geeignet. Sie sind aus d\u00fcnnen, atmungsaktiven Stoffen, die die Gelenke, wie das Knie, den Ellenbogen oder das Handgelenk sch\u00fctzen und st\u00fctzen, die Bewegung dieser aber nicht einschr\u00e4nken, sodass man dennoch Sport treiben oder handwerkliche Arbeiten erledigen kann. Oft entstehen Schmerzen und \u00dcberlastungen durch falsche Bewegungen oder zu viel eint\u00f6niger Bewegung, also einer \u00dcberbeanspruchung. Beim Handgelenk z.B. die so genannte \u201eMaus-Hand\u201c durch viel Arbeit am PC, bei dem die Hand beim Liegen auf der Computermaus oft verkrampft. Bandagen k\u00f6nnen hier helfen. Es gibt sie in Universalgr\u00f6\u00dfe zum Wickeln, aber auch mit genauen Gr\u00f6\u00dfenangaben und dann zum Schl\u00fcpfen, mit Klettverschluss\u2026 etc. Wichtig ist, dass die Bandage fest sitzt, also weder rutscht, noch einschn\u00fcrt.<\/p>\n<p>Eine <strong>Orthese<\/strong> ist ein medizinisches Hilfsmittel, das zur Stabilisierung, Entlastung, Ruhigstellung, F\u00fchrung oder Korrektur von Gliedma\u00dfen oder des Rumpfes eingesetzt wird.\u00a0 W\u00e4hrend Bandagen die Mobilit\u00e4t des Betroffenen weitestgehend erm\u00f6glichen, werden Orthesen aus rigiden Materialien hergestellt, um gezielt Bewegungen zu begrenzen oder zu verhindern. Meist besitzen Orthesen eine Schiene aus Kunststoff oder \u00e4hnlich stabilen Materialien, die eine F\u00fchrung und Stabilisierung der Gelenke gew\u00e4hrleisten.<br \/>\nIm Gegensatz zu Bandagen, bestehen Orthesen aus starren Materialien. Durch ihre Konstruktion erm\u00f6glichen sie eine gef\u00fchrte Bewegung des Gelenks ohne seitliche Instabilit\u00e4t. Sie werden meist nicht vorbeugend, sondern bei bereits vorhandenen Beschwerden zur Immobilisierung, also Ruhigstellung verwendet. Das hei\u00dft, man kann sie meist nicht zum Sport tragen, da sie mehr bewegungseinschr\u00e4nkend sind als Bandagen.<\/p>\n<\/div><\/div><\/div><div class=\"fusion-panel panel-default panel-f52c32755de16fd4b fusion-toggle-has-divider\"><div class=\"panel-heading\"><h4 class=\"panel-title toggle\" id=\"toggle_f52c32755de16fd4b\"><a aria-expanded=\"false\" aria-controls=\"f52c32755de16fd4b\" role=\"button\" data-toggle=\"collapse\" data-parent=\"#accordion-240-1\" data-target=\"#f52c32755de16fd4b\" href=\"#f52c32755de16fd4b\"><span class=\"fusion-toggle-icon-wrapper\" aria-hidden=\"true\"><i class=\"fa-fusion-box active-icon awb-icon-minus\" aria-hidden=\"true\"><\/i><i class=\"fa-fusion-box inactive-icon awb-icon-plus\" aria-hidden=\"true\"><\/i><\/span><span class=\"fusion-toggle-heading\">Warum soll ich teure orthop\u00e4dische Bandagen der g\u00fcnstigen Supermarkt-Alternative vorziehen?<\/span><\/a><\/h4><\/div><div id=\"f52c32755de16fd4b\" class=\"panel-collapse collapse \" aria-labelledby=\"toggle_f52c32755de16fd4b\"><div class=\"panel-body toggle-content fusion-clearfix\">\n<p>Orthop\u00e4dische Bandagen geben Stabilit\u00e4t und Sicherheit. Dabei unterst\u00fctzen und korrigieren sie die Bewegungen &#8211; ohne zu st\u00f6ren oder zu behindern. Gute Bandagen verbinden daher die Funktion mit dem besten Tragekomfort. Nichts ist schlimmer als eine schlecht sitzende Bandage, da sie ungern oder gar nicht getragen wird.<br \/>\nMedizinische Bandagen vom Discounter oder aus branchenfremden Gesch\u00e4ften k\u00f6nnen es auf Grund der hohen medizinischen Anspr\u00fcche daher \u00e4u\u00dferst selten mit einer hochwertigen Bandage aus dem Sanit\u00e4tshaus aufnehmen.<\/p>\n<\/div><\/div><\/div><div class=\"fusion-panel panel-default panel-6bf8311396a3d4d1b fusion-toggle-has-divider\"><div class=\"panel-heading\"><h4 class=\"panel-title toggle\" id=\"toggle_6bf8311396a3d4d1b\"><a aria-expanded=\"false\" aria-controls=\"6bf8311396a3d4d1b\" role=\"button\" data-toggle=\"collapse\" data-parent=\"#accordion-240-1\" data-target=\"#6bf8311396a3d4d1b\" href=\"#6bf8311396a3d4d1b\"><span class=\"fusion-toggle-icon-wrapper\" aria-hidden=\"true\"><i class=\"fa-fusion-box active-icon awb-icon-minus\" aria-hidden=\"true\"><\/i><i class=\"fa-fusion-box inactive-icon awb-icon-plus\" aria-hidden=\"true\"><\/i><\/span><span class=\"fusion-toggle-heading\">Wie wirkt die Bandage?<\/span><\/a><\/h4><\/div><div id=\"6bf8311396a3d4d1b\" class=\"panel-collapse collapse \" aria-labelledby=\"toggle_6bf8311396a3d4d1b\"><div class=\"panel-body toggle-content fusion-clearfix\">\n<p>Sie dienen sowohl der Therapie als auch der Prophylaxe im kompletten Bewegungsapparat.<br \/>\nDie Bandage entlastet, sch\u00fctzt und st\u00fctzt das Gelenk sowie auch den Knochen. Das Material sitzt fest und dennoch bequem, so dass die betroffene Stelle einerseits vor \u00dcberbeanspruchung gesch\u00fctzt wird, andererseits beugen Sie dadurch auch Verletzungen vor, weshalb sie vor allem im Sport als unverzichtbares, prophylaktisches Hilfsmittel gilt. Und weil eben der Halt durch eine Bandage verbessert wird, kann man damit gleichfalls Schmerzen lindern, die beispielsweise von einer \u00dcberdehnung der B\u00e4nder herr\u00fchren. Zudem wird mit dem elastischen Verband die K\u00f6rperwahrnehmung gesch\u00e4rft: Ganz automatisch sch\u00fctzen Sie die betroffene Partie damit mehr, weil die Bandage Ihnen das Gef\u00fchl von zus\u00e4tzlicher Sicherheit vermittelt.<\/p>\n<\/div><\/div><\/div><div class=\"fusion-panel panel-default panel-03c2a9853c0d77dc2 fusion-toggle-has-divider\"><div class=\"panel-heading\"><h4 class=\"panel-title toggle\" id=\"toggle_03c2a9853c0d77dc2\"><a aria-expanded=\"false\" aria-controls=\"03c2a9853c0d77dc2\" role=\"button\" data-toggle=\"collapse\" data-parent=\"#accordion-240-1\" data-target=\"#03c2a9853c0d77dc2\" href=\"#03c2a9853c0d77dc2\"><span class=\"fusion-toggle-icon-wrapper\" aria-hidden=\"true\"><i class=\"fa-fusion-box active-icon awb-icon-minus\" aria-hidden=\"true\"><\/i><i class=\"fa-fusion-box inactive-icon awb-icon-plus\" aria-hidden=\"true\"><\/i><\/span><span class=\"fusion-toggle-heading\">Werden Bandagen auch von der Kasse bezahlt?<\/span><\/a><\/h4><\/div><div id=\"03c2a9853c0d77dc2\" class=\"panel-collapse collapse \" aria-labelledby=\"toggle_03c2a9853c0d77dc2\"><div class=\"panel-body toggle-content fusion-clearfix\">\n<p>In Deutschland werden die Kosten f\u00fcr Bandagen bei entsprechender Indikation in der Regel von den Krankenkassen \u00fcbernommen. Die gesetzliche Zuzahlung betr\u00e4gt, je nach Preis des Produktes, zwischen 5,- und 10,- Euro. Nicht in den Leistungskatalog fallen rein prophylaktische Bandagen (u.a. f\u00fcr Sport).<\/p>\n<\/div><\/div><\/div><\/div><\/div><div class=\"fusion-clearfix\"><\/div><\/div><\/div><div class=\"fusion-layout-column fusion_builder_column fusion-builder-column-2 fusion_builder_column_1_4 1_4 fusion-one-fourth fusion-column-last\" style=\"--awb-bg-size:cover;width:25%;width:calc(25% - ( ( 4% ) * 0.25 ) );\"><div class=\"fusion-column-wrapper fusion-flex-column-wrapper-legacy\"><div class=\"fusion-content-boxes content-boxes columns row fusion-columns-1 fusion-columns-total-1 fusion-content-boxes-1 content-boxes-clean-vertical content-left content-boxes-icon-on-top\" style=\"--awb-backgroundcolor:rgba(1,130,172,0.08);--awb-body-color:#000000;--awb-title-color:#0182ac;--awb-margin-top:0px;--awb-margin-bottom:0px;--awb-hover-accent-color:#a0ce4e;--awb-circle-hover-accent-color:#a0ce4e;--awb-item-margin-bottom:40px;\" data-animationOffset=\"top-into-view\"><div style=\"--awb-backgroundcolor:rgba(1,130,172,0.08);border-color:rgba(255,255,255,0);\" class=\"fusion-column content-box-column content-box-column content-box-column-1 col-lg-12 col-md-12 col-sm-12 fusion-content-box-hover content-box-column-last content-box-column-last-in-row\"><div class=\"col content-box-wrapper content-wrapper-background link-area-link-icon icon-hover-animation-fade\" data-animationOffset=\"top-into-view\"><div class=\"heading icon-left\"><h2 class=\"content-box-heading\" style=\"--h2_typography-font-size:18px;line-height:23px;\">Unsere Adresse:<\/h2><\/div><div class=\"fusion-clearfix\"><\/div><div class=\"content-container\">\n<p>Badtorstra\u00dfe 16<br \/>\n71711 Steinheim\/Murr<br \/>\nTel.: 0 71 44 \/ 2 48 35<br \/>\nFax: 0 71 44 \/ 20 94 10<br \/>\n<a href=\"mailto:post@burkholz-orthopaedie.de\">post@burkholz-orthopaedie.de<\/a><\/p>\n<\/div><\/div><\/div><div class=\"fusion-clearfix\"><\/div><\/div><div class=\"fusion-content-boxes content-boxes columns row fusion-columns-1 fusion-columns-total-1 fusion-content-boxes-2 content-boxes-clean-vertical content-left content-boxes-icon-on-top\" style=\"--awb-backgroundcolor:rgba(1,130,172,0.08);--awb-body-color:#000000;--awb-title-color:#0182ac;--awb-margin-top:0px;--awb-margin-bottom:0px;--awb-hover-accent-color:#a0ce4e;--awb-circle-hover-accent-color:#a0ce4e;--awb-item-margin-bottom:40px;\" data-animationOffset=\"top-into-view\"><div style=\"--awb-backgroundcolor:rgba(1,130,172,0.08);border-color:rgba(255,255,255,0);\" class=\"fusion-column content-box-column content-box-column content-box-column-1 col-lg-12 col-md-12 col-sm-12 fusion-content-box-hover content-box-column-last content-box-column-last-in-row\"><div class=\"col content-box-wrapper content-wrapper-background link-area-link-icon icon-hover-animation-fade\" data-animationOffset=\"top-into-view\"><div class=\"heading icon-left\"><h2 class=\"content-box-heading\" style=\"--h2_typography-font-size:18px;line-height:23px;\">Unsere \u00d6ffnungzeiten:<\/h2><\/div><div class=\"fusion-clearfix\"><\/div><div class=\"content-container\">\n<p><strong>Montag \u2013 Freitag<\/strong><br \/>\n08:00 \u2013 12:30 Uhr<br \/>\n14:30 \u2013 18:00 Uhr<br \/>\n<strong>Samstag<\/strong><br \/>\n09:00 \u2013 12:30 Uhr<\/p>\n<p>Mittwochnachmittag geschlossen<br \/>\nWeitere Termine nach Vereinbarung<\/p>\n<\/div><\/div><\/div><div class=\"fusion-clearfix\"><\/div><\/div><div class=\"fusion-clearfix\"><\/div><\/div><\/div><\/div><\/div><\/p>\n","protected":false},"excerpt":{"rendered":"","protected":false},"author":1,"featured_media":0,"parent":0,"menu_order":0,"comment_status":"closed","ping_status":"closed","template":"","meta":{"footnotes":""},"class_list":["post-240","page","type-page","status-publish","hentry"],"_links":{"self":[{"href":"https:\/\/burkholz-orthopaedie.de\/index.php?rest_route=\/wp\/v2\/pages\/240","targetHints":{"allow":["GET"]}}],"collection":[{"href":"https:\/\/burkholz-orthopaedie.de\/index.php?rest_route=\/wp\/v2\/pages"}],"about":[{"href":"https:\/\/burkholz-orthopaedie.de\/index.php?rest_route=\/wp\/v2\/types\/page"}],"author":[{"embeddable":true,"href":"https:\/\/burkholz-orthopaedie.de\/index.php?rest_route=\/wp\/v2\/users\/1"}],"replies":[{"embeddable":true,"href":"https:\/\/burkholz-orthopaedie.de\/index.php?rest_route=%2Fwp%2Fv2%2Fcomments&post=240"}],"version-history":[{"count":4,"href":"https:\/\/burkholz-orthopaedie.de\/index.php?rest_route=\/wp\/v2\/pages\/240\/revisions"}],"predecessor-version":[{"id":367,"href":"https:\/\/burkholz-orthopaedie.de\/index.php?rest_route=\/wp\/v2\/pages\/240\/revisions\/367"}],"wp:attachment":[{"href":"https:\/\/burkholz-orthopaedie.de\/index.php?rest_route=%2Fwp%2Fv2%2Fmedia&parent=240"}],"curies":[{"name":"wp","href":"https:\/\/api.w.org\/{rel}","templated":true}]}}