{"id":208,"date":"2018-09-13T14:14:13","date_gmt":"2018-09-13T14:14:13","guid":{"rendered":"\/?page_id=208"},"modified":"2018-11-15T13:15:12","modified_gmt":"2018-11-15T13:15:12","slug":"struempfe","status":"publish","type":"page","link":"https:\/\/burkholz-orthopaedie.de\/?page_id=208","title":{"rendered":"Str\u00fcmpfe"},"content":{"rendered":"<p><div class=\"fusion-fullwidth fullwidth-box fusion-builder-row-1 nonhundred-percent-fullwidth non-hundred-percent-height-scrolling\" style=\"--awb-border-radius-top-left:0px;--awb-border-radius-top-right:0px;--awb-border-radius-bottom-right:0px;--awb-border-radius-bottom-left:0px;--awb-flex-wrap:wrap;\" ><div class=\"fusion-builder-row fusion-row\"><div class=\"fusion-layout-column fusion_builder_column fusion-builder-column-0 fusion_builder_column_1_1 1_1 fusion-one-full fusion-column-first fusion-column-last\" style=\"--awb-bg-size:cover;--awb-margin-bottom:0px;\"><div class=\"fusion-column-wrapper fusion-flex-column-wrapper-legacy\"><div class=\"fusion-image-carousel fusion-image-carousel-auto fusion-image-carousel-1 fusion-carousel-border\"><div class=\"awb-carousel awb-swiper awb-swiper-carousel awb-carousel--carousel awb-swiper-dots-position-bottom\" data-layout=\"carousel\" data-autoplay=\"no\" data-autoplayspeed=\"2500\" data-autoplaypause=\"no\" data-columns=\"5\" data-columnsmedium=\"1\" data-columnssmall=\"1\" data-itemmargin=\"13\" data-itemwidth=\"180\" data-touchscroll=\"no\" data-freemode=\"no\" data-imagesize=\"auto\" data-scrollitems=\"0\" data-centeredslides=\"no\" data-rotationangle=\"50\" data-depth=\"100\" data-speed=\"500\" data-shadow=\"no\" data-pagination=\"bullets\" style=\"--awb-border-width:1px;--awb-border-color:#e9eaee;\"><div class=\"swiper-wrapper awb-image-carousel-wrapper fusion-flex-align-items-center\"><div class=\"swiper-slide\"><div class=\"fusion-carousel-item-wrapper\"><div class=\"fusion-image-wrapper hover-type-none\"><img decoding=\"async\" width=\"1500\" height=\"469\" src=\"https:\/\/burkholz-orthopaedie.de\/wp-content\/uploads\/2018\/09\/021_Burkholz_kompression.jpg\" class=\"attachment-full size-full\" alt=\"willkommen burkhlolz orthopaedie schuhtechnik \" srcset=\"https:\/\/burkholz-orthopaedie.de\/wp-content\/uploads\/2018\/09\/021_Burkholz_kompression-200x63.jpg 200w, https:\/\/burkholz-orthopaedie.de\/wp-content\/uploads\/2018\/09\/021_Burkholz_kompression-300x94.jpg 300w, https:\/\/burkholz-orthopaedie.de\/wp-content\/uploads\/2018\/09\/021_Burkholz_kompression-400x125.jpg 400w, https:\/\/burkholz-orthopaedie.de\/wp-content\/uploads\/2018\/09\/021_Burkholz_kompression-600x188.jpg 600w, https:\/\/burkholz-orthopaedie.de\/wp-content\/uploads\/2018\/09\/021_Burkholz_kompression-768x240.jpg 768w, https:\/\/burkholz-orthopaedie.de\/wp-content\/uploads\/2018\/09\/021_Burkholz_kompression-800x250.jpg 800w, https:\/\/burkholz-orthopaedie.de\/wp-content\/uploads\/2018\/09\/021_Burkholz_kompression-1024x320.jpg 1024w, https:\/\/burkholz-orthopaedie.de\/wp-content\/uploads\/2018\/09\/021_Burkholz_kompression-1200x375.jpg 1200w, https:\/\/burkholz-orthopaedie.de\/wp-content\/uploads\/2018\/09\/021_Burkholz_kompression.jpg 1500w\" sizes=\"(max-width: 1500px) 100vw, 1500px\" \/><\/div><\/div><\/div><\/div><div class=\"awb-swiper-button awb-swiper-button-prev\"><i class=\"awb-icon-angle-left\" aria-hidden=\"true\"><\/i><\/div><div class=\"awb-swiper-button awb-swiper-button-next\"><i class=\"awb-icon-angle-right\" aria-hidden=\"true\"><\/i><\/div><\/div><\/div><div class=\"fusion-clearfix\"><\/div><\/div><\/div><\/div><\/div><div class=\"fusion-fullwidth fullwidth-box fusion-builder-row-2 nonhundred-percent-fullwidth non-hundred-percent-height-scrolling\" style=\"--awb-border-radius-top-left:0px;--awb-border-radius-top-right:0px;--awb-border-radius-bottom-right:0px;--awb-border-radius-bottom-left:0px;--awb-flex-wrap:wrap;\" ><div class=\"fusion-builder-row fusion-row\"><div class=\"fusion-layout-column fusion_builder_column fusion-builder-column-1 fusion_builder_column_3_4 3_4 fusion-three-fourth fusion-column-first\" style=\"--awb-bg-size:cover;width:75%;width:calc(75% - ( ( 4% ) * 0.75 ) );margin-right: 4%;\"><div class=\"fusion-column-wrapper fusion-flex-column-wrapper-legacy\"><div class=\"fusion-title title fusion-title-1 fusion-sep-none fusion-title-text fusion-title-size-one\" style=\"--awb-margin-bottom:20px;--awb-margin-top-small:10px;--awb-margin-right-small:0px;--awb-margin-bottom-small:10px;--awb-margin-left-small:0px;\"><h1 class=\"fusion-title-heading title-heading-left\" style=\"margin:0;\"><h3>Str\u00fcmpfe<\/h3><\/h1><\/div><div class=\"fusion-text fusion-text-1\"><p>Kompressionsstr\u00fcmpfe sind ein medizinisch hochwirksames Instrument, um schmerzhafte Stauungen und Schwellungen in den Beinen zu vermeiden.<br \/>\nModerne Kompressionsstr\u00fcmpfe bieten heute ein absolut angenehmes Tragegef\u00fchl, eine moderne und feine Optik und das bei voller Funktionalit\u00e4t. In modischen Farben ist ein Kompressionsstrumpf heute von normalen Feinstr\u00fcmpfen kaum mehr zu unterscheiden.<br \/>\nHaben Sie vom Arzt ein Rezept erhalten und suchen nun den zuverl\u00e4ssigen Partner f\u00fcr Ihre neuen Kompressionsstr\u00fcmpfe?<\/p>\n<p><strong>Unsere bestens ausgebildeten Mitarbeiterinnen beraten und betreuen Sie gerne! Am besten Sie vereinbaren mit uns einen Termin!<\/strong><\/p>\n<\/div><div class=\"fusion-builder-row fusion-builder-row-inner fusion-row\"><div class=\"fusion-layout-column fusion_builder_column_inner fusion-builder-nested-column-0 fusion_builder_column_inner_1_3 1_3 fusion-one-third fusion-column-first\" style=\"--awb-bg-size:cover;width:33.333333333333%;width:calc(33.333333333333% - ( ( 4% + 4% ) * 0.33333333333333 ) );margin-right: 4%;\"><div class=\"fusion-column-wrapper fusion-flex-column-wrapper-legacy\"><div class=\"fusion-image-element in-legacy-container\" style=\"--awb-caption-title-font-family:var(--h2_typography-font-family);--awb-caption-title-font-weight:var(--h2_typography-font-weight);--awb-caption-title-font-style:var(--h2_typography-font-style);--awb-caption-title-size:var(--h2_typography-font-size);--awb-caption-title-transform:var(--h2_typography-text-transform);--awb-caption-title-line-height:var(--h2_typography-line-height);--awb-caption-title-letter-spacing:var(--h2_typography-letter-spacing);\"><span class=\" fusion-imageframe imageframe-none imageframe-1 hover-type-none\"><img decoding=\"async\" width=\"317\" height=\"452\" title=\"Juzo2\" src=\"\/wp-content\/uploads\/2018\/09\/Juzo2.jpg\" alt class=\"img-responsive wp-image-215\" srcset=\"https:\/\/burkholz-orthopaedie.de\/wp-content\/uploads\/2018\/09\/Juzo2-200x285.jpg 200w, https:\/\/burkholz-orthopaedie.de\/wp-content\/uploads\/2018\/09\/Juzo2.jpg 317w\" sizes=\"(max-width: 800px) 100vw, 317px\" \/><\/span><\/div><div class=\"fusion-clearfix\"><\/div><\/div><\/div><div class=\"fusion-layout-column fusion_builder_column_inner fusion-builder-nested-column-1 fusion_builder_column_inner_1_3 1_3 fusion-one-third\" style=\"--awb-bg-size:cover;width:33.333333333333%;width:calc(33.333333333333% - ( ( 4% + 4% ) * 0.33333333333333 ) );margin-right: 4%;\"><div class=\"fusion-column-wrapper fusion-flex-column-wrapper-legacy\"><div class=\"fusion-image-element in-legacy-container\" style=\"--awb-caption-title-font-family:var(--h2_typography-font-family);--awb-caption-title-font-weight:var(--h2_typography-font-weight);--awb-caption-title-font-style:var(--h2_typography-font-style);--awb-caption-title-size:var(--h2_typography-font-size);--awb-caption-title-transform:var(--h2_typography-text-transform);--awb-caption-title-line-height:var(--h2_typography-line-height);--awb-caption-title-letter-spacing:var(--h2_typography-letter-spacing);\"><span class=\" fusion-imageframe imageframe-none imageframe-2 hover-type-none\"><img decoding=\"async\" width=\"318\" height=\"453\" title=\"Juzo4\" src=\"\/wp-content\/uploads\/2018\/09\/Juzo4.jpg\" alt class=\"img-responsive wp-image-217\" srcset=\"https:\/\/burkholz-orthopaedie.de\/wp-content\/uploads\/2018\/09\/Juzo4-200x285.jpg 200w, https:\/\/burkholz-orthopaedie.de\/wp-content\/uploads\/2018\/09\/Juzo4.jpg 318w\" sizes=\"(max-width: 800px) 100vw, 318px\" \/><\/span><\/div><div class=\"fusion-clearfix\"><\/div><\/div><\/div><div class=\"fusion-layout-column fusion_builder_column_inner fusion-builder-nested-column-2 fusion_builder_column_inner_1_3 1_3 fusion-one-third fusion-column-last\" style=\"--awb-bg-size:cover;width:33.333333333333%;width:calc(33.333333333333% - ( ( 4% + 4% ) * 0.33333333333333 ) );\"><div class=\"fusion-column-wrapper fusion-flex-column-wrapper-legacy\"><div class=\"fusion-image-element in-legacy-container\" style=\"--awb-caption-title-font-family:var(--h2_typography-font-family);--awb-caption-title-font-weight:var(--h2_typography-font-weight);--awb-caption-title-font-style:var(--h2_typography-font-style);--awb-caption-title-size:var(--h2_typography-font-size);--awb-caption-title-transform:var(--h2_typography-text-transform);--awb-caption-title-line-height:var(--h2_typography-line-height);--awb-caption-title-letter-spacing:var(--h2_typography-letter-spacing);\"><span class=\" fusion-imageframe imageframe-none imageframe-3 hover-type-none\"><img decoding=\"async\" width=\"317\" height=\"453\" title=\"Juzo3\" src=\"\/wp-content\/uploads\/2018\/09\/Juzo3.jpg\" alt class=\"img-responsive wp-image-216\" srcset=\"https:\/\/burkholz-orthopaedie.de\/wp-content\/uploads\/2018\/09\/Juzo3-200x286.jpg 200w, https:\/\/burkholz-orthopaedie.de\/wp-content\/uploads\/2018\/09\/Juzo3.jpg 317w\" sizes=\"(max-width: 800px) 100vw, 317px\" \/><\/span><\/div><div class=\"fusion-clearfix\"><\/div><\/div><\/div><\/div><div class=\"fusion-sep-clear\"><\/div><div class=\"fusion-separator fusion-full-width-sep\" style=\"margin-left: auto;margin-right: auto;margin-top:10px;margin-bottom:40px;width:100%;\"><div class=\"fusion-separator-border sep-shadow\" style=\"--awb-height:20px;--awb-amount:20px;--awb-sep-color:rgba(1,130,172,0.25);background:radial-gradient(ellipse at 50% -50% , rgba(1,130,172,0.25) 0px, rgba(255, 255, 255, 0) 80%) repeat scroll 0 0 rgba(0, 0, 0, 0);background:-webkit-radial-gradient(ellipse at 50% -50% , rgba(1,130,172,0.25) 0px, rgba(255, 255, 255, 0) 80%) repeat scroll 0 0 rgba(0, 0, 0, 0);background:-moz-radial-gradient(ellipse at 50% -50% , rgba(1,130,172,0.25) 0px, rgba(255, 255, 255, 0) 80%) repeat scroll 0 0 rgba(0, 0, 0, 0);background:-o-radial-gradient(ellipse at 50% -50% , rgba(1,130,172,0.25) 0px, rgba(255, 255, 255, 0) 80%) repeat scroll 0 0 rgba(0, 0, 0, 0);\"><\/div><\/div><div class=\"fusion-sep-clear\"><\/div><div class=\"fusion-title title fusion-title-2 fusion-sep-none fusion-title-text fusion-title-size-one\" style=\"--awb-margin-bottom:20px;--awb-margin-top-small:10px;--awb-margin-right-small:0px;--awb-margin-bottom-small:10px;--awb-margin-left-small:0px;\"><h1 class=\"fusion-title-heading title-heading-left\" style=\"margin:0;\"><h3>Str\u00fcmpfe &#8211; Flachstrick<\/h3><\/h1><\/div><div class=\"fusion-text fusion-text-2\"><p>Die Kompressionstherapie mit flachgestrickten, individuell nach Ma\u00df angefertigten medizinischen Kompressionsstr\u00fcmpfen ist elementarer Bestandteil bei der Behandlung von Lip- und Lymph\u00f6demen. Ein Lip\u00f6dem (ugs. \u201eReiterhose\u201c) ist eine chronische Fettverteilungsst\u00f6rung an Ober- und Unterschenkeln und im H\u00fcftbereich, die meist vererbt wird. Die Ursache sind Fettzellvermehrungen, die nicht, wie beim \u00dcbergewicht, durch Gesichtsreduktion bek\u00e4mpft werden k\u00f6nnen.<br \/>\nFlachgestrickte Kompressionsstr\u00fcmpfe mit Naht werden Reihe f\u00fcr Reihe gestrickt. Das Gewebe flachgestrickter Kompressionsstr\u00fcmpfe ist relativ gering dehnbar (Kurzzugstr\u00fcmpfe) und weist einen hohen Arbeitsdruck auf. Dadurch setzen flachgestrickte Kompressionsversorgungen dem Gewebe einen h\u00f6heren Druck entgegen als rundgestrickte.<br \/>\nFlachstrick- Kompressionsstr\u00fcmpfe sind verschreibungspflichtig. Im Gegensatz zu serienm\u00e4\u00dfig hergestellten Rundstrickstr\u00fcmpfen werden flachgestrickte Kompressionsprodukte fast ausnahmslos in einem aufwendigen Verfahren ma\u00dfgefertigt. Das engmaschige Flachstrick-Verfahren erm\u00f6glicht anatomisch korrekte Nachbildungen, so dass der Strumpf den K\u00f6rperteil wie eine zweite Haut umschlie\u00dft.<\/p>\n<p><strong>Anwendung von Flachstrick-Kompressionsstr\u00fcmpfen<\/strong><\/p>\n<ul>\n<li>zur Behandlung von Lymph\u00f6demen, zum Beispiel einer nach Lymphdrainage zur Vermeidung von erneutem Fl\u00fcssigkeitsstau im Gewebe<\/li>\n<li>in der Therapie von Lip\u00f6demen mit dem Ziel, ein weiteres Fortschreiten des \u00d6dems zu verlangsamen oder sogar zu verhindern<\/li>\n<li>in der Verbrennungs- und Narbentherapie<\/li>\n<li>zur Wundheilung und Schmerzlinderung nach Amputation (Stumpfstr\u00fcmpfe) und \u00f6dematisierter Weichteile<\/li>\n<li>in komplexen anatomischen Situationen, in denen eine Kompressionstherapie mit Rundstrick-Kompressionsstr\u00fcmpfen nicht durchf\u00fchrbar ist.<\/li>\n<\/ul>\n<\/div><div class=\"fusion-sep-clear\"><\/div><div class=\"fusion-separator fusion-full-width-sep\" style=\"margin-left: auto;margin-right: auto;margin-top:10px;margin-bottom:40px;width:100%;\"><div class=\"fusion-separator-border sep-shadow\" style=\"--awb-height:20px;--awb-amount:20px;--awb-sep-color:rgba(1,130,172,0.25);background:radial-gradient(ellipse at 50% -50% , rgba(1,130,172,0.25) 0px, rgba(255, 255, 255, 0) 80%) repeat scroll 0 0 rgba(0, 0, 0, 0);background:-webkit-radial-gradient(ellipse at 50% -50% , rgba(1,130,172,0.25) 0px, rgba(255, 255, 255, 0) 80%) repeat scroll 0 0 rgba(0, 0, 0, 0);background:-moz-radial-gradient(ellipse at 50% -50% , rgba(1,130,172,0.25) 0px, rgba(255, 255, 255, 0) 80%) repeat scroll 0 0 rgba(0, 0, 0, 0);background:-o-radial-gradient(ellipse at 50% -50% , rgba(1,130,172,0.25) 0px, rgba(255, 255, 255, 0) 80%) repeat scroll 0 0 rgba(0, 0, 0, 0);\"><\/div><\/div><div class=\"fusion-sep-clear\"><\/div><div class=\"fusion-title title fusion-title-3 fusion-sep-none fusion-title-text fusion-title-size-one\" style=\"--awb-margin-bottom:20px;--awb-margin-top-small:10px;--awb-margin-right-small:0px;--awb-margin-bottom-small:10px;--awb-margin-left-small:0px;\"><h1 class=\"fusion-title-heading title-heading-left\" style=\"margin:0;\"><h3>Str\u00fcmpfe &#8211; Rundstrick<\/h3><\/h1><\/div><div class=\"fusion-text fusion-text-3\"><p>Die klassische Kompressionsversorgung bei Venenerkrankungen wie Besenreissern, Krampfadern, und Thrombosen sowie bei Beinschwellungen z.B. in der Schwangerschaft ist der Rundstrickstrumpf.<br \/>\n\u201eRundgestrickte\u201c Kompressionsstr\u00fcmpfe sind medizinische Spezialstr\u00fcmpfe, die ohne Naht gestrickt werden. Der Strumpf wird mit gleichbleibender Maschenzahl \u00fcber die gesamte L\u00e4nge und mit variierender Maschengr\u00f6\u00dfe gefertigt. Diese Kompressionsstr\u00fcmpfe sind sehr dehnbar (Langzugstr\u00fcmpfe) und haben im Vergleich zu flachgestrickten Kompressionsstr\u00fcmpfen einen niedrigeren Arbeitsdruck.<\/p>\n<p><strong>Anwendung von Rundstrick-Kompressionsstr\u00fcmpfen<\/strong><\/p>\n<ul>\n<li>Venenleiden respektive Beeintr\u00e4chtigungen des Venensystems<\/li>\n<li>Thrombosen<\/li>\n<li>Krampfadern<\/li>\n<li>vielfach empfohlen gegen Varizen (Krampfadern) in der Schwangerschaft<\/li>\n<\/ul>\n<\/div><div class=\"fusion-sep-clear\"><\/div><div class=\"fusion-separator fusion-full-width-sep\" style=\"margin-left: auto;margin-right: auto;margin-top:10px;margin-bottom:40px;width:100%;\"><div class=\"fusion-separator-border sep-shadow\" style=\"--awb-height:20px;--awb-amount:20px;--awb-sep-color:rgba(1,130,172,0.25);background:radial-gradient(ellipse at 50% -50% , rgba(1,130,172,0.25) 0px, rgba(255, 255, 255, 0) 80%) repeat scroll 0 0 rgba(0, 0, 0, 0);background:-webkit-radial-gradient(ellipse at 50% -50% , rgba(1,130,172,0.25) 0px, rgba(255, 255, 255, 0) 80%) repeat scroll 0 0 rgba(0, 0, 0, 0);background:-moz-radial-gradient(ellipse at 50% -50% , rgba(1,130,172,0.25) 0px, rgba(255, 255, 255, 0) 80%) repeat scroll 0 0 rgba(0, 0, 0, 0);background:-o-radial-gradient(ellipse at 50% -50% , rgba(1,130,172,0.25) 0px, rgba(255, 255, 255, 0) 80%) repeat scroll 0 0 rgba(0, 0, 0, 0);\"><\/div><\/div><div class=\"fusion-sep-clear\"><\/div><div class=\"fusion-title title fusion-title-4 fusion-sep-none fusion-title-text fusion-title-size-one\" style=\"--awb-margin-bottom:20px;--awb-margin-top-small:10px;--awb-margin-right-small:0px;--awb-margin-bottom-small:10px;--awb-margin-left-small:0px;\"><h1 class=\"fusion-title-heading title-heading-left\" style=\"margin:0;\"><h3>Reise- und St\u00fctzstr\u00fcmpfe<\/h3><\/h1><\/div><div class=\"fusion-text fusion-text-4\"><p>St\u00fctzstr\u00fcmpfe d\u00fcrfen nicht mit medizinischen Kompressionsstr\u00fcmpfen verwechselt werden. Sie werden auch als Reise- und Vitalstr\u00fcmpfe bezeichnet und eignen sich ausschlie\u00dflich f\u00fcr Venengesunde \u2013 zur Vorbeugung gegen schwere, m\u00fcde Beine bei langem Stehen oder Sitzen. Empfehlenswert sind St\u00fctzstr\u00fcmpfe f\u00fcr lange Reisen mit dem Auto, Zug oder Flugzeug, da sie aufgrund von Bewegungsmangel einer Reisethrombose entgegenwirken. Als vorbeugende Ma\u00dfnahme werden diese Produkte nicht von den Krankenkassen bezahlt und k\u00f6nnen bei einer bestehenden Venenerkrankung einen Kompressionsstrumpf auch nicht ersetzen.<br \/>\nSt\u00fctzstr\u00fcmpfe sind wesentlich d\u00fcnner und haben meist eine andere Materialzusammensetzung als ihre medizinischen Verwandten.<\/p>\n<\/div><div class=\"fusion-clearfix\"><\/div><\/div><\/div><div class=\"fusion-layout-column fusion_builder_column fusion-builder-column-2 fusion_builder_column_1_4 1_4 fusion-one-fourth fusion-column-last\" style=\"--awb-bg-color:rgba(255,255,255,0.08);--awb-bg-color-hover:rgba(255,255,255,0.08);--awb-bg-size:cover;width:25%;width:calc(25% - ( ( 4% ) * 0.25 ) );\"><div class=\"fusion-column-wrapper fusion-flex-column-wrapper-legacy\"><div class=\"fusion-content-boxes content-boxes columns row fusion-columns-1 fusion-columns-total-1 fusion-content-boxes-1 content-boxes-clean-vertical content-left content-boxes-icon-on-top\" style=\"--awb-backgroundcolor:rgba(1,130,172,0.08);--awb-body-color:#000000;--awb-title-color:#0182ac;--awb-margin-top:0px;--awb-margin-bottom:0px;--awb-hover-accent-color:#a0ce4e;--awb-circle-hover-accent-color:#a0ce4e;--awb-item-margin-bottom:40px;\" data-animationOffset=\"top-into-view\"><div style=\"--awb-backgroundcolor:rgba(1,130,172,0.08);border-color:rgba(255,255,255,0);\" class=\"fusion-column content-box-column content-box-column content-box-column-1 col-lg-12 col-md-12 col-sm-12 fusion-content-box-hover content-box-column-last content-box-column-last-in-row\"><div class=\"col content-box-wrapper content-wrapper-background link-area-link-icon icon-hover-animation-fade\" data-animationOffset=\"top-into-view\"><div class=\"heading icon-left\"><h2 class=\"content-box-heading\" style=\"--h2_typography-font-size:18px;line-height:23px;\">Unsere Adresse:<\/h2><\/div><div class=\"fusion-clearfix\"><\/div><div class=\"content-container\">\n<p>Badtorstra\u00dfe 16<br \/>\n71711 Steinheim\/Murr<br \/>\nTel.: 0 71 44 \/ 2 48 35<br \/>\nFax: 0 71 44 \/ 20 94 10<br \/>\n<a href=\"mailto:post@burkholz-orthopaedie.de\">post@burkholz-orthopaedie.de<\/a><\/p>\n<\/div><\/div><\/div><div class=\"fusion-clearfix\"><\/div><\/div><div class=\"fusion-content-boxes content-boxes columns row fusion-columns-1 fusion-columns-total-1 fusion-content-boxes-2 content-boxes-clean-vertical content-left content-boxes-icon-on-top\" style=\"--awb-backgroundcolor:rgba(1,130,172,0.08);--awb-body-color:#000000;--awb-title-color:#0182ac;--awb-margin-top:0px;--awb-margin-bottom:0px;--awb-hover-accent-color:#a0ce4e;--awb-circle-hover-accent-color:#a0ce4e;--awb-item-margin-bottom:40px;\" data-animationOffset=\"top-into-view\"><div style=\"--awb-backgroundcolor:rgba(1,130,172,0.08);border-color:rgba(255,255,255,0);\" class=\"fusion-column content-box-column content-box-column content-box-column-1 col-lg-12 col-md-12 col-sm-12 fusion-content-box-hover content-box-column-last content-box-column-last-in-row\"><div class=\"col content-box-wrapper content-wrapper-background link-area-link-icon icon-hover-animation-fade\" data-animationOffset=\"top-into-view\"><div class=\"heading icon-left\"><h2 class=\"content-box-heading\" style=\"--h2_typography-font-size:18px;line-height:23px;\">Unsere \u00d6ffnungzeiten:<\/h2><\/div><div class=\"fusion-clearfix\"><\/div><div class=\"content-container\">\n<p><strong>Montag \u2013 Freitag<\/strong><br \/>\n08:00 \u2013 12:30 Uhr<br \/>\n14:30 \u2013 18:00 Uhr<br \/>\n<strong>Samstag<\/strong><br \/>\n09:00 \u2013 12:30 Uhr<\/p>\n<p>Mittwochnachmittag geschlossen<br \/>\nTermine nach Vereinbarung<\/p>\n<\/div><\/div><\/div><div class=\"fusion-clearfix\"><\/div><\/div><div class=\"fusion-sep-clear\"><\/div><div class=\"fusion-separator fusion-full-width-sep\" style=\"margin-left: auto;margin-right: auto;margin-top:10px;margin-bottom:10px;width:100%;\"><div class=\"fusion-separator-border sep-shadow\" style=\"--awb-height:20px;--awb-amount:20px;--awb-sep-color:#0182ac;background:radial-gradient(ellipse at 50% -50% , #0182ac 0px, rgba(255, 255, 255, 0) 80%) repeat scroll 0 0 rgba(0, 0, 0, 0);background:-webkit-radial-gradient(ellipse at 50% -50% , #0182ac 0px, rgba(255, 255, 255, 0) 80%) repeat scroll 0 0 rgba(0, 0, 0, 0);background:-moz-radial-gradient(ellipse at 50% -50% , #0182ac 0px, rgba(255, 255, 255, 0) 80%) repeat scroll 0 0 rgba(0, 0, 0, 0);background:-o-radial-gradient(ellipse at 50% -50% , #0182ac 0px, rgba(255, 255, 255, 0) 80%) repeat scroll 0 0 rgba(0, 0, 0, 0);\"><\/div><\/div><div class=\"fusion-sep-clear\"><\/div><div class=\"fusion-text fusion-text-5\"><h5 style=\"text-align: center;\">Ihre Ansprechpartnerinnen:<\/h5>\n<\/div><div class=\"fusion-image-element fusion-image-align-center in-legacy-container\" style=\"text-align:center;--awb-caption-title-font-family:var(--h2_typography-font-family);--awb-caption-title-font-weight:var(--h2_typography-font-weight);--awb-caption-title-font-style:var(--h2_typography-font-style);--awb-caption-title-size:var(--h2_typography-font-size);--awb-caption-title-transform:var(--h2_typography-text-transform);--awb-caption-title-line-height:var(--h2_typography-line-height);--awb-caption-title-letter-spacing:var(--h2_typography-letter-spacing);\"><div class=\"imageframe-align-center\"><span class=\" fusion-imageframe imageframe-none imageframe-4 hover-type-none\"><img decoding=\"async\" width=\"150\" height=\"150\" title=\"022_Burkholz_kaiser\" src=\"\/wp-content\/uploads\/2018\/09\/022_Burkholz_kaiser-150x150.jpg\" alt class=\"img-responsive wp-image-220\" srcset=\"https:\/\/burkholz-orthopaedie.de\/wp-content\/uploads\/2018\/09\/022_Burkholz_kaiser-66x66.jpg 66w, https:\/\/burkholz-orthopaedie.de\/wp-content\/uploads\/2018\/09\/022_Burkholz_kaiser-150x150.jpg 150w, https:\/\/burkholz-orthopaedie.de\/wp-content\/uploads\/2018\/09\/022_Burkholz_kaiser.jpg 250w\" sizes=\"(max-width: 150px) 100vw, 150px\" \/><\/span><\/div><\/div><div class=\"fusion-text fusion-text-6\"><p style=\"text-align: center;\"><strong>Claudia Kaiser<\/strong><br \/>\nFachberaterin f\u00fcr Kompressionsversorgungen Fachbereich: Flachstrickversorgungen<\/p>\n<\/div><div class=\"fusion-sep-clear\"><\/div><div class=\"fusion-separator fusion-full-width-sep\" style=\"margin-left: auto;margin-right: auto;margin-top:10px;margin-bottom:10px;width:100%;\"><div class=\"fusion-separator-border sep-shadow\" style=\"--awb-height:20px;--awb-amount:20px;--awb-sep-color:#0182ac;background:radial-gradient(ellipse at 50% -50% , #0182ac 0px, rgba(255, 255, 255, 0) 80%) repeat scroll 0 0 rgba(0, 0, 0, 0);background:-webkit-radial-gradient(ellipse at 50% -50% , #0182ac 0px, rgba(255, 255, 255, 0) 80%) repeat scroll 0 0 rgba(0, 0, 0, 0);background:-moz-radial-gradient(ellipse at 50% -50% , #0182ac 0px, rgba(255, 255, 255, 0) 80%) repeat scroll 0 0 rgba(0, 0, 0, 0);background:-o-radial-gradient(ellipse at 50% -50% , #0182ac 0px, rgba(255, 255, 255, 0) 80%) repeat scroll 0 0 rgba(0, 0, 0, 0);\"><\/div><\/div><div class=\"fusion-sep-clear\"><\/div><div class=\"fusion-image-element fusion-image-align-center in-legacy-container\" style=\"text-align:center;--awb-caption-title-font-family:var(--h2_typography-font-family);--awb-caption-title-font-weight:var(--h2_typography-font-weight);--awb-caption-title-font-style:var(--h2_typography-font-style);--awb-caption-title-size:var(--h2_typography-font-size);--awb-caption-title-transform:var(--h2_typography-text-transform);--awb-caption-title-line-height:var(--h2_typography-line-height);--awb-caption-title-letter-spacing:var(--h2_typography-letter-spacing);\"><div class=\"imageframe-align-center\"><span class=\" fusion-imageframe imageframe-none imageframe-5 hover-type-none\"><img decoding=\"async\" width=\"150\" height=\"150\" title=\"023_Burkholz_falch\" src=\"\/wp-content\/uploads\/2018\/09\/023_Burkholz_falch-150x150.jpg\" alt class=\"img-responsive wp-image-228\" srcset=\"https:\/\/burkholz-orthopaedie.de\/wp-content\/uploads\/2018\/09\/023_Burkholz_falch-66x66.jpg 66w, https:\/\/burkholz-orthopaedie.de\/wp-content\/uploads\/2018\/09\/023_Burkholz_falch-150x150.jpg 150w, https:\/\/burkholz-orthopaedie.de\/wp-content\/uploads\/2018\/09\/023_Burkholz_falch.jpg 250w\" sizes=\"(max-width: 150px) 100vw, 150px\" \/><\/span><\/div><\/div><div class=\"fusion-text fusion-text-7\"><p style=\"text-align: center;\"><strong>Anja Falch<\/strong><br \/>\nFachberaterin f\u00fcr Kompressionsversorgungen Fachbereich: Rundstrickversorgungen<\/p>\n<\/div><div class=\"fusion-clearfix\"><\/div><\/div><\/div><\/div><\/div><div class=\"fusion-fullwidth fullwidth-box fusion-builder-row-3 nonhundred-percent-fullwidth non-hundred-percent-height-scrolling\" style=\"--awb-border-radius-top-left:0px;--awb-border-radius-top-right:0px;--awb-border-radius-bottom-right:0px;--awb-border-radius-bottom-left:0px;--awb-flex-wrap:wrap;\" ><div class=\"fusion-builder-row fusion-row\"><\/div><\/div><\/p>\n","protected":false},"excerpt":{"rendered":"","protected":false},"author":1,"featured_media":0,"parent":0,"menu_order":0,"comment_status":"closed","ping_status":"closed","template":"","meta":{"footnotes":""},"class_list":["post-208","page","type-page","status-publish","hentry"],"_links":{"self":[{"href":"https:\/\/burkholz-orthopaedie.de\/index.php?rest_route=\/wp\/v2\/pages\/208","targetHints":{"allow":["GET"]}}],"collection":[{"href":"https:\/\/burkholz-orthopaedie.de\/index.php?rest_route=\/wp\/v2\/pages"}],"about":[{"href":"https:\/\/burkholz-orthopaedie.de\/index.php?rest_route=\/wp\/v2\/types\/page"}],"author":[{"embeddable":true,"href":"https:\/\/burkholz-orthopaedie.de\/index.php?rest_route=\/wp\/v2\/users\/1"}],"replies":[{"embeddable":true,"href":"https:\/\/burkholz-orthopaedie.de\/index.php?rest_route=%2Fwp%2Fv2%2Fcomments&post=208"}],"version-history":[{"count":20,"href":"https:\/\/burkholz-orthopaedie.de\/index.php?rest_route=\/wp\/v2\/pages\/208\/revisions"}],"predecessor-version":[{"id":406,"href":"https:\/\/burkholz-orthopaedie.de\/index.php?rest_route=\/wp\/v2\/pages\/208\/revisions\/406"}],"wp:attachment":[{"href":"https:\/\/burkholz-orthopaedie.de\/index.php?rest_route=%2Fwp%2Fv2%2Fmedia&parent=208"}],"curies":[{"name":"wp","href":"https:\/\/api.w.org\/{rel}","templated":true}]}}