{"id":193,"date":"2018-09-13T13:41:44","date_gmt":"2018-09-13T13:41:44","guid":{"rendered":"\/?page_id=193"},"modified":"2018-11-15T13:11:09","modified_gmt":"2018-11-15T13:11:09","slug":"downloads","status":"publish","type":"page","link":"https:\/\/burkholz-orthopaedie.de\/?page_id=193","title":{"rendered":"Downloads"},"content":{"rendered":"<p><div class=\"fusion-fullwidth fullwidth-box fusion-builder-row-1 nonhundred-percent-fullwidth non-hundred-percent-height-scrolling\" style=\"--awb-border-radius-top-left:0px;--awb-border-radius-top-right:0px;--awb-border-radius-bottom-right:0px;--awb-border-radius-bottom-left:0px;--awb-flex-wrap:wrap;\" ><div class=\"fusion-builder-row fusion-row\"><div class=\"fusion-layout-column fusion_builder_column fusion-builder-column-0 fusion_builder_column_1_1 1_1 fusion-one-full fusion-column-first fusion-column-last\" style=\"--awb-bg-size:cover;--awb-margin-bottom:0px;\"><div class=\"fusion-column-wrapper fusion-flex-column-wrapper-legacy\"><div class=\"fusion-image-carousel fusion-image-carousel-auto fusion-image-carousel-1 fusion-carousel-border\"><div class=\"awb-carousel awb-swiper awb-swiper-carousel awb-carousel--carousel awb-swiper-dots-position-bottom\" data-layout=\"carousel\" data-autoplay=\"no\" data-autoplayspeed=\"2500\" data-autoplaypause=\"no\" data-loop=\"yes\" data-columns=\"5\" data-columnsmedium=\"1\" data-columnssmall=\"1\" data-itemmargin=\"13\" data-itemwidth=\"180\" data-touchscroll=\"no\" data-freemode=\"no\" data-imagesize=\"auto\" data-scrollitems=\"0\" data-centeredslides=\"no\" data-rotationangle=\"50\" data-depth=\"100\" data-speed=\"500\" data-shadow=\"no\" data-pagination=\"bullets\" style=\"--awb-border-width:1px;--awb-border-color:#e9eaee;\"><div class=\"swiper-wrapper awb-image-carousel-wrapper fusion-flex-align-items-center\"><div class=\"swiper-slide\"><div class=\"fusion-carousel-item-wrapper\"><div class=\"fusion-image-wrapper hover-type-none\"><img decoding=\"async\" width=\"1500\" height=\"469\" src=\"https:\/\/burkholz-orthopaedie.de\/wp-content\/uploads\/2018\/09\/020_Burkholz_arbeitssicherheit.jpg\" class=\"attachment-full size-full\" alt=\"willkommen burkhlolz orthopaedie schuhtechnik \" srcset=\"https:\/\/burkholz-orthopaedie.de\/wp-content\/uploads\/2018\/09\/020_Burkholz_arbeitssicherheit-200x63.jpg 200w, https:\/\/burkholz-orthopaedie.de\/wp-content\/uploads\/2018\/09\/020_Burkholz_arbeitssicherheit-300x94.jpg 300w, https:\/\/burkholz-orthopaedie.de\/wp-content\/uploads\/2018\/09\/020_Burkholz_arbeitssicherheit-400x125.jpg 400w, https:\/\/burkholz-orthopaedie.de\/wp-content\/uploads\/2018\/09\/020_Burkholz_arbeitssicherheit-600x188.jpg 600w, https:\/\/burkholz-orthopaedie.de\/wp-content\/uploads\/2018\/09\/020_Burkholz_arbeitssicherheit-768x240.jpg 768w, https:\/\/burkholz-orthopaedie.de\/wp-content\/uploads\/2018\/09\/020_Burkholz_arbeitssicherheit-800x250.jpg 800w, https:\/\/burkholz-orthopaedie.de\/wp-content\/uploads\/2018\/09\/020_Burkholz_arbeitssicherheit-1024x320.jpg 1024w, https:\/\/burkholz-orthopaedie.de\/wp-content\/uploads\/2018\/09\/020_Burkholz_arbeitssicherheit-1200x375.jpg 1200w, https:\/\/burkholz-orthopaedie.de\/wp-content\/uploads\/2018\/09\/020_Burkholz_arbeitssicherheit.jpg 1500w\" sizes=\"(max-width: 1500px) 100vw, 1500px\" \/><\/div><\/div><\/div><\/div><div class=\"awb-swiper-button awb-swiper-button-prev\"><i class=\"awb-icon-angle-left\" aria-hidden=\"true\"><\/i><\/div><div class=\"awb-swiper-button awb-swiper-button-next\"><i class=\"awb-icon-angle-right\" aria-hidden=\"true\"><\/i><\/div><\/div><\/div><div class=\"fusion-clearfix\"><\/div><\/div><\/div><\/div><\/div><div class=\"fusion-fullwidth fullwidth-box fusion-builder-row-2 nonhundred-percent-fullwidth non-hundred-percent-height-scrolling\" style=\"--awb-border-radius-top-left:0px;--awb-border-radius-top-right:0px;--awb-border-radius-bottom-right:0px;--awb-border-radius-bottom-left:0px;--awb-flex-wrap:wrap;\" ><div class=\"fusion-builder-row fusion-row\"><div class=\"fusion-layout-column fusion_builder_column fusion-builder-column-1 fusion_builder_column_3_4 3_4 fusion-three-fourth fusion-column-first\" style=\"--awb-bg-size:cover;width:75%;width:calc(75% - ( ( 4% ) * 0.75 ) );margin-right: 4%;\"><div class=\"fusion-column-wrapper fusion-flex-column-wrapper-legacy\"><div class=\"fusion-title title fusion-title-1 fusion-sep-none fusion-title-center fusion-title-text fusion-title-size-one\" style=\"--awb-margin-bottom:20px;--awb-margin-top-small:10px;--awb-margin-right-small:0px;--awb-margin-bottom-small:10px;--awb-margin-left-small:0px;\"><h1 class=\"fusion-title-heading title-heading-center\" style=\"margin:0;\"><h3 style=\"text-align: left;\">Downloads und weitere Informationen<\/h3><\/h1><\/div><div class=\"fusion-text fusion-text-1\"><p>Wir stellen Ihnen nachfolgend eine m\u00f6gliche Vorgehensweise zur Beantragung Ihrer neuen Sicherheitsschuhe vor und stellen Ihnen die dazu notwendigen Formulare zur Verf\u00fcgung.\u00a0 Sollten Sie Fragen haben, k\u00f6nnen Sie gerne mit Ihren Formularen zu uns kommen! Wir helfen Ihnen gerne weiter!<\/p>\n<\/div><div class=\"accordian fusion-accordian\" style=\"--awb-border-size:1px;--awb-icon-size:10px;--awb-content-font-size:14px;--awb-icon-alignment:left;--awb-hover-color:#f9f9f9;--awb-border-color:#cccccc;--awb-background-color:#ffffff;--awb-divider-color:#e0dede;--awb-divider-hover-color:#e0dede;--awb-icon-color:#ffffff;--awb-title-color:#98bf0e;--awb-content-color:#000000;--awb-icon-box-color:#0182ac;--awb-toggle-hover-accent-color:#98bf0e;--awb-title-font-family:&quot;Open Sans&quot;;--awb-title-font-weight:400;--awb-title-font-style:normal;--awb-title-font-size:18px;--awb-content-font-family:&quot;Open Sans&quot;;--awb-content-font-style:normal;--awb-content-font-weight:400;\"><div class=\"panel-group fusion-toggle-icon-boxed\" id=\"accordion-193-1\"><div class=\"fusion-panel panel-default panel-603e2395f5f838e6d fusion-toggle-has-divider\"><div class=\"panel-heading\"><h4 class=\"panel-title toggle\" id=\"toggle_603e2395f5f838e6d\"><a aria-expanded=\"false\" aria-controls=\"603e2395f5f838e6d\" role=\"button\" data-toggle=\"collapse\" data-parent=\"#accordion-193-1\" data-target=\"#603e2395f5f838e6d\" href=\"#603e2395f5f838e6d\"><span class=\"fusion-toggle-icon-wrapper\" aria-hidden=\"true\"><i class=\"fa-fusion-box active-icon awb-icon-minus\" aria-hidden=\"true\"><\/i><i class=\"fa-fusion-box inactive-icon awb-icon-plus\" aria-hidden=\"true\"><\/i><\/span><span class=\"fusion-toggle-heading\">Leitfaden f\u00fcr Sie zur Beantragung Ihrer Sicherheitsschuhe<\/span><\/a><\/h4><\/div><div id=\"603e2395f5f838e6d\" class=\"panel-collapse collapse \" aria-labelledby=\"toggle_603e2395f5f838e6d\"><div class=\"panel-body toggle-content fusion-clearfix\">\n<ol>\n<li>Ihr Betrieb bescheinigt die Notwendigkeit des Tragens von Sicherheitsschuhen<\/li>\n<li>Ihr Betriebsarzt oder behandelnde Orthop\u00e4de bescheinigt die Notwendigkeit des Tragens von orthop\u00e4dischen Einlagen<\/li>\n<li>Sie kommen mit den Bescheinigungen und Ihrem Arbeitsschuh bei uns vorbei<\/li>\n<li>Wir pr\u00fcfen, ob wir f\u00fcr Ihr Schuhmodell baumustergepr\u00fcfte orthop\u00e4dische Einlagen anfertigen k\u00f6nnen<\/li>\n<li>Wir erstellen f\u00fcr Sie einen Antrag mit Kostenvoranschlag. Sie reichen diesen pers\u00f6nlich beim in Frage kommenden Kostentr\u00e4ger ein.<\/li>\n<\/ol>\n<\/div><\/div><\/div><div class=\"fusion-panel panel-default panel-02521dc05c6fbf551 fusion-toggle-has-divider\"><div class=\"panel-heading\"><h4 class=\"panel-title toggle\" id=\"toggle_02521dc05c6fbf551\"><a aria-expanded=\"false\" aria-controls=\"02521dc05c6fbf551\" role=\"button\" data-toggle=\"collapse\" data-parent=\"#accordion-193-1\" data-target=\"#02521dc05c6fbf551\" href=\"#02521dc05c6fbf551\"><span class=\"fusion-toggle-icon-wrapper\" aria-hidden=\"true\"><i class=\"fa-fusion-box active-icon awb-icon-minus\" aria-hidden=\"true\"><\/i><i class=\"fa-fusion-box inactive-icon awb-icon-plus\" aria-hidden=\"true\"><\/i><\/span><span class=\"fusion-toggle-heading\">Download Formulare Erstantrag<\/span><\/a><\/h4><\/div><div id=\"02521dc05c6fbf551\" class=\"panel-collapse collapse \" aria-labelledby=\"toggle_02521dc05c6fbf551\"><div class=\"panel-body toggle-content fusion-clearfix\">\n<p>Bei einem erstmaligen Antrag ben\u00f6tigt die Deutschen Rentenversicherung Baden-W\u00fcrttemberg:<\/p>\n<ul>\n<li>vom Versicherten die Antragsformulare G0100 und G0133,<\/li>\n<li>vom Hausarzt einen Befundbericht REHA0200,<\/li>\n<li>vom Orthop\u00e4den einen Befundbericht REHA0205,<\/li>\n<li>vom Orthop\u00e4dieschuhmacher den Kostenvoranschlag sowie die hierf\u00fcr angefertigten Unterlagen und Messwerte, gegebenenfalls in Kopie und<\/li>\n<li>vom Arbeitgeber die Notwendigkeitsbescheinigung G0134.<\/li>\n<\/ul>\n<\/div><\/div><\/div><div class=\"fusion-panel panel-default panel-7851045cd1d903d18 fusion-toggle-has-divider\"><div class=\"panel-heading\"><h4 class=\"panel-title toggle\" id=\"toggle_7851045cd1d903d18\"><a aria-expanded=\"false\" aria-controls=\"7851045cd1d903d18\" role=\"button\" data-toggle=\"collapse\" data-parent=\"#accordion-193-1\" data-target=\"#7851045cd1d903d18\" href=\"#7851045cd1d903d18\"><span class=\"fusion-toggle-icon-wrapper\" aria-hidden=\"true\"><i class=\"fa-fusion-box active-icon awb-icon-minus\" aria-hidden=\"true\"><\/i><i class=\"fa-fusion-box inactive-icon awb-icon-plus\" aria-hidden=\"true\"><\/i><\/span><span class=\"fusion-toggle-heading\"> Download Formulare Folgeantrag<\/span><\/a><\/h4><\/div><div id=\"7851045cd1d903d18\" class=\"panel-collapse collapse \" aria-labelledby=\"toggle_7851045cd1d903d18\"><div class=\"panel-body toggle-content fusion-clearfix\">\n<p>Bei jedem weiteren Antrag gilt ein verk\u00fcrztes Antragsverfahren. Der hierbei ben\u00f6tigte Vordruck REHA0031 beinhaltet Fragen zur Arbeitsunf\u00e4higkeit und zu gesundheitlichen Einschr\u00e4nkungen. Hieraus k\u00f6nnen sich Anhaltspunkte f\u00fcr weitere erforderliche Leistungen zur Teilhabe ergeben. Zur Bearbeitung ben\u00f6tigen wir:<\/p>\n<ul>\n<li>vom Versicherten den Kurzantrag REHA0031,<\/li>\n<li>vom Orthop\u00e4den die Verordnung,<\/li>\n<li>vom Orthop\u00e4dieschuhmacher den Kostenvoranschlag sowie die hierf\u00fcr angefertigten Unterlagen und Messwerte, gegebenenfalls in Kopie und<\/li>\n<li>vom Arbeitgeber die Notwendigkeitsbescheinigung G0134.<\/li>\n<\/ul>\n<\/div><\/div><\/div><div class=\"fusion-panel panel-default panel-4a05459b7abcbe1c7 fusion-toggle-has-divider\"><div class=\"panel-heading\"><h4 class=\"panel-title toggle\" id=\"toggle_4a05459b7abcbe1c7\"><a aria-expanded=\"false\" aria-controls=\"4a05459b7abcbe1c7\" role=\"button\" data-toggle=\"collapse\" data-parent=\"#accordion-193-1\" data-target=\"#4a05459b7abcbe1c7\" href=\"#4a05459b7abcbe1c7\"><span class=\"fusion-toggle-icon-wrapper\" aria-hidden=\"true\"><i class=\"fa-fusion-box active-icon awb-icon-minus\" aria-hidden=\"true\"><\/i><i class=\"fa-fusion-box inactive-icon awb-icon-plus\" aria-hidden=\"true\"><\/i><\/span><span class=\"fusion-toggle-heading\">Kostenfaktor Sicherheitsschuhe (f\u00fcr Arbeitsgeber)<\/span><\/a><\/h4><\/div><div id=\"4a05459b7abcbe1c7\" class=\"panel-collapse collapse \" aria-labelledby=\"toggle_4a05459b7abcbe1c7\"><div class=\"panel-body toggle-content fusion-clearfix\">\n<p>F\u00fcr viele Betriebe sind Sicherheitsschuhe ein Kostenfaktor, der relativ klein gehalten werden soll. Aber macht das wirklich Sinn, an der Sicherheit der Mitarbeiter zu sparen? Nein!<\/p>\n<p>Und zwar aus folgenden Gr\u00fcnden:<br \/>\nWenn man aber bedenkt, dass die F\u00fc\u00dfe der Mitarbeiter t\u00e4glich bis zu zehn Stunden in diesen Schuhen stecken, die eigentlich nur f\u00fcr den Fu\u00dfschutz und nicht f\u00fcr das Wohlbefinden des Tragenden gedacht sind, kann man sich vorstellen, wie unangenehm sich manche Schuhe anf\u00fchlen. Vor allem dann, wenn der Tr\u00e4ger auch noch an \u201eFu\u00dfproblemen\u201c leidet!<\/p>\n<p>Fu\u00dfprobleme k\u00f6nnen sich auch ganz schnell und gravierend auf das Knie-\/H\u00fcftgelenk und sogar auf den R\u00fccken auswirken. Somit entstehen sp\u00e4ter recht schnell Fehlzeiten durch Krankheitstage, welche die Einsparungen bei den Schuhen in k\u00fcrzester Zeit aufzehren und \u00fcbertreffen.<br \/>\nAus diesem Grund ist es oft besser, gerade bei Arbeits- und Sicherheitsschuhen ein bisschen mehr Zeit und Geld in die Qualit\u00e4t, Passform und vor allem in die orthop\u00e4dische Versorgung zu investieren.<\/p>\n<\/div><\/div><\/div><div class=\"fusion-panel panel-default panel-8a4a2754383257bee fusion-toggle-has-divider\"><div class=\"panel-heading\"><h4 class=\"panel-title toggle\" id=\"toggle_8a4a2754383257bee\"><a aria-expanded=\"false\" aria-controls=\"8a4a2754383257bee\" role=\"button\" data-toggle=\"collapse\" data-parent=\"#accordion-193-1\" data-target=\"#8a4a2754383257bee\" href=\"#8a4a2754383257bee\"><span class=\"fusion-toggle-icon-wrapper\" aria-hidden=\"true\"><i class=\"fa-fusion-box active-icon awb-icon-minus\" aria-hidden=\"true\"><\/i><i class=\"fa-fusion-box inactive-icon awb-icon-plus\" aria-hidden=\"true\"><\/i><\/span><span class=\"fusion-toggle-heading\">Kosten\u00fcbernahme<\/span><\/a><\/h4><\/div><div id=\"8a4a2754383257bee\" class=\"panel-collapse collapse \" aria-labelledby=\"toggle_8a4a2754383257bee\"><div class=\"panel-body toggle-content fusion-clearfix\">\n<p>Ergibt nach FASI (Fachvereinigung Arbeitssicherheit) eine Gef\u00e4hrdungsbeurteilung, dass f\u00fcr den betreffenden Arbeitsplatz Sicherheitsschuhe zu tragen sind, hat der Arbeitgeber diese dem Besch\u00e4ftigten kostenlos zur Verf\u00fcgung zu stellen. Allerdings tr\u00e4gt der Arbeitgeber nur die Kosten f\u00fcr Sicherheitsschuhe (gem. DIN EN ISO 20345) oder Schutzschuhe (gem. der DIN EN ISO 20346), die er auch f\u00fcr Besch\u00e4ftigte ohne Fu\u00dfbehinderung aufwenden muss.<\/p>\n<p>Wer die dar\u00fcber hinaus gehenden Kosten (z. B. f\u00fcr Schuhzurichtungen oder Einlagen) \u00fcbernimmt, ist davon abh\u00e4ngig wie die k\u00f6rperliche Einschr\u00e4nkung des Besch\u00e4ftigten entstanden ist (z. B. durch Arbeitsunfall oder angeboren). Ist sie auf einen Arbeitsunfall zur\u00fcckzuf\u00fchren, \u00fcbernimmt der Tr\u00e4ger der Unfallversicherung die erforderlichen Kosten. Bei den angeborenen bzw. anderweitig erlittenen Fu\u00dfbehinderungen k\u00f6nnen die Kosten von den Tr\u00e4gern der gesetzlichen Rentenversicherung, der Bundesagentur f\u00fcr Arbeit, den Tr\u00e4gern der Kriegsopferversorgung und Kriegsopferf\u00fcrsorge, den Integrations\u00e4mtern, den Tr\u00e4gern der Sozialhilfe oder aber vom Arbeitgeber \u00fcbernommen werden.<\/p>\n<\/div><\/div><\/div><\/div><\/div><div class=\"fusion-clearfix\"><\/div><\/div><\/div><div class=\"fusion-layout-column fusion_builder_column fusion-builder-column-2 fusion_builder_column_1_4 1_4 fusion-one-fourth fusion-column-last\" style=\"--awb-bg-size:cover;width:25%;width:calc(25% - ( ( 4% ) * 0.25 ) );\"><div class=\"fusion-column-wrapper fusion-flex-column-wrapper-legacy\"><div class=\"fusion-content-boxes content-boxes columns row fusion-columns-1 fusion-columns-total-1 fusion-content-boxes-1 content-boxes-clean-vertical content-left content-boxes-icon-on-top\" style=\"--awb-backgroundcolor:rgba(1,130,172,0.08);--awb-body-color:#000000;--awb-title-color:#0182ac;--awb-margin-top:0px;--awb-margin-bottom:0px;--awb-hover-accent-color:#a0ce4e;--awb-circle-hover-accent-color:#a0ce4e;--awb-item-margin-bottom:40px;\" data-animationOffset=\"top-into-view\"><div style=\"--awb-backgroundcolor:rgba(1,130,172,0.08);border-color:rgba(255,255,255,0);\" class=\"fusion-column content-box-column content-box-column content-box-column-1 col-lg-12 col-md-12 col-sm-12 fusion-content-box-hover content-box-column-last content-box-column-last-in-row\"><div class=\"col content-box-wrapper content-wrapper-background link-area-link-icon icon-hover-animation-fade\" data-animationOffset=\"top-into-view\"><div class=\"heading icon-left\"><h2 class=\"content-box-heading\" style=\"--h2_typography-font-size:18px;line-height:23px;\">Unsere Adresse:<\/h2><\/div><div class=\"fusion-clearfix\"><\/div><div class=\"content-container\">\n<p>Badtorstra\u00dfe 16<br \/>\n71711 Steinheim\/Murr<br \/>\nTel.: 0 71 44 \/ 2 48 35<br \/>\nFax: 0 71 44 \/ 20 94 10<br \/>\n<a href=\"mailto:post@burkholz-orthopaedie.de\">post@burkholz-orthopaedie.de<\/a><\/p>\n<\/div><\/div><\/div><div class=\"fusion-clearfix\"><\/div><\/div><div class=\"fusion-content-boxes content-boxes columns row fusion-columns-1 fusion-columns-total-1 fusion-content-boxes-2 content-boxes-clean-vertical content-left content-boxes-icon-on-top\" style=\"--awb-backgroundcolor:rgba(1,130,172,0.08);--awb-body-color:#000000;--awb-title-color:#0182ac;--awb-margin-top:0px;--awb-margin-bottom:0px;--awb-hover-accent-color:#a0ce4e;--awb-circle-hover-accent-color:#a0ce4e;--awb-item-margin-bottom:40px;\" data-animationOffset=\"top-into-view\"><div style=\"--awb-backgroundcolor:rgba(1,130,172,0.08);border-color:rgba(255,255,255,0);\" class=\"fusion-column content-box-column content-box-column content-box-column-1 col-lg-12 col-md-12 col-sm-12 fusion-content-box-hover content-box-column-last content-box-column-last-in-row\"><div class=\"col content-box-wrapper content-wrapper-background link-area-link-icon icon-hover-animation-fade\" data-animationOffset=\"top-into-view\"><div class=\"heading icon-left\"><h2 class=\"content-box-heading\" style=\"--h2_typography-font-size:18px;line-height:23px;\">Unsere \u00d6ffnungzeiten:<\/h2><\/div><div class=\"fusion-clearfix\"><\/div><div class=\"content-container\">\n<p><strong>Montag \u2013 Freitag<\/strong><br \/>\n08:00 \u2013 12:30 Uhr<br \/>\n14:30 \u2013 18:00 Uhr<br \/>\n<strong>Samstag<\/strong><br \/>\n09:00 \u2013 12:30 Uhr<\/p>\n<p>Mittwochnachmittag geschlossen<br \/>\nTermine nach Vereinbarung<\/p>\n<\/div><\/div><\/div><div class=\"fusion-clearfix\"><\/div><\/div><div class=\"fusion-clearfix\"><\/div><\/div><\/div><\/div><\/div><\/p>\n","protected":false},"excerpt":{"rendered":"","protected":false},"author":1,"featured_media":0,"parent":0,"menu_order":0,"comment_status":"closed","ping_status":"closed","template":"","meta":{"footnotes":""},"class_list":["post-193","page","type-page","status-publish","hentry"],"_links":{"self":[{"href":"https:\/\/burkholz-orthopaedie.de\/index.php?rest_route=\/wp\/v2\/pages\/193","targetHints":{"allow":["GET"]}}],"collection":[{"href":"https:\/\/burkholz-orthopaedie.de\/index.php?rest_route=\/wp\/v2\/pages"}],"about":[{"href":"https:\/\/burkholz-orthopaedie.de\/index.php?rest_route=\/wp\/v2\/types\/page"}],"author":[{"embeddable":true,"href":"https:\/\/burkholz-orthopaedie.de\/index.php?rest_route=\/wp\/v2\/users\/1"}],"replies":[{"embeddable":true,"href":"https:\/\/burkholz-orthopaedie.de\/index.php?rest_route=%2Fwp%2Fv2%2Fcomments&post=193"}],"version-history":[{"count":5,"href":"https:\/\/burkholz-orthopaedie.de\/index.php?rest_route=\/wp\/v2\/pages\/193\/revisions"}],"predecessor-version":[{"id":395,"href":"https:\/\/burkholz-orthopaedie.de\/index.php?rest_route=\/wp\/v2\/pages\/193\/revisions\/395"}],"wp:attachment":[{"href":"https:\/\/burkholz-orthopaedie.de\/index.php?rest_route=%2Fwp%2Fv2%2Fmedia&parent=193"}],"curies":[{"name":"wp","href":"https:\/\/api.w.org\/{rel}","templated":true}]}}