{"id":187,"date":"2018-09-13T13:28:23","date_gmt":"2018-09-13T13:28:23","guid":{"rendered":"\/?page_id=187"},"modified":"2018-11-15T13:20:25","modified_gmt":"2018-11-15T13:20:25","slug":"rechtliche-grundlagen","status":"publish","type":"page","link":"https:\/\/burkholz-orthopaedie.de\/?page_id=187","title":{"rendered":"Rechtliche Grundlagen"},"content":{"rendered":"<p><div class=\"fusion-fullwidth fullwidth-box fusion-builder-row-1 nonhundred-percent-fullwidth non-hundred-percent-height-scrolling\" style=\"--awb-border-radius-top-left:0px;--awb-border-radius-top-right:0px;--awb-border-radius-bottom-right:0px;--awb-border-radius-bottom-left:0px;--awb-flex-wrap:wrap;\" ><div class=\"fusion-builder-row fusion-row\"><div class=\"fusion-layout-column fusion_builder_column fusion-builder-column-0 fusion_builder_column_1_1 1_1 fusion-one-full fusion-column-first fusion-column-last\" style=\"--awb-bg-size:cover;--awb-margin-bottom:0px;\"><div class=\"fusion-column-wrapper fusion-flex-column-wrapper-legacy\"><div class=\"fusion-image-carousel fusion-image-carousel-auto fusion-image-carousel-1 fusion-carousel-border\"><div class=\"awb-carousel awb-swiper awb-swiper-carousel awb-carousel--carousel awb-swiper-dots-position-bottom\" data-layout=\"carousel\" data-autoplay=\"no\" data-autoplayspeed=\"2500\" data-autoplaypause=\"no\" data-loop=\"yes\" data-columns=\"5\" data-columnsmedium=\"1\" data-columnssmall=\"1\" data-itemmargin=\"13\" data-itemwidth=\"180\" data-touchscroll=\"no\" data-freemode=\"no\" data-imagesize=\"auto\" data-scrollitems=\"0\" data-centeredslides=\"no\" data-rotationangle=\"50\" data-depth=\"100\" data-speed=\"500\" data-shadow=\"no\" data-pagination=\"bullets\" style=\"--awb-border-width:1px;--awb-border-color:#e9eaee;\"><div class=\"swiper-wrapper awb-image-carousel-wrapper fusion-flex-align-items-center\"><div class=\"swiper-slide\"><div class=\"fusion-carousel-item-wrapper\"><div class=\"fusion-image-wrapper hover-type-none\"><img decoding=\"async\" width=\"1500\" height=\"469\" src=\"https:\/\/burkholz-orthopaedie.de\/wp-content\/uploads\/2018\/09\/020_Burkholz_arbeitssicherheit.jpg\" class=\"attachment-full size-full\" alt=\"willkommen burkhlolz orthopaedie schuhtechnik \" srcset=\"https:\/\/burkholz-orthopaedie.de\/wp-content\/uploads\/2018\/09\/020_Burkholz_arbeitssicherheit-200x63.jpg 200w, https:\/\/burkholz-orthopaedie.de\/wp-content\/uploads\/2018\/09\/020_Burkholz_arbeitssicherheit-300x94.jpg 300w, https:\/\/burkholz-orthopaedie.de\/wp-content\/uploads\/2018\/09\/020_Burkholz_arbeitssicherheit-400x125.jpg 400w, https:\/\/burkholz-orthopaedie.de\/wp-content\/uploads\/2018\/09\/020_Burkholz_arbeitssicherheit-600x188.jpg 600w, https:\/\/burkholz-orthopaedie.de\/wp-content\/uploads\/2018\/09\/020_Burkholz_arbeitssicherheit-768x240.jpg 768w, https:\/\/burkholz-orthopaedie.de\/wp-content\/uploads\/2018\/09\/020_Burkholz_arbeitssicherheit-800x250.jpg 800w, https:\/\/burkholz-orthopaedie.de\/wp-content\/uploads\/2018\/09\/020_Burkholz_arbeitssicherheit-1024x320.jpg 1024w, https:\/\/burkholz-orthopaedie.de\/wp-content\/uploads\/2018\/09\/020_Burkholz_arbeitssicherheit-1200x375.jpg 1200w, https:\/\/burkholz-orthopaedie.de\/wp-content\/uploads\/2018\/09\/020_Burkholz_arbeitssicherheit.jpg 1500w\" sizes=\"(max-width: 1500px) 100vw, 1500px\" \/><\/div><\/div><\/div><\/div><div class=\"awb-swiper-button awb-swiper-button-prev\"><i class=\"awb-icon-angle-left\" aria-hidden=\"true\"><\/i><\/div><div class=\"awb-swiper-button awb-swiper-button-next\"><i class=\"awb-icon-angle-right\" aria-hidden=\"true\"><\/i><\/div><\/div><\/div><div class=\"fusion-clearfix\"><\/div><\/div><\/div><\/div><\/div><div class=\"fusion-fullwidth fullwidth-box fusion-builder-row-2 nonhundred-percent-fullwidth non-hundred-percent-height-scrolling\" style=\"--awb-border-radius-top-left:0px;--awb-border-radius-top-right:0px;--awb-border-radius-bottom-right:0px;--awb-border-radius-bottom-left:0px;--awb-flex-wrap:wrap;\" ><div class=\"fusion-builder-row fusion-row\"><div class=\"fusion-layout-column fusion_builder_column fusion-builder-column-1 fusion_builder_column_3_4 3_4 fusion-three-fourth fusion-column-first\" style=\"--awb-bg-size:cover;width:75%;width:calc(75% - ( ( 4% ) * 0.75 ) );margin-right: 4%;\"><div class=\"fusion-column-wrapper fusion-flex-column-wrapper-legacy\"><div class=\"fusion-title title fusion-title-1 fusion-sep-none fusion-title-center fusion-title-text fusion-title-size-one\" style=\"--awb-margin-bottom:20px;--awb-margin-top-small:10px;--awb-margin-right-small:0px;--awb-margin-bottom-small:10px;--awb-margin-left-small:0px;\"><h1 class=\"fusion-title-heading title-heading-center\" style=\"margin:0;\"><h3 style=\"text-align: left;\">Rechtliche Grundlagen<\/h3><\/h1><\/div><div class=\"fusion-text fusion-text-1\"><p>Sicherheits-, Schutz- und Berufsschuhe unterliegen einer Baumusterpr\u00fcfung nach DIN EN 20345, DIN EN 20346 und DIN EN 20347.<br \/>\nDie berufsgenossenschaftliche Vorschrift 191 (BGR 191) regelt den Einsatz von Fu\u00dfschutz als Teil der pers\u00f6nlichen Schutzausr\u00fcstung und deren Kosten\u00fcbernahme durch die Rentenversicherung, Berufsgenossenschaft etc. Hierzu z\u00e4hlt auch der Einsatz von orthop\u00e4dischen Ma\u00dfeinlagen und Schuhzurichtungen.<\/p>\n<p><strong>Was ist die DIN EN 345 und die DGUV 112-191?<\/strong><br \/>\nDie Vorschriften k\u00f6nnen Sie sich hier (Link: http:\/\/publikationen.dguv.de\/dguv\/pdf\/10002\/r-191.pdf) herunterladen.<br \/>\nDie DGUV 112-191 beinhaltet die Regeln f\u00fcr Sicherheit und Gesundheitsschutz, welche der Vermeidung von Arbeitsunf\u00e4llen, Berufskrankheiten und arbeitsbedingten Gesundheitsgefahren dienen.<br \/>\nDie Regelungen finden Anwendung auf die Auswahl, Beschaffung, Bereitstellung und die Benutzung von Fu\u00dfschutz. Der Fu\u00dfschutz z\u00e4hlt zur pers\u00f6nlichen Schutzausr\u00fcstung (PSA), z. B. Sicherheitsschuhe. Dementsprechend m\u00fcssen diese Schuhe einer EG-Baumusterpr\u00fcfung unterzogen werden und allen sicherheitstechnischen Anforderungen gen\u00fcgen, damit sie eine Zertifizierung nach den Normen DIN EN ISO 20345 &#8211; 20347 erhalten. Zur Best\u00e4tigung erh\u00e4lt der Schuh eine CE-Kennzeichnung.<br \/>\nDie berufsgenossenschaftliche Richtlinie s.o. umfasst die Regelungen rund um die orthop\u00e4dische Ver\u00e4nderung von Sicherheitsschuhen. Der Schuh muss nach einer Ver\u00e4nderung noch den Anforderungen der Norm f\u00fcr Sicherheitsschuhe, der Norm EN ISO 20345 entsprechen.<\/p>\n<p><strong>Kann ich meine Arbeitsschuhe nicht auch im Baumarkt holen?<\/strong><br \/>\nHier gilt: Sicherheit geht vor! Billige Hersteller haben meist keine s.o. Zertifizierung durchf\u00fchren lassen. Au\u00dferdem sollten sie auf die CE Kennzeichnung achten.<br \/>\nFragen Sie bei Ihrem Fachh\u00e4ndler vor Ort, Ihrem Orthop\u00e4dieschuhmacher oder beim Hersteller nach, ob es f\u00fcr Ihr Modell Zertifizierung nach s.o. gibt. Sollte dies nicht der Fall sein: Finger weg!<\/p>\n<\/div><div class=\"fusion-clearfix\"><\/div><\/div><\/div><div class=\"fusion-layout-column fusion_builder_column fusion-builder-column-2 fusion_builder_column_1_4 1_4 fusion-one-fourth fusion-column-last\" style=\"--awb-bg-size:cover;width:25%;width:calc(25% - ( ( 4% ) * 0.25 ) );\"><div class=\"fusion-column-wrapper fusion-flex-column-wrapper-legacy\"><div class=\"fusion-content-boxes content-boxes columns row fusion-columns-1 fusion-columns-total-1 fusion-content-boxes-1 content-boxes-clean-vertical content-left content-boxes-icon-on-top\" style=\"--awb-backgroundcolor:rgba(1,130,172,0.08);--awb-body-color:#000000;--awb-title-color:#0182ac;--awb-margin-top:0px;--awb-margin-bottom:0px;--awb-hover-accent-color:#a0ce4e;--awb-circle-hover-accent-color:#a0ce4e;--awb-item-margin-bottom:40px;\" data-animationOffset=\"top-into-view\"><div style=\"--awb-backgroundcolor:rgba(1,130,172,0.08);border-color:rgba(255,255,255,0);\" class=\"fusion-column content-box-column content-box-column content-box-column-1 col-lg-12 col-md-12 col-sm-12 fusion-content-box-hover content-box-column-last content-box-column-last-in-row\"><div class=\"col content-box-wrapper content-wrapper-background link-area-link-icon icon-hover-animation-fade\" data-animationOffset=\"top-into-view\"><div class=\"heading icon-left\"><h2 class=\"content-box-heading\" style=\"--h2_typography-font-size:18px;line-height:23px;\">Unsere Adresse:<\/h2><\/div><div class=\"fusion-clearfix\"><\/div><div class=\"content-container\">\n<p>Badtorstra\u00dfe 16<br \/>\n71711 Steinheim\/Murr<br \/>\nTel.: 0 71 44 \/ 2 48 35<br \/>\nFax: 0 71 44 \/ 20 94 10<br \/>\n<a href=\"mailto:post@burkholz-orthopaedie.de\">post@burkholz-orthopaedie.de<\/a><\/p>\n<\/div><\/div><\/div><div class=\"fusion-clearfix\"><\/div><\/div><div class=\"fusion-content-boxes content-boxes columns row fusion-columns-1 fusion-columns-total-1 fusion-content-boxes-2 content-boxes-clean-vertical content-left content-boxes-icon-on-top\" style=\"--awb-backgroundcolor:rgba(1,130,172,0.08);--awb-body-color:#000000;--awb-title-color:#0182ac;--awb-margin-top:0px;--awb-margin-bottom:0px;--awb-hover-accent-color:#a0ce4e;--awb-circle-hover-accent-color:#a0ce4e;--awb-item-margin-bottom:40px;\" data-animationOffset=\"top-into-view\"><div style=\"--awb-backgroundcolor:rgba(1,130,172,0.08);border-color:rgba(255,255,255,0);\" class=\"fusion-column content-box-column content-box-column content-box-column-1 col-lg-12 col-md-12 col-sm-12 fusion-content-box-hover content-box-column-last content-box-column-last-in-row\"><div class=\"col content-box-wrapper content-wrapper-background link-area-link-icon icon-hover-animation-fade\" data-animationOffset=\"top-into-view\"><div class=\"heading icon-left\"><h2 class=\"content-box-heading\" style=\"--h2_typography-font-size:18px;line-height:23px;\">Unsere \u00d6ffnungzeiten:<\/h2><\/div><div class=\"fusion-clearfix\"><\/div><div class=\"content-container\">\n<p><strong>Montag \u2013 Freitag<\/strong><br \/>\n08:00 \u2013 12:30 Uhr<br \/>\n14:30 \u2013 18:00 Uhr<br \/>\n<strong>Samstag<\/strong><br \/>\n09:00 \u2013 12:30 Uhr<\/p>\n<p>Mittwochnachmittag geschlossen<br \/>\nTermine nach Vereinbarung<\/p>\n<\/div><\/div><\/div><div class=\"fusion-clearfix\"><\/div><\/div><div class=\"fusion-clearfix\"><\/div><\/div><\/div><\/div><\/div><\/p>\n","protected":false},"excerpt":{"rendered":"","protected":false},"author":1,"featured_media":0,"parent":0,"menu_order":0,"comment_status":"closed","ping_status":"closed","template":"","meta":{"footnotes":""},"class_list":["post-187","page","type-page","status-publish","hentry"],"_links":{"self":[{"href":"https:\/\/burkholz-orthopaedie.de\/index.php?rest_route=\/wp\/v2\/pages\/187","targetHints":{"allow":["GET"]}}],"collection":[{"href":"https:\/\/burkholz-orthopaedie.de\/index.php?rest_route=\/wp\/v2\/pages"}],"about":[{"href":"https:\/\/burkholz-orthopaedie.de\/index.php?rest_route=\/wp\/v2\/types\/page"}],"author":[{"embeddable":true,"href":"https:\/\/burkholz-orthopaedie.de\/index.php?rest_route=\/wp\/v2\/users\/1"}],"replies":[{"embeddable":true,"href":"https:\/\/burkholz-orthopaedie.de\/index.php?rest_route=%2Fwp%2Fv2%2Fcomments&post=187"}],"version-history":[{"count":4,"href":"https:\/\/burkholz-orthopaedie.de\/index.php?rest_route=\/wp\/v2\/pages\/187\/revisions"}],"predecessor-version":[{"id":410,"href":"https:\/\/burkholz-orthopaedie.de\/index.php?rest_route=\/wp\/v2\/pages\/187\/revisions\/410"}],"wp:attachment":[{"href":"https:\/\/burkholz-orthopaedie.de\/index.php?rest_route=%2Fwp%2Fv2%2Fmedia&parent=187"}],"curies":[{"name":"wp","href":"https:\/\/api.w.org\/{rel}","templated":true}]}}