{"id":180,"date":"2018-09-13T13:22:09","date_gmt":"2018-09-13T13:22:09","guid":{"rendered":"\/?page_id=180"},"modified":"2018-11-15T13:09:02","modified_gmt":"2018-11-15T13:09:02","slug":"arbeitssicherheit","status":"publish","type":"page","link":"https:\/\/burkholz-orthopaedie.de\/?page_id=180","title":{"rendered":"Arbeitssicherheit"},"content":{"rendered":"<p><div class=\"fusion-fullwidth fullwidth-box fusion-builder-row-1 nonhundred-percent-fullwidth non-hundred-percent-height-scrolling\" style=\"--awb-border-radius-top-left:0px;--awb-border-radius-top-right:0px;--awb-border-radius-bottom-right:0px;--awb-border-radius-bottom-left:0px;--awb-flex-wrap:wrap;\" ><div class=\"fusion-builder-row fusion-row\"><div class=\"fusion-layout-column fusion_builder_column fusion-builder-column-0 fusion_builder_column_1_1 1_1 fusion-one-full fusion-column-first fusion-column-last\" style=\"--awb-bg-size:cover;--awb-margin-bottom:0px;\"><div class=\"fusion-column-wrapper fusion-flex-column-wrapper-legacy\"><div class=\"fusion-image-carousel fusion-image-carousel-auto fusion-image-carousel-1 fusion-carousel-border\"><div class=\"awb-carousel awb-swiper awb-swiper-carousel awb-carousel--carousel awb-swiper-dots-position-bottom\" data-layout=\"carousel\" data-autoplay=\"no\" data-autoplayspeed=\"2500\" data-autoplaypause=\"no\" data-columns=\"5\" data-columnsmedium=\"1\" data-columnssmall=\"1\" data-itemmargin=\"13\" data-itemwidth=\"180\" data-touchscroll=\"no\" data-freemode=\"no\" data-imagesize=\"auto\" data-scrollitems=\"0\" data-centeredslides=\"no\" data-rotationangle=\"50\" data-depth=\"100\" data-speed=\"500\" data-shadow=\"no\" data-pagination=\"bullets\" style=\"--awb-border-width:1px;--awb-border-color:#e9eaee;\"><div class=\"swiper-wrapper awb-image-carousel-wrapper fusion-flex-align-items-center\"><div class=\"swiper-slide\"><div class=\"fusion-carousel-item-wrapper\"><div class=\"fusion-image-wrapper hover-type-none\"><img decoding=\"async\" width=\"1500\" height=\"469\" src=\"https:\/\/burkholz-orthopaedie.de\/wp-content\/uploads\/2018\/09\/020_Burkholz_arbeitssicherheit.jpg\" class=\"attachment-full size-full\" alt=\"willkommen burkhlolz orthopaedie schuhtechnik \" srcset=\"https:\/\/burkholz-orthopaedie.de\/wp-content\/uploads\/2018\/09\/020_Burkholz_arbeitssicherheit-200x63.jpg 200w, https:\/\/burkholz-orthopaedie.de\/wp-content\/uploads\/2018\/09\/020_Burkholz_arbeitssicherheit-300x94.jpg 300w, https:\/\/burkholz-orthopaedie.de\/wp-content\/uploads\/2018\/09\/020_Burkholz_arbeitssicherheit-400x125.jpg 400w, https:\/\/burkholz-orthopaedie.de\/wp-content\/uploads\/2018\/09\/020_Burkholz_arbeitssicherheit-600x188.jpg 600w, https:\/\/burkholz-orthopaedie.de\/wp-content\/uploads\/2018\/09\/020_Burkholz_arbeitssicherheit-768x240.jpg 768w, https:\/\/burkholz-orthopaedie.de\/wp-content\/uploads\/2018\/09\/020_Burkholz_arbeitssicherheit-800x250.jpg 800w, https:\/\/burkholz-orthopaedie.de\/wp-content\/uploads\/2018\/09\/020_Burkholz_arbeitssicherheit-1024x320.jpg 1024w, https:\/\/burkholz-orthopaedie.de\/wp-content\/uploads\/2018\/09\/020_Burkholz_arbeitssicherheit-1200x375.jpg 1200w, https:\/\/burkholz-orthopaedie.de\/wp-content\/uploads\/2018\/09\/020_Burkholz_arbeitssicherheit.jpg 1500w\" sizes=\"(max-width: 1500px) 100vw, 1500px\" \/><\/div><\/div><\/div><\/div><div class=\"awb-swiper-button awb-swiper-button-prev\"><i class=\"awb-icon-angle-left\" aria-hidden=\"true\"><\/i><\/div><div class=\"awb-swiper-button awb-swiper-button-next\"><i class=\"awb-icon-angle-right\" aria-hidden=\"true\"><\/i><\/div><\/div><\/div><div class=\"fusion-clearfix\"><\/div><\/div><\/div><\/div><\/div><div class=\"fusion-fullwidth fullwidth-box fusion-builder-row-2 nonhundred-percent-fullwidth non-hundred-percent-height-scrolling\" style=\"--awb-border-radius-top-left:0px;--awb-border-radius-top-right:0px;--awb-border-radius-bottom-right:0px;--awb-border-radius-bottom-left:0px;--awb-flex-wrap:wrap;\" ><div class=\"fusion-builder-row fusion-row\"><div class=\"fusion-layout-column fusion_builder_column fusion-builder-column-1 fusion_builder_column_3_4 3_4 fusion-three-fourth fusion-column-first\" style=\"--awb-bg-size:cover;width:75%;width:calc(75% - ( ( 4% ) * 0.75 ) );margin-right: 4%;\"><div class=\"fusion-column-wrapper fusion-flex-column-wrapper-legacy\"><div class=\"fusion-title title fusion-title-1 fusion-sep-none fusion-title-center fusion-title-text fusion-title-size-one\" style=\"--awb-margin-bottom:20px;--awb-margin-top-small:10px;--awb-margin-right-small:0px;--awb-margin-bottom-small:10px;--awb-margin-left-small:0px;\"><h1 class=\"fusion-title-heading title-heading-center\" style=\"margin:0;\"><h3 style=\"text-align: left;\">Arbeitssicherheit<\/h3><\/h1><\/div><div class=\"fusion-text fusion-text-1\"><p>Im allt\u00e4glichen Berufsleben vieler Gewerbearten besteht erh\u00f6htes Risiko von Fu\u00dfverletzungen bzw. Verletzungen, die durch unpassendes Schuhwerk hervorgerufen werden k\u00f6nnen. Gef\u00e4hrdungen entstehen besonders durch herab- und umfallende Gegenst\u00e4nde, N\u00e4gel und scharfkantige Gegenst\u00e4nde, Kontakt mit hei\u00dfen oder kalten Materialien usw.<br \/>\nArbeitssicherheitsschuhe wurden konzipiert, um diesen Gefahren vorzubeugen und sie dank ihrer Schutzeigenschaften abzuwenden. Denken Sie deshalb an Ihre Sicherheit und beugen Sie m\u00f6glichen Gefahren im Beruf durch geeignete Arbeitssicherheitsschuhe vor.<\/p>\n<\/div><div class=\"fusion-sep-clear\"><\/div><div class=\"fusion-separator fusion-full-width-sep\" style=\"margin-left: auto;margin-right: auto;margin-top:20px;margin-bottom:30px;width:100%;\"><div class=\"fusion-separator-border sep-shadow\" style=\"--awb-height:20px;--awb-amount:20px;--awb-sep-color:rgba(1,130,172,0.25);background:radial-gradient(ellipse at 50% -50% , rgba(1,130,172,0.25) 0px, rgba(255, 255, 255, 0) 80%) repeat scroll 0 0 rgba(0, 0, 0, 0);background:-webkit-radial-gradient(ellipse at 50% -50% , rgba(1,130,172,0.25) 0px, rgba(255, 255, 255, 0) 80%) repeat scroll 0 0 rgba(0, 0, 0, 0);background:-moz-radial-gradient(ellipse at 50% -50% , rgba(1,130,172,0.25) 0px, rgba(255, 255, 255, 0) 80%) repeat scroll 0 0 rgba(0, 0, 0, 0);background:-o-radial-gradient(ellipse at 50% -50% , rgba(1,130,172,0.25) 0px, rgba(255, 255, 255, 0) 80%) repeat scroll 0 0 rgba(0, 0, 0, 0);\"><\/div><\/div><div class=\"fusion-sep-clear\"><\/div><div class=\"fusion-title title fusion-title-2 fusion-sep-none fusion-title-center fusion-title-text fusion-title-size-one\" style=\"--awb-margin-bottom:20px;--awb-margin-top-small:10px;--awb-margin-right-small:0px;--awb-margin-bottom-small:10px;--awb-margin-left-small:0px;\"><h1 class=\"fusion-title-heading title-heading-center\" style=\"margin:0;\"><h3 style=\"text-align: left;\">Unsere Leistungen f\u00fcr Sie<\/h3><\/h1><\/div><div class=\"fusion-text fusion-text-2\"><p>Unsere F\u00fc\u00dfe leisten Schwerstarbeit und sollen ein Leben lang ihren Dienst tun. Jeder Fu\u00df ist anders und ganz unterschiedlichen Anforderungen ausgesetzt. Gerade auch durch die Belastung am Arbeitsplatz entstehen Fu\u00dffehlstellungen, die Ursache f\u00fcr starke Schmerzen bis in den R\u00fccken und Beeintr\u00e4chtigungen beim Gehen sein k\u00f6nnen. Ist es nicht an der Zeit, Ihren F\u00fc\u00dfen das zu geben, was sie brauchen? Sie tragen Sicherheitsschuhe, damit Ihre F\u00fc\u00dfe rundum gesch\u00fctzt sind. G\u00f6nnen Sie ihnen auch den bestm\u00f6glichen Schutz!<\/p>\n<\/div><div class=\"accordian fusion-accordian\" style=\"--awb-border-size:1px;--awb-icon-size:10px;--awb-content-font-size:14px;--awb-icon-alignment:left;--awb-hover-color:#f9f9f9;--awb-border-color:#cccccc;--awb-background-color:#ffffff;--awb-divider-color:#e0dede;--awb-divider-hover-color:#e0dede;--awb-icon-color:#ffffff;--awb-title-color:#98bf0e;--awb-content-color:#000000;--awb-icon-box-color:#0182ac;--awb-toggle-hover-accent-color:#98bf0e;--awb-title-font-family:&quot;Open Sans&quot;;--awb-title-font-weight:400;--awb-title-font-style:normal;--awb-title-font-size:18px;--awb-content-font-family:&quot;Open Sans&quot;;--awb-content-font-style:normal;--awb-content-font-weight:400;\"><div class=\"panel-group fusion-toggle-icon-boxed\" id=\"accordion-180-1\"><div class=\"fusion-panel panel-default panel-c5e1941a106042b66 fusion-toggle-has-divider\"><div class=\"panel-heading\"><h4 class=\"panel-title toggle\" id=\"toggle_c5e1941a106042b66\"><a aria-expanded=\"false\" aria-controls=\"c5e1941a106042b66\" role=\"button\" data-toggle=\"collapse\" data-parent=\"#accordion-180-1\" data-target=\"#c5e1941a106042b66\" href=\"#c5e1941a106042b66\"><span class=\"fusion-toggle-icon-wrapper\" aria-hidden=\"true\"><i class=\"fa-fusion-box active-icon awb-icon-minus\" aria-hidden=\"true\"><\/i><i class=\"fa-fusion-box inactive-icon awb-icon-plus\" aria-hidden=\"true\"><\/i><\/span><span class=\"fusion-toggle-heading\">Einlagen in Sicherheitsschuhe<\/span><\/a><\/h4><\/div><div id=\"c5e1941a106042b66\" class=\"panel-collapse collapse \" aria-labelledby=\"toggle_c5e1941a106042b66\"><div class=\"panel-body toggle-content fusion-clearfix\">\n<p><strong>Eine x-beliebige Einlage darf nicht rein!<\/strong><br \/>\nMan nehme einen Sicherheitsschuh, lege eine orthop\u00e4dische Einlage hinein und fertig ist der orthop\u00e4dische Fu\u00dfschutz: So einfach geht es nat\u00fcrlich nicht. Die Regelungen zum Fu\u00dfschutz schlie\u00dfen ausdr\u00fccklich auch orthop\u00e4dische Einlagen mit ein.<br \/>\nSicherheitsschuhe m\u00fcssen baumustergepr\u00fcft sein. Diese Regelung schlie\u00dft ausdr\u00fccklich auch alle orthop\u00e4dischen Anpassungen mit ein. Eine x-beliebige Einlage im Sicherheitsschuh zu verwenden w\u00fcrde eine Ver\u00e4nderung gegen\u00fcber dem gepr\u00fcften Baumuster bedeuten, wodurch der gepr\u00fcfte Status des Sicherheitsschuhs erlischt.<\/p>\n<p><strong>Warum darf ich im Winter meine warme Lammfelleinlage vom Discounter nicht in meine Sicherheitsschuhe legen?<\/strong><br \/>\nBereits vorhandene, private orthop\u00e4dische Einlagen d\u00fcrfen gem\u00e4\u00df BGR 191 nicht in vorgeschriebenen Sicherheitsschuhen verwendet werden, da diese keiner Baumusterpr\u00fcfung unterliegen, dies aber bei Sicherheitsschuhen zwingend vorgeschrieben ist. Ist eine (Lammfell-) Einlage oder das verwendete Material nicht mit einem Schuh zusammen zertifiziert, so erlischt die Sicherheitsklassifizierung. Dies bedeutet, dass bei einem Arbeitsunfall eine Teilschuld f\u00fcr Sie besteht.<\/p>\n<p><strong>Wozu eine orthop\u00e4dische Einlage im Sicherheitsschuh?<\/strong><br \/>\nDa auch Personen mit \u201eProblemf\u00fc\u00dfen\u201c auf Sicherheitsschuhe angewiesen sind, gibt es spezielle, genormte Einlagen, die vom Hersteller vorgegeben sind und die besonderen Herstellungsverfahren und speziellen Pr\u00fcfungen unterliegen. Nur solche speziellen Einlagen d\u00fcrfen in den jeweiligen Sicherheitsschuhen verwendet und getragen werden.<br \/>\nZun\u00e4chst einmal muss nat\u00fcrlich die medizinische Indikation nachgewiesen werden. Erfordert der Schuhtr\u00e4ger tats\u00e4chlich entsprechendes Schuhwerk, so muss die Umsetzung von fachkundigem Personal (Orthop\u00e4dieschuhmacher\/-in) durchgef\u00fchrt werden. Im Anschluss m\u00fcssen Schuh und orthop\u00e4dische Einlage nochmals in Kombination baumustergepr\u00fcft werden.<br \/>\nUm orthop\u00e4dische Einlagen in Sicherheitsschuhe legen zu k\u00f6nnen, muss auf dem Karton\/Schuh die Bezeichnung &#8220; BGR191 &#8220; abgebildet sein. Schuhe ohne diese Bezeichnung sind NICHT f\u00fcr Einlagen oder Schuhzurichtungen zertifiziert.<\/p>\n<p><strong>Kosten von orthop\u00e4dischen Einlagen<\/strong><br \/>\nGrunds\u00e4tzlich gilt, dass der Arbeitgeber f\u00fcr die Versorgung mit geeignetem Fu\u00dfschutz (Pers\u00f6nliche Schutzausr\u00fcstung), der allgemeinen ergonomischen Anforderungen und gesundheitlichen Erfordernissen entsprechen muss, zust\u00e4ndig ist. Das bedeutet, die Arbeitssicherheitsschuhe werden dem Arbeitnehmer gestellt. Diese Schuhe m\u00fcssen lediglich eine CE-Kennzeichnung aufweisen.<br \/>\nIm Falle einer orthop\u00e4dischen Ver\u00e4nderung der Schuhe im Sinne eines orthop\u00e4dischen Fu\u00dfschutzes kann der Arbeitgeber weitere Kosten \u00fcbernehmen (Nachfrage beim Sicherheitsbeauftragten der Firma), ist aber nicht verpflichtet dazu.<br \/>\nDie Deutsche Rentenversicherung oder die Bundesagentur f\u00fcr Arbeit kann die Kosten \u00fcbernehmen. Mehr dazu finden Sie hier (Link zu Arbeitssicherheit -&gt; Downloads und weitere Informationen)<\/p>\n<\/div><\/div><\/div><div class=\"fusion-panel panel-default panel-bc533910ebad9207a fusion-toggle-has-divider\"><div class=\"panel-heading\"><h4 class=\"panel-title toggle\" id=\"toggle_bc533910ebad9207a\"><a aria-expanded=\"false\" aria-controls=\"bc533910ebad9207a\" role=\"button\" data-toggle=\"collapse\" data-parent=\"#accordion-180-1\" data-target=\"#bc533910ebad9207a\" href=\"#bc533910ebad9207a\"><span class=\"fusion-toggle-icon-wrapper\" aria-hidden=\"true\"><i class=\"fa-fusion-box active-icon awb-icon-minus\" aria-hidden=\"true\"><\/i><i class=\"fa-fusion-box inactive-icon awb-icon-plus\" aria-hidden=\"true\"><\/i><\/span><span class=\"fusion-toggle-heading\">Ma\u00dfschuhe nach DGUV 112\/191<\/span><\/a><\/h4><\/div><div id=\"bc533910ebad9207a\" class=\"panel-collapse collapse \" aria-labelledby=\"toggle_bc533910ebad9207a\"><div class=\"panel-body toggle-content fusion-clearfix\">\n<p><strong>Beschwerdefrei den Arbeitstag meistern!<\/strong><br \/>\nArbeitssicherheitsschuhe, Schutzschuhe, Sicherheitsstiefel. Es gibt viele Begriffe f\u00fcr das vielleicht wichtigste \u201eKleidungsst\u00fcck\u201c auf Baustellen, in der Landwirtschaft oder anderen Arbeitspl\u00e4tzen mit besonderer Gef\u00e4hrdung f\u00fcr die F\u00fc\u00dfe. Arbeitsschutzschuhe sind daf\u00fcr da, unsere empfindlichen F\u00fc\u00dfe vor Verletzungen zu sch\u00fctzen.<br \/>\nDabei sollen sie m\u00f6glichst bequem sein, so dass man sie auch \u00fcber einen gesamten Arbeitstag schmerzfrei tragen kann. Doch l\u00e4ngst nicht jeder Schuh erf\u00fcllt dies. Da jedoch \u00fcber die H\u00e4lfte der Bev\u00f6lkerung von Fu\u00dfproblemen betroffen ist, k\u00f6nnen diese herk\u00f6mmlichen Sicherheitsschuhe nicht von ihnen getragen werden. In diesen besonderen F\u00e4llen kann eine Ma\u00dfanfertigung des Sicherheitsschuhs angefertigt werden.<br \/>\nWeitere Informationen und Download-Links f\u00fcr die Antragsformulare finden Sie hier (Link zu Arbeitssicherheit -&gt; Downloads und weitere Informationen).<\/p>\n<h3>Kriterien an Sicherheitsschuhe und Sicherheitsklassen<\/h3>\n<p><strong>Kriterien:<\/strong><\/p>\n<p>Bekommen Sie einen orthop\u00e4dischen Arbeitsschuh oder Sicherheitsschuh verordnet, muss dieser folgende Kriterien erf\u00fcllen:<\/p>\n<p><strong>Zehenschutz<\/strong><br \/>\ngenaue Einhaltung der L\u00e4nge der Kappe, Widerstand gegen Sto\u00df und Druck muss gew\u00e4hrleistet sein (200 Joule nach DIN EN 345; 100 Joule nach DIN EN 346)<\/p>\n<p><strong>Schuhoberteil<\/strong><br \/>\nHohe Rei\u00dfkraft, Festigkeit, Wasserdampfzahl, PH-Wert muss stimmen.<\/p>\n<p><strong>Blattfutter<\/strong><br \/>\nDickes Blattfutter, Hohe Rei\u00dfkraft, Abriebwiderstand, Wasserdampfdurchl\u00e4ssigkeit und Wasserdampfzahl, PH-Wert.<\/p>\n<p><strong>Lasche<\/strong><br \/>\nHohe Rei\u00dfkraft, PH-Wert.<\/p>\n<p><strong>Brandsohle<\/strong><br \/>\nDicke Brandsohle, PH-Wert, Wasseraufnahme und Wasserabgabe, Abriebwiderstand<\/p>\n<p><strong>Laufsohle<\/strong><br \/>\nDicke Laufsohle, Rei\u00dfkraft, Abriebwiderstand, Biegeverhalten, Hydrolyse Trennkraft zwischen Mehrschichtensohlen- Kraftstoffbest\u00e4ndigkeit.<\/p>\n<p><strong>Sicherheitsklassen<\/strong><br \/>\nOrthop\u00e4dische Sicherheitsschuhe m\u00fcssen wie regul\u00e4re Sicherheitsschuhe den Normen der entsprechenden Sicherheitsklasse, S1, S2 oder S3 entsprechen.<\/p>\n<p><strong>S1<\/strong><br \/>\nGeschlossener Fersenbereich (auch bei Halbschuhen), Antistatik und Energieaufnahmeverm\u00f6gen im Fersenbereich.<\/p>\n<p><strong>S2<\/strong><br \/>\nAnforderungen von S1 sowie Wasserdurchtritt und Wasseraufnahme.<\/p>\n<p><strong>S3<\/strong><br \/>\nAnforderungen von S2 sowie Durchtrittsicherheit und profilierte Laufsohle.<\/p>\n<\/div><\/div><\/div><div class=\"fusion-panel panel-default panel-919af66da809c41e7 fusion-toggle-has-divider\"><div class=\"panel-heading\"><h4 class=\"panel-title toggle\" id=\"toggle_919af66da809c41e7\"><a aria-expanded=\"false\" aria-controls=\"919af66da809c41e7\" role=\"button\" data-toggle=\"collapse\" data-parent=\"#accordion-180-1\" data-target=\"#919af66da809c41e7\" href=\"#919af66da809c41e7\"><span class=\"fusion-toggle-icon-wrapper\" aria-hidden=\"true\"><i class=\"fa-fusion-box active-icon awb-icon-minus\" aria-hidden=\"true\"><\/i><i class=\"fa-fusion-box inactive-icon awb-icon-plus\" aria-hidden=\"true\"><\/i><\/span><span class=\"fusion-toggle-heading\">Zurichtungen an Sicherheitsschuhen<\/span><\/a><\/h4><\/div><div id=\"919af66da809c41e7\" class=\"panel-collapse collapse \" aria-labelledby=\"toggle_919af66da809c41e7\"><div class=\"panel-body toggle-content fusion-clearfix\">\n<p>Orthop\u00e4dische Schuhzurichtungen beinhalten die Einarbeitung von orthop\u00e4dischen Elementen. Das hei\u00dft, in vorhandenes Schuhwerk werden Hilfsmittel wie zum Beispiel Schmetterlingsrollen, Pufferabs\u00e4tze, Absatzerh\u00f6hungen usw. nach funktionellen und gesundheitlichen Gesichtspunkten integriert (siehe auch Orthop\u00e4die -&gt; Zurichtungen).<br \/>\nAuch nach der orthop\u00e4dischen Ver\u00e4nderung eines Sicherheitsschuhs muss wie bereits beschrieben laut BGR-191 die Baumusterpr\u00fcfung sprich Zertifizierung gew\u00e4hrleistet sein.<\/p>\n<h3>Folgende Zurichtungen sind m\u00f6glich<\/h3>\n<p><strong>Schmetterlingsrolle und Abrollsohle<\/strong><br \/>\nDie Schmetterlingsrolle dient mit ihrer Aussparung der Entlastung empfindlicher Mittelfu\u00dfk\u00f6pfchen, indem der Bodendruck durch ein Polster abgefedert wird. Eine zus\u00e4tzliche Abrollwirkung kann durch Ver\u00e4ndern des Abrollscheitelpunktes erzielt werden (nicht bei S3-Ausf\u00fchrung m\u00f6glich).<\/p>\n<p><strong>Innen- und Au\u00dfenranderh\u00f6hung<\/strong><br \/>\nDurch die Sohlenranderh\u00f6hung wird die Beinstatik ver\u00e4ndert.<br \/>\nMax. Erh\u00f6hung 0,8 cm<\/p>\n<p><strong>Schuherh\u00f6hung bis 3 cm<\/strong><br \/>\nSchuherh\u00f6hungen werden z.B. bei L\u00e4ngendifferenzen der Beine ben\u00f6tigt. Die Schuherh\u00f6hung sollte max. 3,5 cm betragen.<\/p>\n<p><strong>Weitere m\u00f6gliche Zurichtungen an einem Arbeitssicherheitsschuh sind:<\/strong><br \/>\nAbsatzerh\u00f6hung bis 2,0 cm<br \/>\nBallen-, Mittelfu\u00df-, oder Zehenrolle<\/p>\n<\/div><\/div><\/div><\/div><\/div><div class=\"fusion-clearfix\"><\/div><\/div><\/div><div class=\"fusion-layout-column fusion_builder_column fusion-builder-column-2 fusion_builder_column_1_4 1_4 fusion-one-fourth fusion-column-last\" style=\"--awb-bg-size:cover;width:25%;width:calc(25% - ( ( 4% ) * 0.25 ) );\"><div class=\"fusion-column-wrapper fusion-flex-column-wrapper-legacy\"><div class=\"fusion-content-boxes content-boxes columns row fusion-columns-1 fusion-columns-total-1 fusion-content-boxes-1 content-boxes-clean-vertical content-left content-boxes-icon-on-top\" style=\"--awb-backgroundcolor:rgba(1,130,172,0.08);--awb-body-color:#000000;--awb-title-color:#0182ac;--awb-margin-top:0px;--awb-margin-bottom:0px;--awb-hover-accent-color:#a0ce4e;--awb-circle-hover-accent-color:#a0ce4e;--awb-item-margin-bottom:40px;\" data-animationOffset=\"top-into-view\"><div style=\"--awb-backgroundcolor:rgba(1,130,172,0.08);border-color:rgba(255,255,255,0);\" class=\"fusion-column content-box-column content-box-column content-box-column-1 col-lg-12 col-md-12 col-sm-12 fusion-content-box-hover content-box-column-last content-box-column-last-in-row\"><div class=\"col content-box-wrapper content-wrapper-background link-area-link-icon icon-hover-animation-fade\" data-animationOffset=\"top-into-view\"><div class=\"heading icon-left\"><h2 class=\"content-box-heading\" style=\"--h2_typography-font-size:18px;line-height:23px;\">Unsere Adresse:<\/h2><\/div><div class=\"fusion-clearfix\"><\/div><div class=\"content-container\">\n<p>Badtorstra\u00dfe 16<br \/>\n71711 Steinheim\/Murr<br \/>\nTel.: 0 71 44 \/ 2 48 35<br \/>\nFax: 0 71 44 \/ 20 94 10<br \/>\n<a href=\"mailto:post@burkholz-orthopaedie.de\">post@burkholz-orthopaedie.de<\/a><\/p>\n<\/div><\/div><\/div><div class=\"fusion-clearfix\"><\/div><\/div><div class=\"fusion-content-boxes content-boxes columns row fusion-columns-1 fusion-columns-total-1 fusion-content-boxes-2 content-boxes-clean-vertical content-left content-boxes-icon-on-top\" style=\"--awb-backgroundcolor:rgba(1,130,172,0.08);--awb-body-color:#000000;--awb-title-color:#0182ac;--awb-margin-top:0px;--awb-margin-bottom:0px;--awb-hover-accent-color:#a0ce4e;--awb-circle-hover-accent-color:#a0ce4e;--awb-item-margin-bottom:40px;\" data-animationOffset=\"top-into-view\"><div style=\"--awb-backgroundcolor:rgba(1,130,172,0.08);border-color:rgba(255,255,255,0);\" class=\"fusion-column content-box-column content-box-column content-box-column-1 col-lg-12 col-md-12 col-sm-12 fusion-content-box-hover content-box-column-last content-box-column-last-in-row\"><div class=\"col content-box-wrapper content-wrapper-background link-area-link-icon icon-hover-animation-fade\" data-animationOffset=\"top-into-view\"><div class=\"heading icon-left\"><h2 class=\"content-box-heading\" style=\"--h2_typography-font-size:18px;line-height:23px;\">Unsere \u00d6ffnungzeiten:<\/h2><\/div><div class=\"fusion-clearfix\"><\/div><div class=\"content-container\">\n<p><strong>Montag \u2013 Freitag<\/strong><br \/>\n08:00 \u2013 12:30 Uhr<br \/>\n14:30 \u2013 18:00 Uhr<br \/>\n<strong>Samstag<\/strong><br \/>\n09:00 \u2013 12:30 Uhr<\/p>\n<p>Mittwochnachmittag geschlossen<br \/>\nTermine nach Vereinbarung<\/p>\n<\/div><\/div><\/div><div class=\"fusion-clearfix\"><\/div><\/div><div class=\"fusion-clearfix\"><\/div><\/div><\/div><\/div><\/div><\/p>\n","protected":false},"excerpt":{"rendered":"","protected":false},"author":1,"featured_media":0,"parent":0,"menu_order":0,"comment_status":"closed","ping_status":"closed","template":"","meta":{"footnotes":""},"class_list":["post-180","page","type-page","status-publish","hentry"],"_links":{"self":[{"href":"https:\/\/burkholz-orthopaedie.de\/index.php?rest_route=\/wp\/v2\/pages\/180","targetHints":{"allow":["GET"]}}],"collection":[{"href":"https:\/\/burkholz-orthopaedie.de\/index.php?rest_route=\/wp\/v2\/pages"}],"about":[{"href":"https:\/\/burkholz-orthopaedie.de\/index.php?rest_route=\/wp\/v2\/types\/page"}],"author":[{"embeddable":true,"href":"https:\/\/burkholz-orthopaedie.de\/index.php?rest_route=\/wp\/v2\/users\/1"}],"replies":[{"embeddable":true,"href":"https:\/\/burkholz-orthopaedie.de\/index.php?rest_route=%2Fwp%2Fv2%2Fcomments&post=180"}],"version-history":[{"count":7,"href":"https:\/\/burkholz-orthopaedie.de\/index.php?rest_route=\/wp\/v2\/pages\/180\/revisions"}],"predecessor-version":[{"id":392,"href":"https:\/\/burkholz-orthopaedie.de\/index.php?rest_route=\/wp\/v2\/pages\/180\/revisions\/392"}],"wp:attachment":[{"href":"https:\/\/burkholz-orthopaedie.de\/index.php?rest_route=%2Fwp%2Fv2%2Fmedia&parent=180"}],"curies":[{"name":"wp","href":"https:\/\/api.w.org\/{rel}","templated":true}]}}