{"id":164,"date":"2018-09-13T12:27:45","date_gmt":"2018-09-13T12:27:45","guid":{"rendered":"\/?page_id=164"},"modified":"2018-11-15T13:13:09","modified_gmt":"2018-11-15T13:13:09","slug":"massschuhe","status":"publish","type":"page","link":"https:\/\/burkholz-orthopaedie.de\/?page_id=164","title":{"rendered":"Ma\u00dfschuhe"},"content":{"rendered":"<p><div class=\"fusion-fullwidth fullwidth-box fusion-builder-row-1 nonhundred-percent-fullwidth non-hundred-percent-height-scrolling\" style=\"--awb-border-radius-top-left:0px;--awb-border-radius-top-right:0px;--awb-border-radius-bottom-right:0px;--awb-border-radius-bottom-left:0px;--awb-flex-wrap:wrap;\" ><div class=\"fusion-builder-row fusion-row\"><div class=\"fusion-layout-column fusion_builder_column fusion-builder-column-0 fusion_builder_column_1_1 1_1 fusion-one-full fusion-column-first fusion-column-last\" style=\"--awb-bg-size:cover;--awb-margin-bottom:0px;\"><div class=\"fusion-column-wrapper fusion-flex-column-wrapper-legacy\"><div class=\"fusion-image-carousel fusion-image-carousel-auto fusion-image-carousel-1 fusion-carousel-border\"><div class=\"awb-carousel awb-swiper awb-swiper-carousel awb-carousel--carousel awb-swiper-dots-position-bottom\" data-layout=\"carousel\" data-autoplay=\"no\" data-autoplayspeed=\"2500\" data-autoplaypause=\"no\" data-loop=\"yes\" data-columns=\"5\" data-columnsmedium=\"1\" data-columnssmall=\"1\" data-itemmargin=\"13\" data-itemwidth=\"180\" data-touchscroll=\"no\" data-freemode=\"no\" data-imagesize=\"auto\" data-scrollitems=\"0\" data-centeredslides=\"no\" data-rotationangle=\"50\" data-depth=\"100\" data-speed=\"500\" data-shadow=\"no\" data-pagination=\"bullets\" style=\"--awb-border-width:1px;--awb-border-color:#e9eaee;\"><div class=\"swiper-wrapper awb-image-carousel-wrapper fusion-flex-align-items-center\"><div class=\"swiper-slide\"><div class=\"fusion-carousel-item-wrapper\"><div class=\"fusion-image-wrapper hover-type-none\"><img decoding=\"async\" width=\"1500\" height=\"469\" src=\"https:\/\/burkholz-orthopaedie.de\/wp-content\/uploads\/2018\/09\/018_Burkholz_masschuhe.jpg\" class=\"attachment-full size-full\" alt=\"willkommen burkhlolz orthopaedie schuhtechnik \" srcset=\"https:\/\/burkholz-orthopaedie.de\/wp-content\/uploads\/2018\/09\/018_Burkholz_masschuhe-200x63.jpg 200w, https:\/\/burkholz-orthopaedie.de\/wp-content\/uploads\/2018\/09\/018_Burkholz_masschuhe-300x94.jpg 300w, https:\/\/burkholz-orthopaedie.de\/wp-content\/uploads\/2018\/09\/018_Burkholz_masschuhe-400x125.jpg 400w, https:\/\/burkholz-orthopaedie.de\/wp-content\/uploads\/2018\/09\/018_Burkholz_masschuhe-600x188.jpg 600w, https:\/\/burkholz-orthopaedie.de\/wp-content\/uploads\/2018\/09\/018_Burkholz_masschuhe-768x240.jpg 768w, https:\/\/burkholz-orthopaedie.de\/wp-content\/uploads\/2018\/09\/018_Burkholz_masschuhe-800x250.jpg 800w, https:\/\/burkholz-orthopaedie.de\/wp-content\/uploads\/2018\/09\/018_Burkholz_masschuhe-1024x320.jpg 1024w, https:\/\/burkholz-orthopaedie.de\/wp-content\/uploads\/2018\/09\/018_Burkholz_masschuhe-1200x375.jpg 1200w, https:\/\/burkholz-orthopaedie.de\/wp-content\/uploads\/2018\/09\/018_Burkholz_masschuhe.jpg 1500w\" sizes=\"(max-width: 1500px) 100vw, 1500px\" \/><\/div><\/div><\/div><\/div><div class=\"awb-swiper-button awb-swiper-button-prev\"><i class=\"awb-icon-angle-left\" aria-hidden=\"true\"><\/i><\/div><div class=\"awb-swiper-button awb-swiper-button-next\"><i class=\"awb-icon-angle-right\" aria-hidden=\"true\"><\/i><\/div><\/div><\/div><div class=\"fusion-clearfix\"><\/div><\/div><\/div><\/div><\/div><div class=\"fusion-fullwidth fullwidth-box fusion-builder-row-2 nonhundred-percent-fullwidth non-hundred-percent-height-scrolling\" style=\"--awb-border-radius-top-left:0px;--awb-border-radius-top-right:0px;--awb-border-radius-bottom-right:0px;--awb-border-radius-bottom-left:0px;--awb-flex-wrap:wrap;\" ><div class=\"fusion-builder-row fusion-row\"><div class=\"fusion-layout-column fusion_builder_column fusion-builder-column-1 fusion_builder_column_3_4 3_4 fusion-three-fourth fusion-column-first\" style=\"--awb-bg-size:cover;width:75%;width:calc(75% - ( ( 4% ) * 0.75 ) );margin-right: 4%;\"><div class=\"fusion-column-wrapper fusion-flex-column-wrapper-legacy\"><div class=\"fusion-title title fusion-title-1 fusion-sep-none fusion-title-center fusion-title-text fusion-title-size-one\" style=\"--awb-margin-bottom:20px;--awb-margin-top-small:10px;--awb-margin-right-small:0px;--awb-margin-bottom-small:10px;--awb-margin-left-small:0px;\"><h1 class=\"fusion-title-heading title-heading-center\" style=\"margin:0;\"><h3 style=\"text-align: left;\">Ma\u00dfschuhe<\/h3><\/h1><\/div><div class=\"fusion-text fusion-text-1\"><p>Wohlf\u00fchlen f\u00e4ngt bei den F\u00fc\u00dfen an: Barfu\u00df laufen, sanft aufsetzen und weich abrollen &#8211; so hat es die Natur gewollt. Die Realit\u00e4t sieht anders aus. Harte B\u00f6den und enge, hohe Abs\u00e4tze &#8222;bescheren&#8220; 80 % der Bev\u00f6lkerung Fu\u00dfprobleme. \u201eWer sch\u00f6n sein will, muss leiden&#8220; war gestern.<br \/>\nAbhilfe k\u00f6nnen Ma\u00dfschuhe schaffen, die bequem sind und die individuellen Bed\u00fcrfnisse des Tr\u00e4gers ber\u00fccksichtigen. Die Kombination zwischen handwerklicher Tradition und neuester Technik garantiert ein H\u00f6chstma\u00df an Funktionalit\u00e4t und optischem Anspruch.<br \/>\nWer auf Gesundheit achtet, braucht auf Mode nicht zu verzichten. Junges Design, modische Materialien, aktuelle Farben und feine Details pr\u00e4gen unsere orthop\u00e4dischen Ma\u00dfschuhe.<\/p>\n<\/div><div class=\"fusion-sep-clear\"><\/div><div class=\"fusion-separator fusion-full-width-sep\" style=\"margin-left: auto;margin-right: auto;margin-top:20px;margin-bottom:40px;width:100%;\"><div class=\"fusion-separator-border sep-shadow\" style=\"--awb-height:20px;--awb-amount:20px;--awb-sep-color:rgba(1,130,172,0.25);background:radial-gradient(ellipse at 50% -50% , rgba(1,130,172,0.25) 0px, rgba(255, 255, 255, 0) 80%) repeat scroll 0 0 rgba(0, 0, 0, 0);background:-webkit-radial-gradient(ellipse at 50% -50% , rgba(1,130,172,0.25) 0px, rgba(255, 255, 255, 0) 80%) repeat scroll 0 0 rgba(0, 0, 0, 0);background:-moz-radial-gradient(ellipse at 50% -50% , rgba(1,130,172,0.25) 0px, rgba(255, 255, 255, 0) 80%) repeat scroll 0 0 rgba(0, 0, 0, 0);background:-o-radial-gradient(ellipse at 50% -50% , rgba(1,130,172,0.25) 0px, rgba(255, 255, 255, 0) 80%) repeat scroll 0 0 rgba(0, 0, 0, 0);\"><\/div><\/div><div class=\"fusion-sep-clear\"><\/div><div class=\"accordian fusion-accordian\" style=\"--awb-border-size:1px;--awb-icon-size:10px;--awb-content-font-size:14px;--awb-icon-alignment:left;--awb-hover-color:#f9f9f9;--awb-border-color:#cccccc;--awb-background-color:#ffffff;--awb-divider-color:#e0dede;--awb-divider-hover-color:#e0dede;--awb-icon-color:#ffffff;--awb-title-color:#98bf0e;--awb-content-color:#000000;--awb-icon-box-color:#0182ac;--awb-toggle-hover-accent-color:#98bf0e;--awb-title-font-family:&quot;Open Sans&quot;;--awb-title-font-weight:400;--awb-title-font-style:normal;--awb-title-font-size:18px;--awb-content-font-family:&quot;Open Sans&quot;;--awb-content-font-style:normal;--awb-content-font-weight:400;\"><div class=\"panel-group fusion-toggle-icon-boxed\" id=\"accordion-164-1\"><div class=\"fusion-panel panel-default panel-dd17302e9b42339c3 fusion-toggle-has-divider\"><div class=\"panel-heading\"><h4 class=\"panel-title toggle\" id=\"toggle_dd17302e9b42339c3\"><a aria-expanded=\"false\" aria-controls=\"dd17302e9b42339c3\" role=\"button\" data-toggle=\"collapse\" data-parent=\"#accordion-164-1\" data-target=\"#dd17302e9b42339c3\" href=\"#dd17302e9b42339c3\"><span class=\"fusion-toggle-icon-wrapper\" aria-hidden=\"true\"><i class=\"fa-fusion-box active-icon awb-icon-minus\" aria-hidden=\"true\"><\/i><i class=\"fa-fusion-box inactive-icon awb-icon-plus\" aria-hidden=\"true\"><\/i><\/span><span class=\"fusion-toggle-heading\">Wann machen Ma\u00dfschuhe Sinn?<\/span><\/a><\/h4><\/div><div id=\"dd17302e9b42339c3\" class=\"panel-collapse collapse \" aria-labelledby=\"toggle_dd17302e9b42339c3\"><div class=\"panel-body toggle-content fusion-clearfix\">\n<p>Manchmal sind die Voraussetzungen f\u00fcr beschwerdefreies Gehen nicht gegeben oder stark eingeschr\u00e4nkt. Ganz gleich welche Ursache(n) hierf\u00fcr zugrunde liegt\/ liegen, der orthop\u00e4dische Ma\u00dfschuh ist oftmals das Mittel der Wahl, wenn sonstige orthop\u00e4dieschuhtechnische Versorgungen (wie z. B. orthop\u00e4dische Schuhzurichtungen oder Einlagen) zur Aufrechterhaltung oder Wiederherstellung der Gehfunktion nicht ausreichend sind. Ein Ma\u00dfschuh ist also ein in Handarbeit gefertigter, hochwertiger Schuh, der mit normalen Konfektionsschuhen nicht vergleichbar ist. Der orthop\u00e4dische Ma\u00dfschuh ist immer eine Spezialanfertigung, welche nach genauem Ma\u00dfnehmen und \u00fcber einen individuellen Leisten in unserer eigenen Werkstatt handwerklich gefertigt wird.<\/p>\n<p><strong>Schuhe f\u00fcr Problemf\u00fc\u00dfe? &#8211; Problemf\u00fc\u00dfe gibt es nicht!<\/strong><br \/>\nDenn in den meisten F\u00e4llen sind es n\u00e4mlich nicht die F\u00fc\u00dfe, die Probleme verursachen, sondern das falsche Schuhwerk. Auch, wenn Sie kurze, breite, schmale oder unterschiedlich gro\u00dfe F\u00fc\u00dfe haben oder sonst ein medizinisches Problem Ihre F\u00fc\u00dfe qu\u00e4lt, wissen Sie, dass es nicht so einfach ist, immer standfest zu sein. Mit der Wahl des passenden Schuhwerks k\u00f6nnen Sie den Gesundheitszustand Ihrer F\u00fc\u00dfe aktiv aufrechterhalten, Krankheiten vorbeugen und sich beim Gehen wieder wohl f\u00fchlen!<\/p>\n<p>Schmerzfrei und mit einem neuen Laufgef\u00fchl eine Shoppingtour oder eine langen Spaziergang absolvieren, wird zu Ihren neuen Erlebnissen geh\u00f6ren. Sch\u00f6n, wenn Sie uns davon berichten. Wir wissen dann, dass es sich f\u00fcr alle lohnt, in Qualit\u00e4t zu investieren.<\/p>\n<\/div><\/div><\/div><div class=\"fusion-panel panel-default panel-b22579d562b36a456 fusion-toggle-has-divider\"><div class=\"panel-heading\"><h4 class=\"panel-title toggle\" id=\"toggle_b22579d562b36a456\"><a aria-expanded=\"false\" aria-controls=\"b22579d562b36a456\" role=\"button\" data-toggle=\"collapse\" data-parent=\"#accordion-164-1\" data-target=\"#b22579d562b36a456\" href=\"#b22579d562b36a456\"><span class=\"fusion-toggle-icon-wrapper\" aria-hidden=\"true\"><i class=\"fa-fusion-box active-icon awb-icon-minus\" aria-hidden=\"true\"><\/i><i class=\"fa-fusion-box inactive-icon awb-icon-plus\" aria-hidden=\"true\"><\/i><\/span><span class=\"fusion-toggle-heading\">Ziele von orthop\u00e4dischen Ma\u00dfschuhen<\/span><\/a><\/h4><\/div><div id=\"b22579d562b36a456\" class=\"panel-collapse collapse \" aria-labelledby=\"toggle_b22579d562b36a456\"><div class=\"panel-body toggle-content fusion-clearfix\">\n<p>Ziel ist es, Schmerzen zu lindern, Mobilit\u00e4t zu steigern oder zu erhalten, das Gangbild zu stabilisieren und zu verbessern (z.B. Humpeln zu vermeiden) und Fehlbildungen zu verbergen. Dabei soll sich der Orthop\u00e4dische Ma\u00dfschuh optisch nicht wesentlich von konfektioniertem Schuhwerk unterscheiden.<br \/>\nOrthop\u00e4dische Ma\u00dfschuhe zeichnen sich durch folgende Eigenschaften aus:<br \/>\n\u2022 Druckentlastung<br \/>\n\u2022 Erm\u00f6glichung einer nat\u00fcrlichen Abrollbewegung<br \/>\n\u2022 Stabilisierung des Fu\u00dfbettes<br \/>\n\u2022 Verringerung von Schmerzen beim Gehen<br \/>\n\u2022 Ausgleich von Beinl\u00e4ngendifferenz<\/p>\n<\/div><\/div><\/div><div class=\"fusion-panel panel-default panel-730d65ffa208f5344 fusion-toggle-has-divider\"><div class=\"panel-heading\"><h4 class=\"panel-title toggle\" id=\"toggle_730d65ffa208f5344\"><a aria-expanded=\"false\" aria-controls=\"730d65ffa208f5344\" role=\"button\" data-toggle=\"collapse\" data-parent=\"#accordion-164-1\" data-target=\"#730d65ffa208f5344\" href=\"#730d65ffa208f5344\"><span class=\"fusion-toggle-icon-wrapper\" aria-hidden=\"true\"><i class=\"fa-fusion-box active-icon awb-icon-minus\" aria-hidden=\"true\"><\/i><i class=\"fa-fusion-box inactive-icon awb-icon-plus\" aria-hidden=\"true\"><\/i><\/span><span class=\"fusion-toggle-heading\">Arten von Ma\u00dfschuhen<\/span><\/a><\/h4><\/div><div id=\"730d65ffa208f5344\" class=\"panel-collapse collapse \" aria-labelledby=\"toggle_730d65ffa208f5344\"><div class=\"panel-body toggle-content fusion-clearfix\">\n<p><strong>Orthop\u00e4dische Stra\u00dfenschuhe<\/strong><br \/>\nOrthop\u00e4dische Stra\u00dfenschuhe sind individuell gefertigte Ma\u00dfschuhe, die f\u00fcr jeden einzelnen Fu\u00df individuell nach Ihren Anforderungen \u2013 in Abstimmung mit dem verordnenden Arzt \u2013 in Handarbeit gefertigt werden. Unser Bestreben ist es, Ihnen mit unseren orthop\u00e4dischen Ma\u00dfschuhen ein St\u00fcck Lebensqualit\u00e4t wiederzugeben und Ihnen den Alltag zu erleichtern.<\/p>\n<p><strong>Orthop\u00e4dische Hausschuhe<\/strong><br \/>\nEbenfalls ma\u00dfgefertigt und in der Regel leichter als orthop\u00e4dische Stra\u00dfenschuhe, erleichtern Ihnen orthop\u00e4dische Hausschuhe auch im h\u00e4uslichen Umfeld den Alltag.<\/p>\n<p><strong>Orthop\u00e4dische Sportschuhe<\/strong><br \/>\nOrthop\u00e4dische Sportschuhe sind Ma\u00dfanfertigungen mit einem an die gew\u00fcnschte Bewegungsform oder Sportart angepassten Schaftmodell, Bodenbau und Fu\u00dfbett.<\/p>\n<p><strong>Orthop\u00e4dische Kinderschuhe<\/strong><br \/>\nMit unserer Erfahrung in der Anfertigung von orthop\u00e4dischen Kinderschuhen nach Ma\u00df gehen wir individuell auf die Bed\u00fcrfnisse des Kindes ein.<\/p>\n<p><strong>Orthop\u00e4discher Innenschuh<\/strong><br \/>\nOrthop\u00e4dische Innenschuhe werden innerhalb Ihrer Konfektions- oder Ma\u00dfschuhe getragen. Die Kosten hierf\u00fcr werden bei \u00e4rztlicher Verordnung zumeist von der gesetzlichen Krankenversicherung \u00fcbernommen.<\/p>\n<p><strong>Spezialschuhe f\u00fcr Diabetiker + Rheumatiker<\/strong><br \/>\nFalsches Schuhwerk kann f\u00fcr Diabetespatienten schwerwiegende Folgen haben. Wir beraten seit vielen Jahren erfolgreichen Diabetiker bei der Erstellung orthop\u00e4discher Ma\u00dfschuhe in Diabetiker Ausf\u00fchrung. Auch Rheumaschuhe geh\u00f6ren zu unserem Programm.<\/p>\n<p><strong>Post-OP-Schuhe<\/strong><br \/>\nNach operativen Eingriffen oder Verletzungen am Fu\u00df oder Bein sind oft spezielle Schuhe erforderlich, um Ihre Gehf\u00e4higkeit aufrecht zu erhalten, den Fu\u00df zu entlasten und die Wundheilung zu unterst\u00fctzen.<\/p>\n<\/div><\/div><\/div><div class=\"fusion-panel panel-default panel-e316b14eefe4986b8 fusion-toggle-has-divider\"><div class=\"panel-heading\"><h4 class=\"panel-title toggle\" id=\"toggle_e316b14eefe4986b8\"><a aria-expanded=\"false\" aria-controls=\"e316b14eefe4986b8\" role=\"button\" data-toggle=\"collapse\" data-parent=\"#accordion-164-1\" data-target=\"#e316b14eefe4986b8\" href=\"#e316b14eefe4986b8\"><span class=\"fusion-toggle-icon-wrapper\" aria-hidden=\"true\"><i class=\"fa-fusion-box active-icon awb-icon-minus\" aria-hidden=\"true\"><\/i><i class=\"fa-fusion-box inactive-icon awb-icon-plus\" aria-hidden=\"true\"><\/i><\/span><span class=\"fusion-toggle-heading\">Ma\u00dfschuhe auf Rezept<\/span><\/a><\/h4><\/div><div id=\"e316b14eefe4986b8\" class=\"panel-collapse collapse \" aria-labelledby=\"toggle_e316b14eefe4986b8\"><div class=\"panel-body toggle-content fusion-clearfix\">\n<p>Orthop\u00e4dische Schuhe sind Hilfsmittel, die von den gesetzlichen Krankenversicherungstr\u00e4gern finanziert werden. Bei entsprechender Indikation wird Ihnen Ihr Facharzt (z.B. Orthop\u00e4de, Diabetologe) ein Rezept f\u00fcr Orthop\u00e4dische Ma\u00dfschuhe ausstellen.<\/p>\n<p><strong>Wer zahlt orthop\u00e4dische Ma\u00dfschuhe? \u00dcbernimmt die Krankenkasse die Kosten?<\/strong><br \/>\nDie gesetzliche Krankenkasse \u00fcbernimmt weitgehend die Kosten dieses medizinischen Hilfsmittels. Allerdings zahlen die unterschiedlichen Kassen f\u00fcr die gleiche Leistung sehr unterschiedlich \u2013 es gibt keine einheitlichen Preislisten.<br \/>\nSie als Patient zahlen lediglich einen Eigenanteil, der dem Kaufpreis f\u00fcr Konfektionsschuhe in etwa entspricht. Neben der Rezeptgeb\u00fchr von 10 \u20ac sind das im Moment f\u00fcr Stra\u00dfenschuhe 76 \u20ac und f\u00fcr Hausschuhe 40 \u20ac. Je nach Ausf\u00fchrung und bei Sonderw\u00fcnschen, was Material oder Machart angeht, erh\u00f6hen sich die Zuzahlungen f\u00fcr Sie.<\/p>\n<h4><strong>Welche Ausstattung steht mir zu?<\/strong><\/h4>\n<p><strong>Grundausstattung \/ Erstversorgung:<\/strong><br \/>\nDie Erstversorgung umfasst in der Regel:<br \/>\n\u2022 ein Paar Stra\u00dfenschuhe<br \/>\n\u2022 ein Paar Ersatzschuhe und<br \/>\n\u2022 ein Paar Hausschuhe<br \/>\nDie gesetzliche Basis finden sie auf der Internet-Seite des Bundesministeriums der Justiz (Link: http:\/\/www.gesetze-im-internet.de\/bundesrecht\/orthv\/gesamt.pdf)<\/p>\n<p><strong>Ersatzbeschaffung \/ Nachversorgung:<\/strong><br \/>\nNach der Erstausstattung kommt eine Ersatzbeschaffung grunds\u00e4tzlich nach zwei Jahren in Betracht. Die Hausschuhe sollten jedoch l\u00e4nger halten. Hier erhalten Sie erst nach vier Jahren ein neues Paar. Nur in Verbindung mit individuellen Rehabilitationstherapien erhalten Sie auch orthop\u00e4dische Turnschuhe oder Badeschuhe. Welche orthop\u00e4dischen Ma\u00dfschuhe Sie nun ben\u00f6tigen &#8211; das entscheidet Ihr Orthop\u00e4de.<\/p>\n<\/div><\/div><\/div><\/div><\/div><div class=\"fusion-clearfix\"><\/div><\/div><\/div><div class=\"fusion-layout-column fusion_builder_column fusion-builder-column-2 fusion_builder_column_1_4 1_4 fusion-one-fourth fusion-column-last\" style=\"--awb-bg-size:cover;width:25%;width:calc(25% - ( ( 4% ) * 0.25 ) );\"><div class=\"fusion-column-wrapper fusion-flex-column-wrapper-legacy\"><div class=\"fusion-content-boxes content-boxes columns row fusion-columns-1 fusion-columns-total-1 fusion-content-boxes-1 content-boxes-clean-vertical content-left content-boxes-icon-on-top\" style=\"--awb-backgroundcolor:rgba(1,130,172,0.08);--awb-body-color:#000000;--awb-title-color:#0182ac;--awb-margin-top:0px;--awb-margin-bottom:0px;--awb-hover-accent-color:#a0ce4e;--awb-circle-hover-accent-color:#a0ce4e;--awb-item-margin-bottom:40px;\" data-animationOffset=\"top-into-view\"><div style=\"--awb-backgroundcolor:rgba(1,130,172,0.08);border-color:rgba(255,255,255,0);\" class=\"fusion-column content-box-column content-box-column content-box-column-1 col-lg-12 col-md-12 col-sm-12 fusion-content-box-hover content-box-column-last content-box-column-last-in-row\"><div class=\"col content-box-wrapper content-wrapper-background link-area-link-icon icon-hover-animation-fade\" data-animationOffset=\"top-into-view\"><div class=\"heading icon-left\"><h2 class=\"content-box-heading\" style=\"--h2_typography-font-size:18px;line-height:23px;\">Unsere Adresse:<\/h2><\/div><div class=\"fusion-clearfix\"><\/div><div class=\"content-container\">\n<p>Badtorstra\u00dfe 16<br \/>\n71711 Steinheim\/Murr<br \/>\nTel.: 0 71 44 \/ 2 48 35<br \/>\nFax: 0 71 44 \/ 20 94 10<br \/>\n<a href=\"mailto:post@burkholz-orthopaedie.de\">post@burkholz-orthopaedie.de<\/a><\/p>\n<\/div><\/div><\/div><div class=\"fusion-clearfix\"><\/div><\/div><div class=\"fusion-content-boxes content-boxes columns row fusion-columns-1 fusion-columns-total-1 fusion-content-boxes-2 content-boxes-clean-vertical content-left content-boxes-icon-on-top\" style=\"--awb-backgroundcolor:rgba(1,130,172,0.08);--awb-body-color:#000000;--awb-title-color:#0182ac;--awb-margin-top:0px;--awb-margin-bottom:0px;--awb-hover-accent-color:#a0ce4e;--awb-circle-hover-accent-color:#a0ce4e;--awb-item-margin-bottom:40px;\" data-animationOffset=\"top-into-view\"><div style=\"--awb-backgroundcolor:rgba(1,130,172,0.08);border-color:rgba(255,255,255,0);\" class=\"fusion-column content-box-column content-box-column content-box-column-1 col-lg-12 col-md-12 col-sm-12 fusion-content-box-hover content-box-column-last content-box-column-last-in-row\"><div class=\"col content-box-wrapper content-wrapper-background link-area-link-icon icon-hover-animation-fade\" data-animationOffset=\"top-into-view\"><div class=\"heading icon-left\"><h2 class=\"content-box-heading\" style=\"--h2_typography-font-size:18px;line-height:23px;\">Unsere \u00d6ffnungzeiten:<\/h2><\/div><div class=\"fusion-clearfix\"><\/div><div class=\"content-container\">\n<p><strong>Montag \u2013 Freitag<\/strong><br \/>\n08:00 \u2013 12:30 Uhr<br \/>\n14:30 \u2013 18:00 Uhr<br \/>\n<strong>Samstag<\/strong><br \/>\n09:00 \u2013 12:30 Uhr<\/p>\n<p>Mittwochnachmittag geschlossen<br \/>\nTermine nach Vereinbarung<\/p>\n<\/div><\/div><\/div><div class=\"fusion-clearfix\"><\/div><\/div><div class=\"fusion-clearfix\"><\/div><\/div><\/div><\/div><\/div><\/p>\n","protected":false},"excerpt":{"rendered":"","protected":false},"author":1,"featured_media":0,"parent":0,"menu_order":0,"comment_status":"closed","ping_status":"closed","template":"","meta":{"footnotes":""},"class_list":["post-164","page","type-page","status-publish","hentry"],"_links":{"self":[{"href":"https:\/\/burkholz-orthopaedie.de\/index.php?rest_route=\/wp\/v2\/pages\/164","targetHints":{"allow":["GET"]}}],"collection":[{"href":"https:\/\/burkholz-orthopaedie.de\/index.php?rest_route=\/wp\/v2\/pages"}],"about":[{"href":"https:\/\/burkholz-orthopaedie.de\/index.php?rest_route=\/wp\/v2\/types\/page"}],"author":[{"embeddable":true,"href":"https:\/\/burkholz-orthopaedie.de\/index.php?rest_route=\/wp\/v2\/users\/1"}],"replies":[{"embeddable":true,"href":"https:\/\/burkholz-orthopaedie.de\/index.php?rest_route=%2Fwp%2Fv2%2Fcomments&post=164"}],"version-history":[{"count":5,"href":"https:\/\/burkholz-orthopaedie.de\/index.php?rest_route=\/wp\/v2\/pages\/164\/revisions"}],"predecessor-version":[{"id":401,"href":"https:\/\/burkholz-orthopaedie.de\/index.php?rest_route=\/wp\/v2\/pages\/164\/revisions\/401"}],"wp:attachment":[{"href":"https:\/\/burkholz-orthopaedie.de\/index.php?rest_route=%2Fwp%2Fv2%2Fmedia&parent=164"}],"curies":[{"name":"wp","href":"https:\/\/api.w.org\/{rel}","templated":true}]}}